{"id":1442,"date":"2026-01-20T12:08:23","date_gmt":"2026-01-20T12:08:23","guid":{"rendered":"https:\/\/bonuskongcasino.com\/app-2\/"},"modified":"2026-04-14T09:14:59","modified_gmt":"2026-04-14T08:14:59","slug":"app","status":"publish","type":"page","link":"https:\/\/thelamalucky.net\/de\/app\/","title":{"rendered":"App"},"content":{"rendered":"<h1>Lamalucky App Casino<\/h1>\n<p>Wenn Sie mehr als 6.000 Spiele spielen und an den Turnieren unseres Casinos teilnehmen m\u00f6chten, sollten Sie die Lamalucky App ausprobieren. Wir sind hier, um Ihnen ein hochwertiges Online-Erlebnis zu bieten, das so bequem und innovativ wie m\u00f6glich sein soll. Die App bietet die M\u00f6glichkeit, Lieblingsspiele mobil zu spielen \u2013 ohne Kabel, ohne zu Hause festsitzen zu m\u00fcssen. Wir setzen auf die neuesten Technologien und h\u00f6chste Sicherheit. Unser mobiles Casino ist f\u00fcr unsere Spieler unverzichtbar, da wir ein reibungsloses, zuverl\u00e4ssiges Spielerlebnis auf jedem Ger\u00e4t bieten.<\/p>\n<div class=\"banner-wrap\" aria-label=\"Banner\"><img src=\"https:\/\/thelamalucky.net\/wp-content\/uploads\/2026\/04\/Lamalucky-banner-carousel.webp\" class=\"w-100 d-none d-lg-block img-pc main-banner-img\" alt=\"Lamalucky banner carousel\" fetchpriority=\"high\" decoding=\"async\"><img src=\"https:\/\/thelamalucky.net\/wp-content\/uploads\/2026\/04\/lamalucky-banner-mobile.webp\" class=\"w-100 d-none d-md-block d-lg-none main-banner-img\" alt=\"lamalucky banner mobile\" fetchpriority=\"high\" decoding=\"async\"><img src=\"https:\/\/thelamalucky.net\/wp-content\/uploads\/2026\/04\/lamalucky-banner-mobile.webp\" class=\"w-100 d-md-none\" alt=\"lamalucky banner mobile\" fetchpriority=\"high\" decoding=\"async\"><div class=\"banner-description\">\n<div class=\"banner-title\">Willkommensboni<\/div>\n<p class=\"banner-header-title\">1500 \u20ac<\/p>\n<div class=\"banner-header-AdditionalText\">+ 250 Freispiele<\/div>\n<button data-item=\"homepage_banner_link\" class=\"goto m-button m-gradient-border m-button--primary m-button--large banner-button btn-orange\">\n            <div class=\"m-button-content\">\n                <span>Jetzt anmelden<\/span>\n                <span><\/span>\n            <\/div>\n        <\/button>\n<\/div>\n<div class=\"WelcomePack\">\n<p><img loading=\"lazy\" decoding=\"async\" class=\"alignnone size-full wp-image-1893\" src=\"https:\/\/thelamalucky.net\/wp-content\/uploads\/2026\/04\/welcome-crown.png\" alt=\"welcome crown\" width=\"25\" height=\"26\" \/><\/p>\n<div class=\"WelcomePack-Info\">W\u00f6chentlicher Cashback von bis zu 25 %<\/div>\n<p><img loading=\"lazy\" decoding=\"async\" class=\"alignnone size-full wp-image-1893\" src=\"https:\/\/thelamalucky.net\/wp-content\/uploads\/2026\/04\/welcome-crown.png\" alt=\"welcome crown\" width=\"25\" height=\"26\" \/><\/p>\n<\/div>\n<\/div>\n<h2>Funktionen der Lamalucky App<\/h2>\n<p>Die Lama Lucky App ist einzigartig, da sie benutzerfreundlich ist und \u00fcber einige ausgefeilte Funktionen verf\u00fcgt, die das mobile Erlebnis zu etwas Besonderem und Hochwertigem machen. Sie bietet jederzeit sofortigen Zugriff auf eine gro\u00dfe Auswahl an Online-Slot-Spielen. Und wie sieht es mit Live-Casino-Spielen aus? Selbstverst\u00e4ndlich sind auch diese verf\u00fcgbar. Auch alle Kartenspiele des Lamalucky Casinos stehen zur Verf\u00fcgung. Alles ist f\u00fcr Touchscreens optimiert. Die reaktionsschnelle Benutzeroberfl\u00e4che der App sorgt daf\u00fcr, dass sie schnell l\u00e4dt, sich leicht navigieren l\u00e4sst und auch bei hohem Internetverkehr m\u00fchelos zu bedienen ist.<\/p>\n<p>Automatische Updates geh\u00f6ren zu den wichtigsten Vorteilen der App. Das bedeutet, dass den Spielern keine einzige Funktion oder Sicherheitsverbesserung entgeht, da diese jedes Mal automatisch aktualisiert werden. Es gibt mehrere Gr\u00fcnde, warum Sie unsere Lamalucky App genie\u00dfen k\u00f6nnen:<\/p>\n<ul>\n<li>Sie kann auf verschiedenen Browsern und Ger\u00e4ten genutzt werden und schr\u00e4nkt Spieler daher nicht durch Betriebssysteme oder Hardware-Einschr\u00e4nkungen ein.<\/li>\n<li>Die App ist sehr ressourcenschonend und belastet weder den Speicherplatz noch den Akku der Ger\u00e4te, w\u00e4hrend sie ein nahtloses Spielerlebnis bietet.<\/li>\n<li>Au\u00dferdem verf\u00fcgt das Lamalucky Casino \u00fcber integrierte Support-Funktionen wie einen Live-Chat und die M\u00f6glichkeit, direkt mit dem Support-Team in Kontakt zu treten, sodass Probleme leichter gel\u00f6st und Fragen gekl\u00e4rt werden k\u00f6nnen.<\/li>\n<li>Die App erleichtert zudem den Verifizierungsprozess, da sich der Spieler schnell und diskret identifizieren kann und die Sicherheit seiner Daten jederzeit gew\u00e4hrleistet ist.<\/li>\n<\/ul>\n<p><div class=\"scrollable-content-wrap my-5\"><div class=\"scrollable-content-inner\"><h2>Lamalucky App f\u00fcr Android<\/h2>\n<p>Lamalucky ist eine Android-basierte Anwendung, die alle wichtigen Funktionen wie Live Chat, Transaktionen und Kontoverwaltung bietet, ohne die Sicherheit zu beeintr\u00e4chtigen. F\u00fcr ein reibungsloses Spielerlebnis empfehlen wir Android-Ger\u00e4te mit der Betriebssystemversion 7\u20138 oder h\u00f6her. Wie Sie sehen, ist die App auf einer Vielzahl von Smartphones verf\u00fcgbar.<\/p>\n<p>Die Lamalucky App l\u00e4sst sich einfach und effizient auf Android-Ger\u00e4ten installieren. Die Schritte sind:<\/p>\n<ol>\n<li>Navigieren Sie zur Hauptseite von Lama Lucky Casino.<\/li>\n<li>Scrollen Sie bis zum Ende der Seite, bis Sie die Schaltfl\u00e4che \u201eCasino App\u201c sehen.<\/li>\n<li>Klicken Sie auf \u201eInstallieren\u201c und schlie\u00dfen Sie den Download-Vorgang ab.<\/li>\n<li>Gehen Sie in Ihren Posteingang, um die Best\u00e4tigungs-E-Mail von Lamalucky Casino zu finden.<\/li>\n<li>Schlie\u00dfen Sie den Registrierungsprozess ab, indem Sie den einfachen Anweisungen auf unserer Plattform folgen.<\/li>\n<\/ol>\n<p>Und schon sind Sie fertig \u2013 einfach und umfassend. Keine unbekannten Quellen, kein Herunterladen von Dateien auf Ihr Ger\u00e4t durch Antippen der bereitgestellten Links, kein \u00c4rger wie bei APK-Dateien \u2013 nichts Verd\u00e4chtiges.<\/p>\n<p>Nach der Installation erscheint das Lamalucky App Symbol auf Ihrem Startbildschirm und bietet Ihnen direkten Zugriff auf Ihre gesamte Spielebibliothek. Die App verf\u00fcgt \u00fcber eine einfache Benutzeroberfl\u00e4che, die auf die Touchscreen-Funktionalit\u00e4t des Android-Systems abgestimmt ist, um den Nutzern ein optimiertes und interaktives Spielerlebnis zu bieten.<\/p>\n<h2>Warum Lama Lucky PWA statt APK w\u00e4hlen<\/h2>\n<p>Lamalucky Casino entscheidet sich aus vielen Gr\u00fcnden f\u00fcr eine Progressive Web App (PWA) als prim\u00e4re mobile Option. Im Gegensatz zu herk\u00f6mmlichen APK-Dateien oder nativen Apps erhalten Sie mit einer PWA eine innovative L\u00f6sung, die den Akku Ihres Smartphones schont und nur die besten Eigenschaften der Webversion vereint. Sie k\u00f6nnen coole Grafiken, tollen Sound usw. sowie eine mobile Anwendung genie\u00dfen \u2013 leicht, schnell, portabel und automatisch aktualisiert.<\/p>\n<p>Die Entscheidung von Lamalucky, eine PWA zu implementieren, beruht auf mehreren Vorteilen. \u00dcberzeugen Sie sich selbst:<\/p>\n<ul>\n<li>Sie ist extrem leicht. Wenn Sie nachsehen, wie viel Speicherplatz sie auf Ihrem Smartphone belegt, werden Sie \u00fcberrascht sein, dass es fast null ist.<\/li>\n<li>Wir verl\u00e4ngern damit die Akkulaufzeit, da sie den Akku schont, selbst wenn Sie Live-Casino-Spiele spielen.<\/li>\n<li>Sie ist mit allen Ger\u00e4ten und Betriebssystemen kompatibel, sodass keine separaten App-Versionen f\u00fcr Android oder iOS erforderlich sind.<\/li>\n<li>Und noch etwas \u2013 wir bei Lamalucky Casino integrieren die neuesten und fortschrittlichsten Sicherheitsfunktionen in die PWA, wie TLS 1.3 und DDoS.<\/li>\n<\/ul>\n<p><img loading=\"lazy\" decoding=\"async\" class=\"alignnone size-full wp-image-1912\" src=\"https:\/\/thelamalucky.net\/wp-content\/uploads\/2026\/04\/lamalucky-Android-App.webp\" alt=\"lamalucky Android App\" width=\"1248\" height=\"536\" srcset=\"https:\/\/thelamalucky.net\/wp-content\/uploads\/2026\/04\/lamalucky-Android-App.webp 1248w, https:\/\/thelamalucky.net\/wp-content\/uploads\/2026\/04\/lamalucky-Android-App-300x129.webp 300w, https:\/\/thelamalucky.net\/wp-content\/uploads\/2026\/04\/lamalucky-Android-App-1024x440.webp 1024w, https:\/\/thelamalucky.net\/wp-content\/uploads\/2026\/04\/lamalucky-Android-App-768x330.webp 768w\" sizes=\"(max-width: 1248px) 100vw, 1248px\" \/><\/p>\n<\/div><\/div><div style=\"clear: both\"><\/div><div class=\"d-flex justify-content-center\"><button data-item=\"decouvrez_link\" data-group=\"website_links\" class=\"goto fw-bold rounded-pill btn btn-orange\" aria-label=\"Laden Sie die Lamalucky-App herunter\" >Laden Sie die Lamalucky-App herunter<\/button><\/div><div class=\"scrollable-content-wrap my-5\"><div class=\"scrollable-content-inner\"><h2>Lamalucky App f\u00fcr iOS<\/h2>\n<p>Auch diejenigen, die Apple-Produkte besitzen, m\u00fcssen nicht traurig sein. iPhone- und iPad-Nutzer haben eine einzigartige Lamalucky-PWA, die mit all Ihren Ger\u00e4ten kompatibel ist, einschlie\u00dflich Tablets. Wenn Sie sie erhalten m\u00f6chten, m\u00fcssen Sie lediglich zu Lama Lucky gehen und in den Einstellungen Ihres Safari-Browsers die Schaltfl\u00e4che \u201eZum Startbildschirm hinzuf\u00fcgen\u201c finden. Ganz einfach!<\/p>\n<p>Es handelt sich um eine f\u00fcr iOS optimierte Anwendung, die ein schnelles, sicheres und unkompliziertes Spielerlebnis bietet.<\/p>\n<p>Die iOS-Anwendung ist durch die Verwendung von TLS-Verschl\u00fcsselung hochgradig gesichert, um pers\u00f6nliche und finanzielle Daten zu sch\u00fctzen. Kundenservices wie der Lamalucky Casino Live Chat und das Support Team stehen bereit, sodass Spieler bei Bedarf jederzeit auf den Kundenservice zugreifen k\u00f6nnen.<\/p>\n<p>F\u00fcr zus\u00e4tzliche Sicherheit sind Touch ID und Face ID aktiviert, was die Kontosicherheit bei jeder Anmeldung erh\u00f6ht. Das \u00fcbersichtliche Design erm\u00f6glicht eine einfache und effiziente Navigation durch die umfangreiche Spielbibliothek, Ein- und Auszahlungen sowie andere Werbeaktionen.<\/p>\n<p><img loading=\"lazy\" decoding=\"async\" class=\"alignnone size-full wp-image-1936\" src=\"https:\/\/thelamalucky.net\/wp-content\/uploads\/2026\/04\/lamalucky-iOS-App.webp\" alt=\"lamalucky iOS App\" width=\"1248\" height=\"536\" srcset=\"https:\/\/thelamalucky.net\/wp-content\/uploads\/2026\/04\/lamalucky-iOS-App.webp 1248w, https:\/\/thelamalucky.net\/wp-content\/uploads\/2026\/04\/lamalucky-iOS-App-300x129.webp 300w, https:\/\/thelamalucky.net\/wp-content\/uploads\/2026\/04\/lamalucky-iOS-App-1024x440.webp 1024w, https:\/\/thelamalucky.net\/wp-content\/uploads\/2026\/04\/lamalucky-iOS-App-768x330.webp 768w\" sizes=\"(max-width: 1248px) 100vw, 1248px\" \/><\/p>\n<\/div><\/div><div style=\"clear: both\"><\/div><div class=\"d-flex justify-content-center\"><button data-item=\"decouvrez_link\" data-group=\"website_links\" class=\"goto fw-bold rounded-pill btn btn-orange\" aria-label=\"Laden Sie die Lamalucky-App herunter\" >Laden Sie die Lamalucky-App herunter<\/button><\/div><div class=\"scrollable-content-wrap my-5\"><div class=\"scrollable-content-inner\"><h2>Lama Lucky Casino Desktop-Version<\/h2>\n<p>Obwohl das mobile Casino unvergleichlichen Komfort bietet, ist die Desktop-Version von Lamalucky ebenfalls eine zuverl\u00e4ssige Option f\u00fcr diejenigen, die lieber am Computer spielen m\u00f6chten. Die Desktop-Plattform bietet eine umfassende Auswahl an benutzerfreundlichen Funktionen sowie dasselbe breite Angebot an Online Slots, Live-Dealer-Tischen und Sofortspielen.<\/p>\n<table>\n<tbody>\n<tr>\n<td>Funktion<\/td>\n<td>Details<\/td>\n<\/tr>\n<tr>\n<td>Benutzeroberfl\u00e4che und Kompatibilit\u00e4t<\/td>\n<td>Passt sich an alle Bildschirmgr\u00f6\u00dfen und Aufl\u00f6sungen an und bietet sowohl auf Mac- als auch auf Windows-Systemen das gleiche Erlebnis.<\/td>\n<\/tr>\n<tr>\n<td>Schnellzugriff<\/td>\n<td>Spieler haben die M\u00f6glichkeit, Verkn\u00fcpfungen auf ihrem Desktop zu erstellen, um schnell darauf zuzugreifen, sodass sie nicht immer wieder den Browser aufrufen m\u00fcssen.<\/td>\n<\/tr>\n<tr>\n<td>Unterst\u00fctzte Funktionen<\/td>\n<td>Unterst\u00fctzt alle Funktionen, einschlie\u00dflich des Verifizierungsverfahrens, des Live-Chat-Kundenservices und sicherer Zahlungsoptionen.<\/td>\n<\/tr>\n<\/tbody>\n<\/table>\n<p>Die Desktop-Version von Lamalucky Casino legt den Schwerpunkt auf Stabilit\u00e4t und reibungslose Leistung. Sie k\u00f6nnen sich auch auf eine hohe Leistungsf\u00e4higkeit bei umfangreichen Spielaktivit\u00e4ten und Transaktionen verlassen. Die Lamalucky App verf\u00fcgt \u00fcber dieselben hohen Sicherheitsstandards, sodass die Daten der Nutzer bei keiner Interaktion gef\u00e4hrdet sind.<\/p>\n<h3>Sicherheit und Fairplay<\/h3>\n<p>Lamalucky Casino legt gro\u00dfen Wert auf Sicherheit und Fairness. Alle Transaktionen werden \u00fcber TLS 1.3 verschl\u00fcsselt. Sie k\u00f6nnen sicher sein, dass Ihre pers\u00f6nlichen und finanziellen Daten vertraulich bleiben. Die Website verf\u00fcgt \u00fcber hochmoderne Sicherheitssysteme zum Schutz vor unbefugtem Zugriff, Bots, Phishing und Datenlecks.<\/p>\n<p>Alle Ergebnisse der Online-Slots und Spiele bei Lamalucky werden durch zertifizierte Zufallsgeneratoren gew\u00e4hrleistet. Das Casino unterliegt zudem strengen Lizenz- und Regulierungsstandards, die Transparenz und Integrit\u00e4t bei allen Abl\u00e4ufen garantieren. Spieler k\u00f6nnen sich darauf verlassen, dass der Kundendienst per Live-Chat erreichbar ist und bei allen Problemen sowie bei Fragen zur Sicherheit oder Fairness behilflich ist.<\/p>\n<p><img loading=\"lazy\" decoding=\"async\" class=\"alignnone size-full wp-image-1928\" src=\"https:\/\/thelamalucky.net\/wp-content\/uploads\/2026\/04\/lamalucky-Desktop.webp\" alt=\"lamalucky Desktop\" width=\"1248\" height=\"536\" srcset=\"https:\/\/thelamalucky.net\/wp-content\/uploads\/2026\/04\/lamalucky-Desktop.webp 1248w, https:\/\/thelamalucky.net\/wp-content\/uploads\/2026\/04\/lamalucky-Desktop-300x129.webp 300w, https:\/\/thelamalucky.net\/wp-content\/uploads\/2026\/04\/lamalucky-Desktop-1024x440.webp 1024w, https:\/\/thelamalucky.net\/wp-content\/uploads\/2026\/04\/lamalucky-Desktop-768x330.webp 768w\" sizes=\"(max-width: 1248px) 100vw, 1248px\" \/><\/p>\n<\/div><\/div><div style=\"clear: both\"><\/div><div class=\"d-flex justify-content-center\"><button data-item=\"decouvrez_link\" data-group=\"website_links\" class=\"goto fw-bold rounded-pill btn btn-orange\" aria-label=\"Laden Sie die Lamalucky-App herunter\" >Laden Sie die Lamalucky-App herunter<\/button><\/div><div class=\"scrollable-content-wrap my-5\"><div class=\"scrollable-content-inner\"><h2>FAQ<\/h2>\n<h3>Was sind die Mindestsystemanforderungen f\u00fcr die App?<\/h3>\n<p>Sie sollten wissen, dass sehr alte Handys mit Tasten die Lama Lucky App nicht ausf\u00fchren k\u00f6nnen, aber mit allen neuen Smartphones werden Sie keinerlei Probleme haben! Die Anwendung ben\u00f6tigt entweder Android 8.0 oder h\u00f6her oder iOS 12.0 oder h\u00f6her. Der Arbeitsspeicher sollte mindestens 2 GB betragen, und die Internetverbindung muss stabil sein, um die maximale Leistung des Ger\u00e4ts zu gew\u00e4hrleisten.<\/p>\n<h3>Wie installiere ich die APK-Datei auf meinem Android-Ger\u00e4t?<\/h3>\n<p>Wir unterst\u00fctzen den Download von APK-Dateien nicht. Wir haben eine tolle, neue Version der PWA, die weder heruntergeladen werden muss noch Speicherplatz auf deinem Handy beansprucht, wie es bei herk\u00f6mmlichen APKs der Fall ist. Probier sie aus und lass uns im Live-Chat wissen, ob dir unsere Lamalucky App gef\u00e4llt.<\/p>\n<h3>Kann ich mein bestehendes Konto in der mobilen App verwenden?<\/h3>\n<p>Ja, Spieler k\u00f6nnen sich auch mit denselben Anmeldedaten f\u00fcr ihr Lamalucky Casino Konto anmelden. Unsere Datenschutzerkl\u00e4rung besagt, dass Sie nicht mehrere Konten erstellen sollten, da dies gegen die Regeln von Lamalucky verst\u00f6\u00dft. Die Synchronisierung aller Kontoinformationen, Guthaben und Spielverl\u00e4ufe erfolgt plattform\u00fcbergreifend.<\/p>\n<h3>Gibt es einen Unterschied zwischen der App- und der Browser-Version?<\/h3>\n<p>Technisch gesehen gibt es keine Unterschiede zwischen unserer Lama Lucky App und der Vollversion \u2013 der gesamte Spielekatalog, das Dashboard und die Finanztransaktionen sind identisch. Wie du nun wei\u00dft, sind alle in der Browser-Version verf\u00fcgbaren Funktionen auch \u00fcber die App zug\u00e4nglich.<\/p>\n<\/div><\/div><\/p>\n","protected":false},"excerpt":{"rendered":"<p>Lamalucky App Casino Wenn Sie mehr als 6.000 Spiele spielen und an den Turnieren unseres Casinos teilnehmen m\u00f6chten, sollten Sie die Lamalucky App ausprobieren. Wir sind hier, um Ihnen ein hochwertiges Online-Erlebnis zu bieten, das so bequem und innovativ wie m\u00f6glich sein soll. Die App bietet die M\u00f6glichkeit, Lieblingsspiele mobil zu spielen \u2013 ohne Kabel, [&hellip;]<\/p>\n","protected":false},"author":1,"featured_media":0,"parent":0,"menu_order":0,"comment_status":"closed","ping_status":"closed","template":"template-builder.php","meta":{"_acf_changed":false,"inline_featured_image":false,"footnotes":""},"class_list":["post-1442","page","type-page","status-publish","hentry"],"acf":[],"yoast_head":"<!-- This site is optimized with the Yoast SEO plugin v24.4 - https:\/\/yoast.com\/wordpress\/plugins\/seo\/ -->\n<title>Lamalucky App | Offizielle App f\u00fcr Android &amp; iOS<\/title>\n<meta name=\"description\" content=\"Lamalucky App \u2013 hol dir die offizielle Casino-App f\u00fcr Android und iOS und genie\u00dfe nahtloses Gaming, wohin das Leben dich f\u00fchrt. Greife auf Ein-Tipp-Einzahlungen, anpassbare Benachrichtigungen und exklusive Mobile-Only-Aktionen mit Lama Lucky zu.\" \/>\n<meta name=\"robots\" content=\"index, follow, max-snippet:-1, max-image-preview:large, max-video-preview:-1\" \/>\n<link rel=\"canonical\" href=\"https:\/\/thelamalucky.net\/de\/app\/\" \/>\n<meta property=\"og:locale\" content=\"de_DE\" \/>\n<meta property=\"og:type\" content=\"article\" \/>\n<meta property=\"og:title\" content=\"Lamalucky App | Offizielle App f\u00fcr Android &amp; iOS\" \/>\n<meta property=\"og:description\" content=\"Lamalucky App \u2013 hol dir die offizielle Casino-App f\u00fcr Android und iOS und genie\u00dfe nahtloses Gaming, wohin das Leben dich f\u00fchrt. Greife auf Ein-Tipp-Einzahlungen, anpassbare Benachrichtigungen und exklusive Mobile-Only-Aktionen mit Lama Lucky zu.\" \/>\n<meta property=\"og:url\" content=\"https:\/\/thelamalucky.net\/de\/app\/\" \/>\n<meta property=\"og:site_name\" content=\"lamalucky\" \/>\n<meta property=\"article:modified_time\" content=\"2026-04-14T08:14:59+00:00\" \/>\n<meta name=\"twitter:card\" content=\"summary_large_image\" \/>\n<meta name=\"twitter:label1\" content=\"Gesch\u00e4tzte Lesezeit\" \/>\n\t<meta name=\"twitter:data1\" content=\"2\u00a0Minuten\" \/>\n<script type=\"application\/ld+json\" class=\"yoast-schema-graph\">{\"@context\":\"https:\/\/schema.org\",\"@graph\":[{\"@type\":\"WebPage\",\"@id\":\"https:\/\/thelamalucky.net\/de\/app\/\",\"url\":\"https:\/\/thelamalucky.net\/de\/app\/\",\"name\":\"Lamalucky App | Offizielle App f\u00fcr Android & iOS\",\"isPartOf\":{\"@id\":\"https:\/\/thelamalucky.net\/de\/#website\"},\"datePublished\":\"2026-01-20T12:08:23+00:00\",\"dateModified\":\"2026-04-14T08:14:59+00:00\",\"description\":\"Lamalucky App \u2013 hol dir die offizielle Casino-App f\u00fcr Android und iOS und genie\u00dfe nahtloses Gaming, wohin das Leben dich f\u00fchrt. Greife auf Ein-Tipp-Einzahlungen, anpassbare Benachrichtigungen und exklusive Mobile-Only-Aktionen mit Lama Lucky zu.\",\"breadcrumb\":{\"@id\":\"https:\/\/thelamalucky.net\/de\/app\/#breadcrumb\"},\"inLanguage\":\"de\",\"potentialAction\":[{\"@type\":\"ReadAction\",\"target\":[\"https:\/\/thelamalucky.net\/de\/app\/\"]}]},{\"@type\":\"BreadcrumbList\",\"@id\":\"https:\/\/thelamalucky.net\/de\/app\/#breadcrumb\",\"itemListElement\":[{\"@type\":\"ListItem\",\"position\":1,\"name\":\"Lamalucky\",\"item\":\"https:\/\/thelamalucky.net\/de\/\"},{\"@type\":\"ListItem\",\"position\":2,\"name\":\"App\"}]},{\"@type\":\"WebSite\",\"@id\":\"https:\/\/thelamalucky.net\/de\/#website\",\"url\":\"https:\/\/thelamalucky.net\/de\/\",\"name\":\"Lamalucky\",\"description\":\"\",\"publisher\":{\"@id\":\"https:\/\/thelamalucky.net\/de\/#organization\"},\"potentialAction\":[{\"@type\":\"SearchAction\",\"target\":{\"@type\":\"EntryPoint\",\"urlTemplate\":\"https:\/\/thelamalucky.net\/de\/?s={search_term_string}\"},\"query-input\":{\"@type\":\"PropertyValueSpecification\",\"valueRequired\":true,\"valueName\":\"search_term_string\"}}],\"inLanguage\":\"de\"},{\"@type\":\"Organization\",\"@id\":\"https:\/\/thelamalucky.net\/de\/#organization\",\"name\":\"Lamalucky\",\"url\":\"https:\/\/thelamalucky.net\/de\/\",\"logo\":{\"@type\":\"ImageObject\",\"inLanguage\":\"de\",\"@id\":\"https:\/\/thelamalucky.net\/de\/#\/schema\/logo\/image\/\",\"url\":\"https:\/\/thelamalucky.net\/wp-content\/uploads\/2026\/04\/lamalucky-favicon.png\",\"contentUrl\":\"https:\/\/thelamalucky.net\/wp-content\/uploads\/2026\/04\/lamalucky-favicon.png\",\"width\":28,\"height\":24,\"caption\":\"Lamalucky\"},\"image\":{\"@id\":\"https:\/\/thelamalucky.net\/de\/#\/schema\/logo\/image\/\"}}]}<\/script>\n<!-- \/ Yoast SEO plugin. -->","yoast_head_json":{"title":"Lamalucky App | Offizielle App f\u00fcr Android & iOS","description":"Lamalucky App \u2013 hol dir die offizielle Casino-App f\u00fcr Android und iOS und genie\u00dfe nahtloses Gaming, wohin das Leben dich f\u00fchrt. Greife auf Ein-Tipp-Einzahlungen, anpassbare Benachrichtigungen und exklusive Mobile-Only-Aktionen mit Lama Lucky zu.","robots":{"index":"index","follow":"follow","max-snippet":"max-snippet:-1","max-image-preview":"max-image-preview:large","max-video-preview":"max-video-preview:-1"},"canonical":"https:\/\/thelamalucky.net\/de\/app\/","og_locale":"de_DE","og_type":"article","og_title":"Lamalucky App | Offizielle App f\u00fcr Android & iOS","og_description":"Lamalucky App \u2013 hol dir die offizielle Casino-App f\u00fcr Android und iOS und genie\u00dfe nahtloses Gaming, wohin das Leben dich f\u00fchrt. Greife auf Ein-Tipp-Einzahlungen, anpassbare Benachrichtigungen und exklusive Mobile-Only-Aktionen mit Lama Lucky zu.","og_url":"https:\/\/thelamalucky.net\/de\/app\/","og_site_name":"lamalucky","article_modified_time":"2026-04-14T08:14:59+00:00","twitter_card":"summary_large_image","twitter_misc":{"Gesch\u00e4tzte Lesezeit":"2\u00a0Minuten"},"schema":{"@context":"https:\/\/schema.org","@graph":[{"@type":"WebPage","@id":"https:\/\/thelamalucky.net\/de\/app\/","url":"https:\/\/thelamalucky.net\/de\/app\/","name":"Lamalucky App | Offizielle App f\u00fcr Android & iOS","isPartOf":{"@id":"https:\/\/thelamalucky.net\/de\/#website"},"datePublished":"2026-01-20T12:08:23+00:00","dateModified":"2026-04-14T08:14:59+00:00","description":"Lamalucky App \u2013 hol dir die offizielle Casino-App f\u00fcr Android und iOS und genie\u00dfe nahtloses Gaming, wohin das Leben dich f\u00fchrt. Greife auf Ein-Tipp-Einzahlungen, anpassbare Benachrichtigungen und exklusive Mobile-Only-Aktionen mit Lama Lucky zu.","breadcrumb":{"@id":"https:\/\/thelamalucky.net\/de\/app\/#breadcrumb"},"inLanguage":"de","potentialAction":[{"@type":"ReadAction","target":["https:\/\/thelamalucky.net\/de\/app\/"]}]},{"@type":"BreadcrumbList","@id":"https:\/\/thelamalucky.net\/de\/app\/#breadcrumb","itemListElement":[{"@type":"ListItem","position":1,"name":"Lamalucky","item":"https:\/\/thelamalucky.net\/de\/"},{"@type":"ListItem","position":2,"name":"App"}]},{"@type":"WebSite","@id":"https:\/\/thelamalucky.net\/de\/#website","url":"https:\/\/thelamalucky.net\/de\/","name":"Lamalucky","description":"","publisher":{"@id":"https:\/\/thelamalucky.net\/de\/#organization"},"potentialAction":[{"@type":"SearchAction","target":{"@type":"EntryPoint","urlTemplate":"https:\/\/thelamalucky.net\/de\/?s={search_term_string}"},"query-input":{"@type":"PropertyValueSpecification","valueRequired":true,"valueName":"search_term_string"}}],"inLanguage":"de"},{"@type":"Organization","@id":"https:\/\/thelamalucky.net\/de\/#organization","name":"Lamalucky","url":"https:\/\/thelamalucky.net\/de\/","logo":{"@type":"ImageObject","inLanguage":"de","@id":"https:\/\/thelamalucky.net\/de\/#\/schema\/logo\/image\/","url":"https:\/\/thelamalucky.net\/wp-content\/uploads\/2026\/04\/lamalucky-favicon.png","contentUrl":"https:\/\/thelamalucky.net\/wp-content\/uploads\/2026\/04\/lamalucky-favicon.png","width":28,"height":24,"caption":"Lamalucky"},"image":{"@id":"https:\/\/thelamalucky.net\/de\/#\/schema\/logo\/image\/"}}]}},"_links":{"self":[{"href":"https:\/\/thelamalucky.net\/de\/wp-json\/wp\/v2\/pages\/1442"}],"collection":[{"href":"https:\/\/thelamalucky.net\/de\/wp-json\/wp\/v2\/pages"}],"about":[{"href":"https:\/\/thelamalucky.net\/de\/wp-json\/wp\/v2\/types\/page"}],"author":[{"embeddable":true,"href":"https:\/\/thelamalucky.net\/de\/wp-json\/wp\/v2\/users\/1"}],"replies":[{"embeddable":true,"href":"https:\/\/thelamalucky.net\/de\/wp-json\/wp\/v2\/comments?post=1442"}],"version-history":[{"count":4,"href":"https:\/\/thelamalucky.net\/de\/wp-json\/wp\/v2\/pages\/1442\/revisions"}],"predecessor-version":[{"id":2053,"href":"https:\/\/thelamalucky.net\/de\/wp-json\/wp\/v2\/pages\/1442\/revisions\/2053"}],"wp:attachment":[{"href":"https:\/\/thelamalucky.net\/de\/wp-json\/wp\/v2\/media?parent=1442"}],"curies":[{"name":"wp","href":"https:\/\/api.w.org\/{rel}","templated":true}]}}