{"id":1483,"date":"2026-01-20T12:11:11","date_gmt":"2026-01-20T12:11:11","guid":{"rendered":"https:\/\/bonuskongcasino.com\/login-and-registration\/"},"modified":"2026-04-14T09:04:12","modified_gmt":"2026-04-14T08:04:12","slug":"anmeldung-und-registrierung","status":"publish","type":"page","link":"https:\/\/thelamalucky.net\/de\/anmeldung-und-registrierung\/","title":{"rendered":"Anmeldung und Registrierung"},"content":{"rendered":"<h1>Lamalucky Anmeldung<\/h1>\n<p>Wenn Sie hier sind, um die exklusive Online-Welt unseres Casinos zu betreten, dann ist der Lamalucky Login genau das Richtige f\u00fcr Sie. Dies ist unser einzigartiger Zugang zur Welt der unterhaltsamen Spiele und einer breiten Auswahl an fantastischen Funktionen des Lama Lucky Casinos, die Sie nie vergessen werden. Wir bieten einen sicheren und effizienten Anmeldeprozess sowie mehrsprachigen Support, und unsere lieben Spieler k\u00f6nnen jederzeit ein sch\u00f6nes Online-Spiel genie\u00dfen, wenn ihnen danach ist.<\/p>\n<p><div class=\"banner-wrap\" aria-label=\"Banner\"><img src=\"https:\/\/thelamalucky.net\/wp-content\/uploads\/2026\/04\/Lamalucky-banner-carousel.webp\" class=\"w-100 d-none d-lg-block img-pc main-banner-img\" alt=\"Lamalucky banner carousel\" fetchpriority=\"high\" decoding=\"async\"><img src=\"https:\/\/thelamalucky.net\/wp-content\/uploads\/2026\/04\/lamalucky-banner-mobile.webp\" class=\"w-100 d-none d-md-block d-lg-none main-banner-img\" alt=\"lamalucky banner mobile\" fetchpriority=\"high\" decoding=\"async\"><img src=\"https:\/\/thelamalucky.net\/wp-content\/uploads\/2026\/04\/lamalucky-banner-mobile.webp\" class=\"w-100 d-md-none\" alt=\"lamalucky banner mobile\" fetchpriority=\"high\" decoding=\"async\"><div class=\"banner-description\">\n<div class=\"banner-title\">Willkommensboni<\/div>\n<p class=\"banner-header-title\">1500 \u20ac<\/p>\n<div class=\"banner-header-AdditionalText\">+ 250 Freispiele<\/div>\n<button data-item=\"homepage_banner_link\" class=\"goto m-button m-gradient-border m-button--primary m-button--large banner-button btn-orange\">\n            <div class=\"m-button-content\">\n                <span>Jetzt anmelden<\/span>\n                <span><\/span>\n            <\/div>\n        <\/button>\n<\/div>\n<div class=\"WelcomePack\">\n<p><img loading=\"lazy\" decoding=\"async\" class=\"alignnone size-full wp-image-1893\" src=\"https:\/\/thelamalucky.net\/wp-content\/uploads\/2026\/04\/welcome-crown.png\" alt=\"welcome crown\" width=\"25\" height=\"26\" \/><\/p>\n<div class=\"WelcomePack-Info\">W\u00f6chentlicher Cashback von bis zu 25 %<\/div>\n<p><img loading=\"lazy\" decoding=\"async\" class=\"alignnone size-full wp-image-1893\" src=\"https:\/\/thelamalucky.net\/wp-content\/uploads\/2026\/04\/welcome-crown.png\" alt=\"welcome crown\" width=\"25\" height=\"26\" \/><\/p>\n<\/div>\n<\/div><div class=\"scrollable-content-wrap my-5\"><div class=\"scrollable-content-inner\"><h2>Lamalucky Registrierungsverfahren<\/h2>\n<p>Die Erstellung eines Kontos bei Lamalucky Casino bietet eine Vielzahl von M\u00f6glichkeiten, wie zum Beispiel Zugang zu exklusiven Boni, Kontoverwaltung und einer gro\u00dfen Spielebibliothek. Die Registrierung ist einfach. Wir bem\u00fchen uns, sie f\u00fcr alle Nutzer sicher und bequem zu gestalten. Es ist einfach, ein Konto zu erstellen, und Sie k\u00f6nnen dies ganz ohne Hilfe tun.<\/p>\n<p>Sobald die Registrierung abgeschlossen ist, k\u00f6nnen Spieler in ihrem Lama Lucky Dashboard Geld einzahlen, von Aktionen profitieren und ihren Spielverlauf einsehen.<\/p>\n<p>Woher wissen Sie, wann die Registrierung abgeschlossen ist und alles einwandfrei funktioniert?<\/p>\n<ul>\n<li>Sie haben Ihre E-Mail-Adresse und Ihr Passwort als gespeicherte Anmeldedaten f\u00fcr die Lamalucky Anmeldung.<\/li>\n<li>Sie haben Ihre Ein- und Auszahlungsmethoden in Ihrem Lama Lucky Profil hinterlegt.<\/li>\n<li>Sie haben den KYC-Prozess \u2013 unsere interne Verifizierung \u2013 bestanden.<\/li>\n<\/ul>\n<p>Bevor Sie Ihre erste Einzahlung auf unserer Plattform vornehmen, m\u00fcssen Sie unsere Regeln f\u00fcr verantwortungsbewusstes Spielen beachten und die Verifizierung bestehen, da dies der Weg ist, sich selbst und andere Spieler zu sch\u00fctzen. Lamalucky Casino legt gro\u00dfen Wert auf Datensicherheit. Wir verwenden hochentwickelte Verschl\u00fcsselungsalgorithmen, um die Daten der Nutzer zu sch\u00fctzen. Nach der Registrierung haben Spieler die M\u00f6glichkeit, ihre Konten m\u00fchelos zu verwalten, Support-Dienste in Anspruch zu nehmen und das Beste aus der Plattform herauszuholen.<\/p>\n<h2>Anmeldeverfahren bei Lamalucky<\/h2>\n<p>Nachdem Sie sich endlich registriert haben, ist es h\u00f6chste Zeit f\u00fcr Ihre erste Lamalucky Anmeldung! Der Anmeldevorgang f\u00fcr Ihr Konto ist schnell und sicher. Die Nutzer m\u00fcssen lediglich die folgenden Schritte ausf\u00fchren:<\/p>\n<ol>\n<li>\u00d6ffnen Sie eine beliebige Seite von Lama Lucky Casino.<\/li>\n<li>Klicken Sie oben rechts auf die Schaltfl\u00e4che \u201eAnmelden\u201c.<\/li>\n<li>Geben Sie Ihre E-Mail-Adresse und Ihr gespeichertes Passwort ein.<\/li>\n<li>Alternativ k\u00f6nnen Sie sich mit einem Social-Media-Konto wie Google anmelden, was den Anmeldevorgang vereinfacht, ohne die Sicherheit zu beeintr\u00e4chtigen.<\/li>\n<\/ol>\n<p>Nachdem sich die Spieler angemeldet haben, k\u00f6nnen sie mit ihren Konten eine Reihe von Aktionen durchf\u00fchren, wie zum Beispiel Geld einzahlen, ihre Gewinne auszahlen lassen, Kontoeinstellungen \u00e4ndern und sogar Live-Casino-Spiele spielen. Die Plattform bietet TLS 1.3-Verschl\u00fcsselung f\u00fcr alle Transaktionen und gew\u00e4hrleistet so die Integrit\u00e4t der Benutzerdaten und Finanzinformationen. Au\u00dferdem gibt es eine benutzerfreundliche Lamalucky-Oberfl\u00e4che, die die Navigation durch das gesamte Spielangebot m\u00fchelos macht.<\/p>\n<h3>Autorisierung der Lama Lucky App<\/h3>\n<p>Die Anmeldung \u00fcber Ihr Smartphone funktioniert im Grunde genauso. Sehen Sie sich an, was f\u00fcr eine erfolgreiche Lamalucky Anmeldung erforderlich ist und welche Vorteile Sie davon haben:<\/p>\n<table>\n<tbody>\n<tr>\n<td>Anforderungen f\u00fcr die mobile Anmeldung<\/td>\n<td>Funktionen und Vorteile<\/td>\n<\/tr>\n<tr>\n<td>Unterst\u00fctzte mobile Ger\u00e4te (Smartphones, Tablets)<\/td>\n<td>Erm\u00f6glicht jederzeit einfachen Zugriff und sorgt so f\u00fcr mehr Komfort.<\/td>\n<\/tr>\n<tr>\n<td>Stabile Internetverbindung<\/td>\n<td>Gew\u00e4hrleistet reibungslose, unterbrechungsfreie Spielsitzungen.<\/td>\n<\/tr>\n<tr>\n<td>Lamalucky-App oder f\u00fcr Mobilger\u00e4te optimierte Website<\/td>\n<td>Bietet eine benutzerfreundliche Oberfl\u00e4che, die speziell f\u00fcr kleinere Bildschirme optimiert ist.<\/td>\n<\/tr>\n<tr>\n<td>Registrierte E-Mail-Adresse und Passwort oder Anmeldung \u00fcber soziale Medien<\/td>\n<td>Erm\u00f6glicht eine schnelle und sichere Authentifizierung.<\/td>\n<\/tr>\n<tr>\n<td>Biometrische Authentifizierung (optional)<\/td>\n<td>Bietet zus\u00e4tzliche Sicherheit durch Fingerabdruck- oder Gesichtserkennung.<\/td>\n<\/tr>\n<tr>\n<td>Ger\u00e4tekompatibilit\u00e4t und Betriebssystem-Updates<\/td>\n<td>Gew\u00e4hrleistet einen reibungslosen Betrieb mit den neuesten Ger\u00e4tefunktionen und Sicherheitspatches.<\/td>\n<\/tr>\n<\/tbody>\n<\/table>\n<p>Wie Sie sehen, erhalten Sie mit dem Lamalucky-Login sofortigen Zugriff auf das Dashboard mit seinen n\u00fctzlichen Funktionen und einem Spielekatalog. Alles, was Sie brauchen, funktioniert reibungslos; es ist zeitsparend und m\u00fchelos.<\/p>\n<p><img loading=\"lazy\" decoding=\"async\" class=\"alignnone size-full wp-image-1944\" src=\"https:\/\/thelamalucky.net\/wp-content\/uploads\/2026\/04\/lamalucky-Login.webp\" alt=\"lamalucky Login\" width=\"1248\" height=\"536\" srcset=\"https:\/\/thelamalucky.net\/wp-content\/uploads\/2026\/04\/lamalucky-Login.webp 1248w, https:\/\/thelamalucky.net\/wp-content\/uploads\/2026\/04\/lamalucky-Login-300x129.webp 300w, https:\/\/thelamalucky.net\/wp-content\/uploads\/2026\/04\/lamalucky-Login-1024x440.webp 1024w, https:\/\/thelamalucky.net\/wp-content\/uploads\/2026\/04\/lamalucky-Login-768x330.webp 768w\" sizes=\"(max-width: 1248px) 100vw, 1248px\" \/><\/p>\n<h2>Sitzungsverwaltung<\/h2>\n<p>Lamalucky Casino ist eine Plattform mit effektiver Sitzungsverwaltung.<\/p>\n<ul>\n<li>Alles ist synchronisiert, und Sie melden sich auf allen von Ihnen genutzten Ger\u00e4ten gleichzeitig bei Ihrem Konto an und ab.<\/li>\n<li>Sitzungen werden automatisch beendet, um die Sicherheit Ihres Kontos zu erh\u00f6hen.<\/li>\n<li>Die Plattform bietet au\u00dferdem ein System f\u00fcr die Protokollierung mehrerer Ger\u00e4te, sodass Spieler aktive Sitzungen einsehen und jeden unbefugten Zugriff unterbinden k\u00f6nnen.<\/li>\n<li>Jede Anmeldung bei Lamalucky erfolgt proaktiv, wodurch ein Missbrauch des Kontos verhindert und ein sicheres Spielerlebnis gew\u00e4hrleistet wird.<\/li>\n<\/ul>\n<h2>FAQ<\/h2>\n<h3>Warum ist mein Konto nach mehreren Anmeldeversuchen gesperrt?<\/h3>\n<p>Die Sperrung von Konten erfolgt in der Regel, wenn im System ein Warnsignal auftritt \u2013 das hei\u00dft, wenn etwas Verd\u00e4chtiges vor sich geht. Wir tun dies, um Nutzer vor unbefugtem Zugriff zu sch\u00fctzen. Jeder fehlgeschlagene Anmeldeversuch l\u00f6st Sicherheitsma\u00dfnahmen aus, und ein Nutzer kann den Zugriff wiederherstellen, indem er uns im Live Chat schreibt oder die Optionen zur Kontowiederherstellung nutzt.<\/p>\n<h3>Kann ich meinen Benutzernamen oder meine E-Mail-Adresse bei Lama Lucky \u00e4ndern?<\/h3>\n<p>Sie k\u00f6nnen die erforderlichen \u00c4nderungen in Ihrem Dashboard vornehmen, nachdem Sie sich bei Lama Lucky angemeldet haben. Allerdings nicht alles. Spieler k\u00f6nnen \u00fcber ihre Kontoeinstellungen ihre registrierte E-Mail-Adresse aktualisieren. Die M\u00f6glichkeit, Benutzernamen zu \u00e4ndern, ist jedoch in der Regel eingeschr\u00e4nkt, um Identit\u00e4tsverwechslungen und Unstimmigkeiten beim Konto zu vermeiden. Sie k\u00f6nnen Ihre Daten nicht t\u00e4glich \u00e4ndern; das w\u00fcrde seltsam wirken. Schreiben Sie an unser Support Team, um weitere Details zu erhalten.<\/p>\n<h3>Wie aktiviere ich die Zwei-Faktor-Authentifizierung?<\/h3>\n<p>Die Zwei-Faktor-Authentifizierung (2FA) ist in den Sicherheitseinstellungen des Lamalucky Casino Kontos verf\u00fcgbar. Dies ist eine zus\u00e4tzliche Sicherheitsma\u00dfnahme, die Sie sch\u00fctzt, indem Sie bei der Anmeldung zur Eingabe eines Best\u00e4tigungscodes aufgefordert werden. Sie erhalten zus\u00e4tzliche Best\u00e4tigungscodes, um auf Ihr Lamalucky-Konto zuzugreifen.<\/p>\n<h3>Ist es sicher, meine Anmeldedaten im Browser zu speichern?<\/h3>\n<p>Wenn Sie Ihrem Browser und dessen Sicherheit vertrauen, ist der standardm\u00e4\u00dfige Passwort-Manager v\u00f6llig ausreichend. Das Speichern Ihrer Passw\u00f6rter im Browser ist g\u00e4ngige Praxis, vorausgesetzt, Sie haben ein starkes Passwort und nutzen weitere Sicherheitsma\u00dfnahmen \u2013 das ist die einzige Bedingung. Lama Lucky empfiehlt Ihnen, noch sicherere Passwort-Manager zu finden, um eine st\u00e4rkere Verschl\u00fcsselung und den Schutz Ihrer Lamalucky Anmeldedaten zu gew\u00e4hrleisten.<\/p>\n<\/div><\/div><\/p>\n","protected":false},"excerpt":{"rendered":"<p>Lamalucky Anmeldung Wenn Sie hier sind, um die exklusive Online-Welt unseres Casinos zu betreten, dann ist der Lamalucky Login genau das Richtige f\u00fcr Sie. Dies ist unser einzigartiger Zugang zur Welt der unterhaltsamen Spiele und einer breiten Auswahl an fantastischen Funktionen des Lama Lucky Casinos, die Sie nie vergessen werden. Wir bieten einen sicheren und [&hellip;]<\/p>\n","protected":false},"author":1,"featured_media":0,"parent":0,"menu_order":0,"comment_status":"closed","ping_status":"closed","template":"template-builder.php","meta":{"_acf_changed":false,"inline_featured_image":false,"footnotes":""},"class_list":["post-1483","page","type-page","status-publish","hentry"],"acf":[],"yoast_head":"<!-- This site is optimized with the Yoast SEO plugin v24.4 - https:\/\/yoast.com\/wordpress\/plugins\/seo\/ -->\n<title>Lamalucky Casino Login &amp; Registrierung | Sicherer Zugang<\/title>\n<meta name=\"description\" content=\"Lamalucky Casino Login \u2013 erstelle dein Spielerprofil in unter einer Minute oder melde dich mit Verschl\u00fcsselung auf Milit\u00e4rniveau f\u00fcr absolute Sicherheit an. Verfolge deinen Wettfortschritt, wechsle zwischen Zahlungsmethoden und aktiviere Promocodes sofort bei Lama Lucky.\" \/>\n<meta name=\"robots\" content=\"index, follow, max-snippet:-1, max-image-preview:large, max-video-preview:-1\" \/>\n<link rel=\"canonical\" href=\"https:\/\/thelamalucky.net\/de\/anmeldung-und-registrierung\/\" \/>\n<meta property=\"og:locale\" content=\"de_DE\" \/>\n<meta property=\"og:type\" content=\"article\" \/>\n<meta property=\"og:title\" content=\"Lamalucky Casino Login &amp; Registrierung | Sicherer Zugang\" \/>\n<meta property=\"og:description\" content=\"Lamalucky Casino Login \u2013 erstelle dein Spielerprofil in unter einer Minute oder melde dich mit Verschl\u00fcsselung auf Milit\u00e4rniveau f\u00fcr absolute Sicherheit an. Verfolge deinen Wettfortschritt, wechsle zwischen Zahlungsmethoden und aktiviere Promocodes sofort bei Lama Lucky.\" \/>\n<meta property=\"og:url\" content=\"https:\/\/thelamalucky.net\/de\/anmeldung-und-registrierung\/\" \/>\n<meta property=\"og:site_name\" content=\"lamalucky\" \/>\n<meta property=\"article:modified_time\" content=\"2026-04-14T08:04:12+00:00\" \/>\n<meta name=\"twitter:card\" content=\"summary_large_image\" \/>\n<meta name=\"twitter:label1\" content=\"Gesch\u00e4tzte Lesezeit\" \/>\n\t<meta name=\"twitter:data1\" content=\"1\u00a0Minute\" \/>\n<script type=\"application\/ld+json\" class=\"yoast-schema-graph\">{\"@context\":\"https:\/\/schema.org\",\"@graph\":[{\"@type\":\"WebPage\",\"@id\":\"https:\/\/thelamalucky.net\/de\/anmeldung-und-registrierung\/\",\"url\":\"https:\/\/thelamalucky.net\/de\/anmeldung-und-registrierung\/\",\"name\":\"Lamalucky Casino Login & Registrierung | Sicherer Zugang\",\"isPartOf\":{\"@id\":\"https:\/\/thelamalucky.net\/de\/#website\"},\"datePublished\":\"2026-01-20T12:11:11+00:00\",\"dateModified\":\"2026-04-14T08:04:12+00:00\",\"description\":\"Lamalucky Casino Login \u2013 erstelle dein Spielerprofil in unter einer Minute oder melde dich mit Verschl\u00fcsselung auf Milit\u00e4rniveau f\u00fcr absolute Sicherheit an. Verfolge deinen Wettfortschritt, wechsle zwischen Zahlungsmethoden und aktiviere Promocodes sofort bei Lama Lucky.\",\"breadcrumb\":{\"@id\":\"https:\/\/thelamalucky.net\/de\/anmeldung-und-registrierung\/#breadcrumb\"},\"inLanguage\":\"de\",\"potentialAction\":[{\"@type\":\"ReadAction\",\"target\":[\"https:\/\/thelamalucky.net\/de\/anmeldung-und-registrierung\/\"]}]},{\"@type\":\"BreadcrumbList\",\"@id\":\"https:\/\/thelamalucky.net\/de\/anmeldung-und-registrierung\/#breadcrumb\",\"itemListElement\":[{\"@type\":\"ListItem\",\"position\":1,\"name\":\"Lamalucky\",\"item\":\"https:\/\/thelamalucky.net\/de\/\"},{\"@type\":\"ListItem\",\"position\":2,\"name\":\"Anmeldung und Registrierung\"}]},{\"@type\":\"WebSite\",\"@id\":\"https:\/\/thelamalucky.net\/de\/#website\",\"url\":\"https:\/\/thelamalucky.net\/de\/\",\"name\":\"Lamalucky\",\"description\":\"\",\"publisher\":{\"@id\":\"https:\/\/thelamalucky.net\/de\/#organization\"},\"potentialAction\":[{\"@type\":\"SearchAction\",\"target\":{\"@type\":\"EntryPoint\",\"urlTemplate\":\"https:\/\/thelamalucky.net\/de\/?s={search_term_string}\"},\"query-input\":{\"@type\":\"PropertyValueSpecification\",\"valueRequired\":true,\"valueName\":\"search_term_string\"}}],\"inLanguage\":\"de\"},{\"@type\":\"Organization\",\"@id\":\"https:\/\/thelamalucky.net\/de\/#organization\",\"name\":\"Lamalucky\",\"url\":\"https:\/\/thelamalucky.net\/de\/\",\"logo\":{\"@type\":\"ImageObject\",\"inLanguage\":\"de\",\"@id\":\"https:\/\/thelamalucky.net\/de\/#\/schema\/logo\/image\/\",\"url\":\"https:\/\/thelamalucky.net\/wp-content\/uploads\/2026\/04\/lamalucky-favicon.png\",\"contentUrl\":\"https:\/\/thelamalucky.net\/wp-content\/uploads\/2026\/04\/lamalucky-favicon.png\",\"width\":28,\"height\":24,\"caption\":\"Lamalucky\"},\"image\":{\"@id\":\"https:\/\/thelamalucky.net\/de\/#\/schema\/logo\/image\/\"}}]}<\/script>\n<!-- \/ Yoast SEO plugin. -->","yoast_head_json":{"title":"Lamalucky Casino Login & Registrierung | Sicherer Zugang","description":"Lamalucky Casino Login \u2013 erstelle dein Spielerprofil in unter einer Minute oder melde dich mit Verschl\u00fcsselung auf Milit\u00e4rniveau f\u00fcr absolute Sicherheit an. Verfolge deinen Wettfortschritt, wechsle zwischen Zahlungsmethoden und aktiviere Promocodes sofort bei Lama Lucky.","robots":{"index":"index","follow":"follow","max-snippet":"max-snippet:-1","max-image-preview":"max-image-preview:large","max-video-preview":"max-video-preview:-1"},"canonical":"https:\/\/thelamalucky.net\/de\/anmeldung-und-registrierung\/","og_locale":"de_DE","og_type":"article","og_title":"Lamalucky Casino Login & Registrierung | Sicherer Zugang","og_description":"Lamalucky Casino Login \u2013 erstelle dein Spielerprofil in unter einer Minute oder melde dich mit Verschl\u00fcsselung auf Milit\u00e4rniveau f\u00fcr absolute Sicherheit an. Verfolge deinen Wettfortschritt, wechsle zwischen Zahlungsmethoden und aktiviere Promocodes sofort bei Lama Lucky.","og_url":"https:\/\/thelamalucky.net\/de\/anmeldung-und-registrierung\/","og_site_name":"lamalucky","article_modified_time":"2026-04-14T08:04:12+00:00","twitter_card":"summary_large_image","twitter_misc":{"Gesch\u00e4tzte Lesezeit":"1\u00a0Minute"},"schema":{"@context":"https:\/\/schema.org","@graph":[{"@type":"WebPage","@id":"https:\/\/thelamalucky.net\/de\/anmeldung-und-registrierung\/","url":"https:\/\/thelamalucky.net\/de\/anmeldung-und-registrierung\/","name":"Lamalucky Casino Login & Registrierung | Sicherer Zugang","isPartOf":{"@id":"https:\/\/thelamalucky.net\/de\/#website"},"datePublished":"2026-01-20T12:11:11+00:00","dateModified":"2026-04-14T08:04:12+00:00","description":"Lamalucky Casino Login \u2013 erstelle dein Spielerprofil in unter einer Minute oder melde dich mit Verschl\u00fcsselung auf Milit\u00e4rniveau f\u00fcr absolute Sicherheit an. Verfolge deinen Wettfortschritt, wechsle zwischen Zahlungsmethoden und aktiviere Promocodes sofort bei Lama Lucky.","breadcrumb":{"@id":"https:\/\/thelamalucky.net\/de\/anmeldung-und-registrierung\/#breadcrumb"},"inLanguage":"de","potentialAction":[{"@type":"ReadAction","target":["https:\/\/thelamalucky.net\/de\/anmeldung-und-registrierung\/"]}]},{"@type":"BreadcrumbList","@id":"https:\/\/thelamalucky.net\/de\/anmeldung-und-registrierung\/#breadcrumb","itemListElement":[{"@type":"ListItem","position":1,"name":"Lamalucky","item":"https:\/\/thelamalucky.net\/de\/"},{"@type":"ListItem","position":2,"name":"Anmeldung und Registrierung"}]},{"@type":"WebSite","@id":"https:\/\/thelamalucky.net\/de\/#website","url":"https:\/\/thelamalucky.net\/de\/","name":"Lamalucky","description":"","publisher":{"@id":"https:\/\/thelamalucky.net\/de\/#organization"},"potentialAction":[{"@type":"SearchAction","target":{"@type":"EntryPoint","urlTemplate":"https:\/\/thelamalucky.net\/de\/?s={search_term_string}"},"query-input":{"@type":"PropertyValueSpecification","valueRequired":true,"valueName":"search_term_string"}}],"inLanguage":"de"},{"@type":"Organization","@id":"https:\/\/thelamalucky.net\/de\/#organization","name":"Lamalucky","url":"https:\/\/thelamalucky.net\/de\/","logo":{"@type":"ImageObject","inLanguage":"de","@id":"https:\/\/thelamalucky.net\/de\/#\/schema\/logo\/image\/","url":"https:\/\/thelamalucky.net\/wp-content\/uploads\/2026\/04\/lamalucky-favicon.png","contentUrl":"https:\/\/thelamalucky.net\/wp-content\/uploads\/2026\/04\/lamalucky-favicon.png","width":28,"height":24,"caption":"Lamalucky"},"image":{"@id":"https:\/\/thelamalucky.net\/de\/#\/schema\/logo\/image\/"}}]}},"_links":{"self":[{"href":"https:\/\/thelamalucky.net\/de\/wp-json\/wp\/v2\/pages\/1483"}],"collection":[{"href":"https:\/\/thelamalucky.net\/de\/wp-json\/wp\/v2\/pages"}],"about":[{"href":"https:\/\/thelamalucky.net\/de\/wp-json\/wp\/v2\/types\/page"}],"author":[{"embeddable":true,"href":"https:\/\/thelamalucky.net\/de\/wp-json\/wp\/v2\/users\/1"}],"replies":[{"embeddable":true,"href":"https:\/\/thelamalucky.net\/de\/wp-json\/wp\/v2\/comments?post=1483"}],"version-history":[{"count":3,"href":"https:\/\/thelamalucky.net\/de\/wp-json\/wp\/v2\/pages\/1483\/revisions"}],"predecessor-version":[{"id":2047,"href":"https:\/\/thelamalucky.net\/de\/wp-json\/wp\/v2\/pages\/1483\/revisions\/2047"}],"wp:attachment":[{"href":"https:\/\/thelamalucky.net\/de\/wp-json\/wp\/v2\/media?parent=1483"}],"curies":[{"name":"wp","href":"https:\/\/api.w.org\/{rel}","templated":true}]}}