{"id":1449,"date":"2026-01-20T12:08:23","date_gmt":"2026-01-20T12:08:23","guid":{"rendered":"https:\/\/bonuskongcasino.com\/app-2\/"},"modified":"2026-04-14T10:09:24","modified_gmt":"2026-04-14T09:09:24","slug":"aplicacion","status":"publish","type":"page","link":"https:\/\/thelamalucky.net\/es\/aplicacion\/","title":{"rendered":"Aplicaci\u00f3n"},"content":{"rendered":"<h1>Aplicaci\u00f3n del casino Lamalucky<\/h1>\n<p>Si quieres jugar a m\u00e1s de 6.000 juegos y participar en los torneos de nuestro casino, tienes que probar Lamalucky app. Estamos aqu\u00ed para ofrecerte una experiencia online de alta calidad, con el objetivo de ser lo m\u00e1s c\u00f3modos e innovadores posible. La aplicaci\u00f3n te brinda la oportunidad de jugar a tus juegos favoritos de forma port\u00e1til: sin cables y sin quedarte atrapado en casa nunca m\u00e1s. Contamos con las \u00faltimas tecnolog\u00edas y un alto nivel de seguridad. Nuestro casino m\u00f3vil es fundamental para los jugadores espa\u00f1oles actuales, ya que ofrecemos una experiencia de juego fluida y fiable en cualquier dispositivo.<\/p>\n<div class=\"banner-wrap\" aria-label=\"Banner\"><img src=\"https:\/\/thelamalucky.net\/wp-content\/uploads\/2026\/04\/Lamalucky-banner-carousel.webp\" class=\"w-100 d-none d-lg-block img-pc main-banner-img\" alt=\"Lamalucky banner carousel\" fetchpriority=\"high\" decoding=\"async\"><img src=\"https:\/\/thelamalucky.net\/wp-content\/uploads\/2026\/04\/lamalucky-banner-mobile.webp\" class=\"w-100 d-none d-md-block d-lg-none main-banner-img\" alt=\"lamalucky banner mobile\" fetchpriority=\"high\" decoding=\"async\"><img src=\"https:\/\/thelamalucky.net\/wp-content\/uploads\/2026\/04\/lamalucky-banner-mobile.webp\" class=\"w-100 d-md-none\" alt=\"lamalucky banner mobile\" fetchpriority=\"high\" decoding=\"async\"><div class=\"banner-description\">\n<div class=\"banner-title\">Bonos de bienvenida<\/div>\n<p class=\"banner-header-title\">1500 \u20ac<\/p>\n<div class=\"banner-header-AdditionalText\">+ 250 Tiradas gratis<\/div>\n<button data-item=\"homepage_banner_link\" class=\"goto m-button m-gradient-border m-button--primary m-button--large banner-button btn-orange\">\n            <div class=\"m-button-content\">\n                <span>Reg\u00edstrate ahora<\/span>\n                <span><\/span>\n            <\/div>\n        <\/button>\n<\/div>\n<div class=\"WelcomePack\">\n<p><img loading=\"lazy\" decoding=\"async\" class=\"alignnone size-full wp-image-1897\" src=\"https:\/\/thelamalucky.net\/wp-content\/uploads\/2026\/04\/welcome-crown.png\" alt=\"welcome crown\" width=\"25\" height=\"26\" \/><\/p>\n<div class=\"WelcomePack-Info\">Reembolso semanal de hasta el 25 %<\/div>\n<p><img loading=\"lazy\" decoding=\"async\" class=\"alignnone size-full wp-image-1897\" src=\"https:\/\/thelamalucky.net\/wp-content\/uploads\/2026\/04\/welcome-crown.png\" alt=\"welcome crown\" width=\"25\" height=\"26\" \/><\/p>\n<\/div>\n<\/div>\n<h2>Caracter\u00edsticas de la aplicaci\u00f3n Lamalucky<\/h2>\n<p>La aplicaci\u00f3n Lama Lucky es \u00fanica porque es f\u00e1cil de usar y cuenta con algunas funciones sofisticadas que hacen que la experiencia m\u00f3vil sea de primera clase y superior. Ofrece acceso inmediato a una amplia gama de tragaperras online en cualquier momento que desees. \u00bfY qu\u00e9 hay de los juegos de casino en vivo? Por supuesto que s\u00ed. Y todas las cartas de Lamalucky Casino tambi\u00e9n est\u00e1n disponibles. Todo est\u00e1 optimizado para pantallas t\u00e1ctiles. La interfaz adaptativa de la aplicaci\u00f3n garantiza que se cargue r\u00e1pidamente, se navegue con facilidad y se controle sin esfuerzo, incluso en momentos de alto tr\u00e1fico de Internet.<\/p>\n<p>Las actualizaciones autom\u00e1ticas se encuentran entre las ventajas m\u00e1s significativas de la aplicaci\u00f3n. Esto significa que los jugadores nunca se perder\u00e1n ni una sola funci\u00f3n o mejora de seguridad, ya que se actualizan autom\u00e1ticamente en todo momento. Puedes disfrutar de nuestra aplicaci\u00f3n Lamalucky por varias razones:<\/p>\n<ul>\n<li>Se puede utilizar en m\u00faltiples navegadores y dispositivos y, por lo tanto, no limita a los jugadores por restricciones de sistemas operativos o hardware.<\/li>\n<li>La ligereza de la aplicaci\u00f3n no agota el almacenamiento ni la bater\u00eda de los dispositivos, ya que ofrece una experiencia de juego continua.<\/li>\n<li>Adem\u00e1s, Lamalucky Casino cuenta con funciones de asistencia integradas, como el chat en vivo y el contacto directo con el equipo de asistencia, para que resulte m\u00e1s f\u00e1cil resolver problemas o aclarar dudas.<\/li>\n<li>La aplicaci\u00f3n tambi\u00e9n facilita el proceso de verificaci\u00f3n, ya que el jugador puede identificarse de forma r\u00e1pida y discreta, y se garantiza la seguridad de su informaci\u00f3n en todo momento.<\/li>\n<\/ul>\n<p><div class=\"scrollable-content-wrap my-5\"><div class=\"scrollable-content-inner\"><h2>Aplicaci\u00f3n Lamalucky para el sistema operativo Android<\/h2>\n<p>Lamalucky es una aplicaci\u00f3n para Android que ofrece todas las funciones principales, como chat en vivo, transacciones y gesti\u00f3n de cuentas, sin comprometer la seguridad. Entre los dispositivos m\u00e1s adecuados, puedes utilizar los que tengan el sistema operativo Android versi\u00f3n 7\u20138 o superior para disfrutar de una experiencia fluida. Como ves, es compatible con una amplia variedad de tel\u00e9fonos.<\/p>\n<p>La aplicaci\u00f3n Lamalucky es f\u00e1cil y eficaz de instalar en dispositivos Android. Los pasos son:<\/p>\n<ol>\n<li>Acceder a la p\u00e1gina principal de Lama Lucky Casino.<\/li>\n<li>Desplazarse hacia abajo hasta el final de la p\u00e1gina, hasta el bot\u00f3n \u00abCasino App\u00bb.<\/li>\n<li>Hacer clic en \u00abInstalar\u00bb y completar el proceso de descarga.<\/li>\n<li>Ir a la bandeja de entrada para buscar el correo electr\u00f3nico de confirmaci\u00f3n de Lamalucky Casino.<\/li>\n<li>Completa el proceso de registro siguiendo las sencillas instrucciones de nuestra plataforma.<\/li>\n<\/ol>\n<p>Y ya est\u00e1: sencillo y completo. Sin fuentes desconocidas, sin necesidad de descargar nada en el dispositivo al pulsar los enlaces proporcionados, sin complicaciones como con los archivos APK: nada sospechoso.<\/p>\n<p>Una vez instalada, el icono de la aplicaci\u00f3n Lamalucky aparecer\u00e1 en tu pantalla de inicio, d\u00e1ndote acceso directo a toda tu biblioteca de juegos. La aplicaci\u00f3n tiene una interfaz sencilla que se adapta a la funcionalidad t\u00e1ctil del sistema Android para ofrecer a los usuarios una experiencia de juego optimizada e interactiva.<\/p>\n<h2>\u00bfPor qu\u00e9 elegir la PWA de Lama Lucky en lugar del APK?<\/h2>\n<p>Lamalucky Casino opta por una aplicaci\u00f3n web progresiva (PWA) como su principal opci\u00f3n m\u00f3vil por muchas razones. A diferencia de los archivos APK tradicionales o las aplicaciones nativas, si eliges la PWA, obtienes una soluci\u00f3n innovadora que ahorra bater\u00eda a tu tel\u00e9fono y combina solo las mejores caracter\u00edsticas de la versi\u00f3n web. Puedes disfrutar de gr\u00e1ficos geniales, buen sonido, etc., y de una aplicaci\u00f3n m\u00f3vil ligera, r\u00e1pida, port\u00e1til y que se actualiza autom\u00e1ticamente.<\/p>\n<p>La decisi\u00f3n de Lamalucky de implementar una PWA se debe a varias ventajas. Compru\u00e9balo t\u00fa mismo:<\/p>\n<ul>\n<li>Es superligera. Si compruebas cu\u00e1nto pesa en tu smartphone, te sorprender\u00e1 ver que es casi cero.<\/li>\n<li>Con ella prolongamos la duraci\u00f3n de la bater\u00eda, ya que ahorra bater\u00eda incluso cuando juegas a juegos de casino en vivo.<\/li>\n<li>Es compatible con todos los dispositivos y sistemas operativos, por lo que no hay necesidad real de versiones de la aplicaci\u00f3n separadas para Android o iOS.<\/li>\n<li>Y una cosa m\u00e1s: en Lamalucky Casino incorporamos las funciones de seguridad m\u00e1s recientes y avanzadas en la PWA, como TLS 1.3 y DDoS.<\/li>\n<\/ul>\n<p><img loading=\"lazy\" decoding=\"async\" class=\"alignnone size-full wp-image-1916\" src=\"https:\/\/thelamalucky.net\/wp-content\/uploads\/2026\/04\/lamalucky-Android-App.webp\" alt=\"lamalucky Android App\" width=\"1248\" height=\"536\" srcset=\"https:\/\/thelamalucky.net\/wp-content\/uploads\/2026\/04\/lamalucky-Android-App.webp 1248w, https:\/\/thelamalucky.net\/wp-content\/uploads\/2026\/04\/lamalucky-Android-App-300x129.webp 300w, https:\/\/thelamalucky.net\/wp-content\/uploads\/2026\/04\/lamalucky-Android-App-1024x440.webp 1024w, https:\/\/thelamalucky.net\/wp-content\/uploads\/2026\/04\/lamalucky-Android-App-768x330.webp 768w\" sizes=\"(max-width: 1248px) 100vw, 1248px\" \/><\/p>\n<\/div><\/div><div style=\"clear: both\"><\/div><div class=\"d-flex justify-content-center\"><button data-item=\"decouvrez_link\" data-group=\"website_links\" class=\"goto fw-bold rounded-pill btn btn-orange\" aria-label=\"Descarga la aplicaci\u00f3n Lamalucky\" >Descarga la aplicaci\u00f3n Lamalucky<\/button><\/div><div class=\"scrollable-content-wrap my-5\"><div class=\"scrollable-content-inner\"><h2>Aplicaci\u00f3n de Lamalucky para iOS<\/h2>\n<p>Los que tengan productos de Apple tampoco tienen por qu\u00e9 sentirse tristes. Los usuarios de iPhone y iPad disponen de una PWA exclusiva de Lamalucky que es compatible con todos sus dispositivos, tabletas incluidas. Todo lo que tienes que hacer para conseguirla es ir a Lama Lucky y, utilizando tu navegador Safari, en los ajustes, buscar el bot\u00f3n \u00abA\u00f1adir a la pantalla de inicio\u00bb. \u00a1F\u00e1cil!<\/p>\n<p>Se trata de una aplicaci\u00f3n optimizada para iOS que ofrece una experiencia de juego r\u00e1pida, segura y sencilla.<\/p>\n<p>La aplicaci\u00f3n para iOS cuenta con un alto nivel de seguridad gracias al uso del cifrado TLS para proteger la informaci\u00f3n personal y financiera. Los servicios de atenci\u00f3n al cliente, como el chat en vivo y el equipo de soporte de Lamalucky Casino, est\u00e1n disponibles, por lo que los jugadores pueden acceder a ellos cuando lo necesiten.<\/p>\n<p>Para mayor seguridad, Touch ID y Face ID est\u00e1n habilitados, lo que aumenta la seguridad de la cuenta cada vez que inicias sesi\u00f3n. Su dise\u00f1o optimizado hace que sea f\u00e1cil y eficiente navegar por la amplia biblioteca de juegos, realizar dep\u00f3sitos y retiradas, y acceder a otras promociones.<\/p>\n<p><img loading=\"lazy\" decoding=\"async\" class=\"alignnone size-full wp-image-1940\" src=\"https:\/\/thelamalucky.net\/wp-content\/uploads\/2026\/04\/lamalucky-iOS-App.webp\" alt=\"lamalucky iOS App\" width=\"1248\" height=\"536\" srcset=\"https:\/\/thelamalucky.net\/wp-content\/uploads\/2026\/04\/lamalucky-iOS-App.webp 1248w, https:\/\/thelamalucky.net\/wp-content\/uploads\/2026\/04\/lamalucky-iOS-App-300x129.webp 300w, https:\/\/thelamalucky.net\/wp-content\/uploads\/2026\/04\/lamalucky-iOS-App-1024x440.webp 1024w, https:\/\/thelamalucky.net\/wp-content\/uploads\/2026\/04\/lamalucky-iOS-App-768x330.webp 768w\" sizes=\"(max-width: 1248px) 100vw, 1248px\" \/><\/p>\n<\/div><\/div><div style=\"clear: both\"><\/div><div class=\"d-flex justify-content-center\"><button data-item=\"decouvrez_link\" data-group=\"website_links\" class=\"goto fw-bold rounded-pill btn btn-orange\" aria-label=\"Descarga la aplicaci\u00f3n Lamalucky\" >Descarga la aplicaci\u00f3n Lamalucky<\/button><\/div><div class=\"scrollable-content-wrap my-5\"><div class=\"scrollable-content-inner\"><h2>Versi\u00f3n de escritorio de Lama Lucky Casino<\/h2>\n<p>Aunque el casino m\u00f3vil ofrece una comodidad sin igual, la versi\u00f3n de escritorio de Lamalucky tambi\u00e9n es una opci\u00f3n fiable para aquellos que deseen jugar desde un ordenador. La plataforma de escritorio ofrece un completo conjunto de funciones c\u00f3modas de usar, junto con la misma amplia variedad de tragamonedas online, mesas con crupier en vivo y juegos instant\u00e1neos.<\/p>\n<table>\n<tbody>\n<tr>\n<td>Caracter\u00edstica<\/td>\n<td>Detalles<\/td>\n<\/tr>\n<tr>\n<td>Interfaz y compatibilidad<\/td>\n<td>Se adapta a todos los tama\u00f1os y resoluciones de pantalla, y ofrece la misma experiencia tanto en sistemas Mac como Windows.<\/td>\n<\/tr>\n<tr>\n<td>Acceso r\u00e1pido<\/td>\n<td>Los jugadores tienen la opci\u00f3n de crear accesos directos en sus escritorios para un acceso r\u00e1pido, lo que elimina la necesidad de pasar por el navegador repetidamente.<\/td>\n<\/tr>\n<tr>\n<td>Funcionalidades compatibles<\/td>\n<td>Admite todas las funcionalidades, incluyendo el procedimiento de verificaci\u00f3n, el servicio de atenci\u00f3n al cliente por chat en vivo y las opciones de pago seguro.<\/td>\n<\/tr>\n<\/tbody>\n<\/table>\n<p>La versi\u00f3n de escritorio de Lamalucky Casino se centra en la estabilidad y un funcionamiento fluido. Tambi\u00e9n podr\u00e1s disfrutar de un rendimiento \u00f3ptimo en partidas y transacciones de gran volumen. La aplicaci\u00f3n de Lamalucky cuenta con los mismos altos niveles de seguridad, por lo que los datos de los usuarios no se ven comprometidos en ninguna interacci\u00f3n.<\/p>\n<h3>Seguridad y juego limpio<\/h3>\n<p>Lamalucky Casino concede gran importancia a la seguridad y la equidad. Todas las transacciones se cifran mediante TLS 1.3. Puedes estar seguro y tranquilo de que tus datos personales y financieros se mantendr\u00e1n confidenciales. El sitio cuenta con sistemas de seguridad muy avanzados para combatir el acceso no autorizado, los bots, el phishing y las fugas de datos.<\/p>\n<p>Todos los resultados de las tragaperras y juegos online en Lamalucky est\u00e1n garantizados por generadores de n\u00fameros aleatorios certificados. El casino tambi\u00e9n est\u00e1 bien establecido bajo un alto est\u00e1ndar de licencia y regulaci\u00f3n que garantiza la transparencia y la integridad en todas sus operaciones. Los jugadores pueden estar seguros de que el equipo de atenci\u00f3n al cliente est\u00e1 disponible a trav\u00e9s del chat en vivo y les ayudar\u00e1 con cualquier problema t\u00e9cnico y cualquier cuesti\u00f3n de seguridad o de juego desleal.<\/p>\n<p><img loading=\"lazy\" decoding=\"async\" class=\"alignnone size-full wp-image-1932\" src=\"https:\/\/thelamalucky.net\/wp-content\/uploads\/2026\/04\/lamalucky-Desktop.webp\" alt=\"lamalucky Desktop\" width=\"1248\" height=\"536\" srcset=\"https:\/\/thelamalucky.net\/wp-content\/uploads\/2026\/04\/lamalucky-Desktop.webp 1248w, https:\/\/thelamalucky.net\/wp-content\/uploads\/2026\/04\/lamalucky-Desktop-300x129.webp 300w, https:\/\/thelamalucky.net\/wp-content\/uploads\/2026\/04\/lamalucky-Desktop-1024x440.webp 1024w, https:\/\/thelamalucky.net\/wp-content\/uploads\/2026\/04\/lamalucky-Desktop-768x330.webp 768w\" sizes=\"(max-width: 1248px) 100vw, 1248px\" \/><\/p>\n<\/div><\/div><div style=\"clear: both\"><\/div><div class=\"d-flex justify-content-center\"><button data-item=\"decouvrez_link\" data-group=\"website_links\" class=\"goto fw-bold rounded-pill btn btn-orange\" aria-label=\"Descarga la aplicaci\u00f3n Lamalucky\" >Descarga la aplicaci\u00f3n Lamalucky<\/button><\/div><div class=\"scrollable-content-wrap my-5\"><div class=\"scrollable-content-inner\"><h2>Preguntas frecuentes<\/h2>\n<h3>\u00bfCu\u00e1les son los requisitos m\u00ednimos del sistema para la aplicaci\u00f3n?<\/h3>\n<p>Debes saber que los tel\u00e9fonos con teclado muy antiguos no podr\u00e1n ejecutar la aplicaci\u00f3n Lama Lucky, \u00a1pero no tendr\u00e1s ning\u00fan problema con todos los smartphones nuevos! La aplicaci\u00f3n requiere Android 8.0 o superior, o iOS 12.0 o superior. La RAM m\u00ednima debe ser de 2 GB, y la conexi\u00f3n a Internet debe ser estable para garantizar el m\u00e1ximo rendimiento del dispositivo.<\/p>\n<h3>\u00bfC\u00f3mo instalo el archivo APK en mi dispositivo Android?<\/h3>\n<p>No ofrecemos la descarga de archivos APK. Tenemos una nueva y estupenda versi\u00f3n de PWA que no requiere descarga ni ocupa espacio en tu tel\u00e9fono, como suelen hacer los APK habituales. Pru\u00e9bala y cu\u00e9ntanos en el chat en vivo si te gusta nuestra aplicaci\u00f3n Lamalucky.<\/p>\n<h3>\u00bfPuedo usar mi cuenta actual en la aplicaci\u00f3n m\u00f3vil?<\/h3>\n<p>S\u00ed, los jugadores tambi\u00e9n pueden utilizar las mismas credenciales de la cuenta de Lamalucky Casino para iniciar sesi\u00f3n. Nuestra pol\u00edtica de privacidad establece que no debes crear varias cuentas, ya que esto incumple las normas de Lamalucky. La sincronizaci\u00f3n de toda la informaci\u00f3n de la cuenta, los saldos y el historial de juego se realiza en todas las plataformas.<\/p>\n<h3>\u00bfHay alguna diferencia entre la aplicaci\u00f3n y la versi\u00f3n para navegador?<\/h3>\n<p>Desde un punto de vista t\u00e9cnico, hay una similitud total entre nuestra aplicaci\u00f3n Lama Lucky y la versi\u00f3n completa: todo el cat\u00e1logo de juegos, el panel de control y las transacciones financieras son iguales. Como ya sabr\u00e1s, todas las funciones disponibles en la versi\u00f3n para navegador son accesibles a trav\u00e9s de la aplicaci\u00f3n.<\/p>\n<\/div><\/div><\/p>\n","protected":false},"excerpt":{"rendered":"<p>Aplicaci\u00f3n del casino Lamalucky Si quieres jugar a m\u00e1s de 6.000 juegos y participar en los torneos de nuestro casino, tienes que probar Lamalucky app. Estamos aqu\u00ed para ofrecerte una experiencia online de alta calidad, con el objetivo de ser lo m\u00e1s c\u00f3modos e innovadores posible. La aplicaci\u00f3n te brinda la oportunidad de jugar a [&hellip;]<\/p>\n","protected":false},"author":1,"featured_media":0,"parent":0,"menu_order":0,"comment_status":"closed","ping_status":"closed","template":"template-builder.php","meta":{"_acf_changed":false,"inline_featured_image":false,"footnotes":""},"class_list":["post-1449","page","type-page","status-publish","hentry"],"acf":[],"yoast_head":"<!-- This site is optimized with the Yoast SEO plugin v24.4 - https:\/\/yoast.com\/wordpress\/plugins\/seo\/ -->\n<title>Lamalucky App | App Oficial para Android &amp; iOS<\/title>\n<meta name=\"description\" content=\"Lamalucky App \u2013 obt\u00e9n la aplicaci\u00f3n oficial del casino para Android e iOS y disfruta de un juego fluido donde te lleve la vida. Accede a dep\u00f3sitos con un toque, notificaciones personalizables y promociones exclusivas solo para m\u00f3vil con Lama Lucky.\" \/>\n<meta name=\"robots\" content=\"index, follow, max-snippet:-1, max-image-preview:large, max-video-preview:-1\" \/>\n<link rel=\"canonical\" href=\"https:\/\/thelamalucky.net\/es\/aplicacion\/\" \/>\n<meta property=\"og:locale\" content=\"es_ES\" \/>\n<meta property=\"og:type\" content=\"article\" \/>\n<meta property=\"og:title\" content=\"Lamalucky App | App Oficial para Android &amp; iOS\" \/>\n<meta property=\"og:description\" content=\"Lamalucky App \u2013 obt\u00e9n la aplicaci\u00f3n oficial del casino para Android e iOS y disfruta de un juego fluido donde te lleve la vida. Accede a dep\u00f3sitos con un toque, notificaciones personalizables y promociones exclusivas solo para m\u00f3vil con Lama Lucky.\" \/>\n<meta property=\"og:url\" content=\"https:\/\/thelamalucky.net\/es\/aplicacion\/\" \/>\n<meta property=\"og:site_name\" content=\"lamalucky\" \/>\n<meta property=\"article:modified_time\" content=\"2026-04-14T09:09:24+00:00\" \/>\n<meta name=\"twitter:card\" content=\"summary_large_image\" \/>\n<meta name=\"twitter:label1\" content=\"Est. reading time\" \/>\n\t<meta name=\"twitter:data1\" content=\"2 minutes\" \/>\n<script type=\"application\/ld+json\" class=\"yoast-schema-graph\">{\"@context\":\"https:\/\/schema.org\",\"@graph\":[{\"@type\":\"WebPage\",\"@id\":\"https:\/\/thelamalucky.net\/es\/aplicacion\/\",\"url\":\"https:\/\/thelamalucky.net\/es\/aplicacion\/\",\"name\":\"Lamalucky App | App Oficial para Android & iOS\",\"isPartOf\":{\"@id\":\"https:\/\/thelamalucky.net\/es\/#website\"},\"datePublished\":\"2026-01-20T12:08:23+00:00\",\"dateModified\":\"2026-04-14T09:09:24+00:00\",\"description\":\"Lamalucky App \u2013 obt\u00e9n la aplicaci\u00f3n oficial del casino para Android e iOS y disfruta de un juego fluido donde te lleve la vida. Accede a dep\u00f3sitos con un toque, notificaciones personalizables y promociones exclusivas solo para m\u00f3vil con Lama Lucky.\",\"breadcrumb\":{\"@id\":\"https:\/\/thelamalucky.net\/es\/aplicacion\/#breadcrumb\"},\"inLanguage\":\"es-ES\",\"potentialAction\":[{\"@type\":\"ReadAction\",\"target\":[\"https:\/\/thelamalucky.net\/es\/aplicacion\/\"]}]},{\"@type\":\"BreadcrumbList\",\"@id\":\"https:\/\/thelamalucky.net\/es\/aplicacion\/#breadcrumb\",\"itemListElement\":[{\"@type\":\"ListItem\",\"position\":1,\"name\":\"Lamalucky\",\"item\":\"https:\/\/thelamalucky.net\/es\/\"},{\"@type\":\"ListItem\",\"position\":2,\"name\":\"Aplicaci\u00f3n\"}]},{\"@type\":\"WebSite\",\"@id\":\"https:\/\/thelamalucky.net\/es\/#website\",\"url\":\"https:\/\/thelamalucky.net\/es\/\",\"name\":\"Lamalucky\",\"description\":\"\",\"publisher\":{\"@id\":\"https:\/\/thelamalucky.net\/es\/#organization\"},\"potentialAction\":[{\"@type\":\"SearchAction\",\"target\":{\"@type\":\"EntryPoint\",\"urlTemplate\":\"https:\/\/thelamalucky.net\/es\/?s={search_term_string}\"},\"query-input\":{\"@type\":\"PropertyValueSpecification\",\"valueRequired\":true,\"valueName\":\"search_term_string\"}}],\"inLanguage\":\"es-ES\"},{\"@type\":\"Organization\",\"@id\":\"https:\/\/thelamalucky.net\/es\/#organization\",\"name\":\"Lamalucky\",\"url\":\"https:\/\/thelamalucky.net\/es\/\",\"logo\":{\"@type\":\"ImageObject\",\"inLanguage\":\"es-ES\",\"@id\":\"https:\/\/thelamalucky.net\/es\/#\/schema\/logo\/image\/\",\"url\":\"https:\/\/thelamalucky.net\/wp-content\/uploads\/2026\/04\/lamalucky-favicon.png\",\"contentUrl\":\"https:\/\/thelamalucky.net\/wp-content\/uploads\/2026\/04\/lamalucky-favicon.png\",\"width\":28,\"height\":24,\"caption\":\"Lamalucky\"},\"image\":{\"@id\":\"https:\/\/thelamalucky.net\/es\/#\/schema\/logo\/image\/\"}}]}<\/script>\n<!-- \/ Yoast SEO plugin. -->","yoast_head_json":{"title":"Lamalucky App | App Oficial para Android & iOS","description":"Lamalucky App \u2013 obt\u00e9n la aplicaci\u00f3n oficial del casino para Android e iOS y disfruta de un juego fluido donde te lleve la vida. Accede a dep\u00f3sitos con un toque, notificaciones personalizables y promociones exclusivas solo para m\u00f3vil con Lama Lucky.","robots":{"index":"index","follow":"follow","max-snippet":"max-snippet:-1","max-image-preview":"max-image-preview:large","max-video-preview":"max-video-preview:-1"},"canonical":"https:\/\/thelamalucky.net\/es\/aplicacion\/","og_locale":"es_ES","og_type":"article","og_title":"Lamalucky App | App Oficial para Android & iOS","og_description":"Lamalucky App \u2013 obt\u00e9n la aplicaci\u00f3n oficial del casino para Android e iOS y disfruta de un juego fluido donde te lleve la vida. Accede a dep\u00f3sitos con un toque, notificaciones personalizables y promociones exclusivas solo para m\u00f3vil con Lama Lucky.","og_url":"https:\/\/thelamalucky.net\/es\/aplicacion\/","og_site_name":"lamalucky","article_modified_time":"2026-04-14T09:09:24+00:00","twitter_card":"summary_large_image","twitter_misc":{"Est. reading time":"2 minutes"},"schema":{"@context":"https:\/\/schema.org","@graph":[{"@type":"WebPage","@id":"https:\/\/thelamalucky.net\/es\/aplicacion\/","url":"https:\/\/thelamalucky.net\/es\/aplicacion\/","name":"Lamalucky App | App Oficial para Android & iOS","isPartOf":{"@id":"https:\/\/thelamalucky.net\/es\/#website"},"datePublished":"2026-01-20T12:08:23+00:00","dateModified":"2026-04-14T09:09:24+00:00","description":"Lamalucky App \u2013 obt\u00e9n la aplicaci\u00f3n oficial del casino para Android e iOS y disfruta de un juego fluido donde te lleve la vida. Accede a dep\u00f3sitos con un toque, notificaciones personalizables y promociones exclusivas solo para m\u00f3vil con Lama Lucky.","breadcrumb":{"@id":"https:\/\/thelamalucky.net\/es\/aplicacion\/#breadcrumb"},"inLanguage":"es-ES","potentialAction":[{"@type":"ReadAction","target":["https:\/\/thelamalucky.net\/es\/aplicacion\/"]}]},{"@type":"BreadcrumbList","@id":"https:\/\/thelamalucky.net\/es\/aplicacion\/#breadcrumb","itemListElement":[{"@type":"ListItem","position":1,"name":"Lamalucky","item":"https:\/\/thelamalucky.net\/es\/"},{"@type":"ListItem","position":2,"name":"Aplicaci\u00f3n"}]},{"@type":"WebSite","@id":"https:\/\/thelamalucky.net\/es\/#website","url":"https:\/\/thelamalucky.net\/es\/","name":"Lamalucky","description":"","publisher":{"@id":"https:\/\/thelamalucky.net\/es\/#organization"},"potentialAction":[{"@type":"SearchAction","target":{"@type":"EntryPoint","urlTemplate":"https:\/\/thelamalucky.net\/es\/?s={search_term_string}"},"query-input":{"@type":"PropertyValueSpecification","valueRequired":true,"valueName":"search_term_string"}}],"inLanguage":"es-ES"},{"@type":"Organization","@id":"https:\/\/thelamalucky.net\/es\/#organization","name":"Lamalucky","url":"https:\/\/thelamalucky.net\/es\/","logo":{"@type":"ImageObject","inLanguage":"es-ES","@id":"https:\/\/thelamalucky.net\/es\/#\/schema\/logo\/image\/","url":"https:\/\/thelamalucky.net\/wp-content\/uploads\/2026\/04\/lamalucky-favicon.png","contentUrl":"https:\/\/thelamalucky.net\/wp-content\/uploads\/2026\/04\/lamalucky-favicon.png","width":28,"height":24,"caption":"Lamalucky"},"image":{"@id":"https:\/\/thelamalucky.net\/es\/#\/schema\/logo\/image\/"}}]}},"_links":{"self":[{"href":"https:\/\/thelamalucky.net\/es\/wp-json\/wp\/v2\/pages\/1449"}],"collection":[{"href":"https:\/\/thelamalucky.net\/es\/wp-json\/wp\/v2\/pages"}],"about":[{"href":"https:\/\/thelamalucky.net\/es\/wp-json\/wp\/v2\/types\/page"}],"author":[{"embeddable":true,"href":"https:\/\/thelamalucky.net\/es\/wp-json\/wp\/v2\/users\/1"}],"replies":[{"embeddable":true,"href":"https:\/\/thelamalucky.net\/es\/wp-json\/wp\/v2\/comments?post=1449"}],"version-history":[{"count":4,"href":"https:\/\/thelamalucky.net\/es\/wp-json\/wp\/v2\/pages\/1449\/revisions"}],"predecessor-version":[{"id":2081,"href":"https:\/\/thelamalucky.net\/es\/wp-json\/wp\/v2\/pages\/1449\/revisions\/2081"}],"wp:attachment":[{"href":"https:\/\/thelamalucky.net\/es\/wp-json\/wp\/v2\/media?parent=1449"}],"curies":[{"name":"wp","href":"https:\/\/api.w.org\/{rel}","templated":true}]}}