{"id":1487,"date":"2026-01-20T12:11:11","date_gmt":"2026-01-20T12:11:11","guid":{"rendered":"https:\/\/bonuskongcasino.com\/login-and-registration\/"},"modified":"2026-04-14T10:11:15","modified_gmt":"2026-04-14T09:11:15","slug":"inicio-de-sesion-y-registro","status":"publish","type":"page","link":"https:\/\/thelamalucky.net\/es\/inicio-de-sesion-y-registro\/","title":{"rendered":"Inicio de sesi\u00f3n y Registro"},"content":{"rendered":"<h1>Inicio de sesi\u00f3n en Lamalucky<\/h1>\n<p>Si est\u00e1s aqu\u00ed para entrar en el exclusivo mundo online de nuestro casino, entonces Lamalucky login es para ti. Esta es nuestra puerta de entrada \u00fanica al mundo de los juegos divertidos y a una amplia selecci\u00f3n de fant\u00e1sticas funciones de Lama Lucky Casino que nunca olvidar\u00e1s. Ofrecemos un proceso de inicio de sesi\u00f3n seguro y eficiente, as\u00ed como asistencia multiling\u00fce, y nuestros queridos jugadores espa\u00f1oles pueden disfrutar de un buen juego online siempre que les apetezca.<\/p>\n<p><div class=\"banner-wrap\" aria-label=\"Banner\"><img src=\"https:\/\/thelamalucky.net\/wp-content\/uploads\/2026\/04\/Lamalucky-banner-carousel.webp\" class=\"w-100 d-none d-lg-block img-pc main-banner-img\" alt=\"Lamalucky banner carousel\" fetchpriority=\"high\" decoding=\"async\"><img src=\"https:\/\/thelamalucky.net\/wp-content\/uploads\/2026\/04\/lamalucky-banner-mobile.webp\" class=\"w-100 d-none d-md-block d-lg-none main-banner-img\" alt=\"lamalucky banner mobile\" fetchpriority=\"high\" decoding=\"async\"><img src=\"https:\/\/thelamalucky.net\/wp-content\/uploads\/2026\/04\/lamalucky-banner-mobile.webp\" class=\"w-100 d-md-none\" alt=\"lamalucky banner mobile\" fetchpriority=\"high\" decoding=\"async\"><div class=\"banner-description\">\n<div class=\"banner-title\">Bonos de bienvenida<\/div>\n<p class=\"banner-header-title\">1500 \u20ac<\/p>\n<div class=\"banner-header-AdditionalText\">+ 250 Tiradas gratis<\/div>\n<button data-item=\"homepage_banner_link\" class=\"goto m-button m-gradient-border m-button--primary m-button--large banner-button btn-orange\">\n            <div class=\"m-button-content\">\n                <span>Reg\u00edstrate ahora<\/span>\n                <span><\/span>\n            <\/div>\n        <\/button>\n<\/div>\n<div class=\"WelcomePack\">\n<p><img loading=\"lazy\" decoding=\"async\" class=\"alignnone size-full wp-image-1897\" src=\"https:\/\/thelamalucky.net\/wp-content\/uploads\/2026\/04\/welcome-crown.png\" alt=\"welcome crown\" width=\"25\" height=\"26\" \/><\/p>\n<div class=\"WelcomePack-Info\">Reembolso semanal de hasta el 25 %<\/div>\n<p><img loading=\"lazy\" decoding=\"async\" class=\"alignnone size-full wp-image-1897\" src=\"https:\/\/thelamalucky.net\/wp-content\/uploads\/2026\/04\/welcome-crown.png\" alt=\"welcome crown\" width=\"25\" height=\"26\" \/><\/p>\n<\/div>\n<\/div><div class=\"scrollable-content-wrap my-5\"><div class=\"scrollable-content-inner\"><h2>Procedimiento de registro en Lamalucky<\/h2>\n<p>Crear una cuenta en Lamalucky Casino ofrece una gran variedad de opciones, como acceso a bonos exclusivos, gesti\u00f3n de la cuenta y una amplia biblioteca de juegos. El registro es sencillo. Nos esforzamos por que sea seguro y c\u00f3modo para todos los usuarios. Es f\u00e1cil crear una cuenta y puedes hacerlo sin necesidad de ayuda.<\/p>\n<p>Una vez registrados, en su panel de control de Lama Lucky, los jugadores pueden depositar dinero, disfrutar de promociones y consultar su historial de juego.<\/p>\n<p>\u00bfC\u00f3mo sabes cu\u00e1ndo se ha completado el registro y todo funciona correctamente?<\/p>\n<ul>\n<li>Tienes el correo electr\u00f3nico y la contrase\u00f1a como credenciales guardadas para iniciar sesi\u00f3n en Lamalucky.<\/li>\n<li>Has introducido tus m\u00e9todos de dep\u00f3sito y retirada en el perfil de Lama Lucky.<\/li>\n<li>Has superado el KYC, nuestro proceso de verificaci\u00f3n interno.<\/li>\n<\/ul>\n<p>Antes de realizar tu primer dep\u00f3sito en nuestra plataforma, debes respetar nuestras normas de juego responsable y superar la verificaci\u00f3n, ya que esta es la forma de protegerte a ti mismo y a los dem\u00e1s jugadores. Lamalucky Casino valora la seguridad de los datos. Empleamos sofisticados algoritmos de cifrado para proteger los datos de los usuarios. Tras el registro, los jugadores tienen la oportunidad de gestionar sus cuentas con facilidad, utilizar los servicios de asistencia y sacar el m\u00e1ximo partido a la plataforma.<\/p>\n<h2>Procedimiento de inicio de sesi\u00f3n en Lamalucky<\/h2>\n<p>Una vez que te hayas registrado, \u00a1ya es hora de iniciar sesi\u00f3n por primera vez en Lamalucky! El proceso de inicio de sesi\u00f3n en tu cuenta es r\u00e1pido y seguro. Solo tienes que seguir estos pasos:<\/p>\n<ol>\n<li>Abre cualquier p\u00e1gina de Lama Lucky Casino.<\/li>\n<li>En la esquina superior derecha hay un bot\u00f3n \u00abIniciar sesi\u00f3n\u00bb; haz clic en \u00e9l.<\/li>\n<li>Introduce tu direcci\u00f3n de correo electr\u00f3nico y la contrase\u00f1a que hayas guardado.<\/li>\n<li>Tambi\u00e9n puedes iniciar sesi\u00f3n con una cuenta de redes sociales, como Google, lo que simplificar\u00e1 el proceso de inicio de sesi\u00f3n sin comprometer la seguridad.<\/li>\n<\/ol>\n<p>Una vez que los jugadores hayan iniciado sesi\u00f3n, pueden realizar diversas acciones con sus cuentas, como depositar dinero, retirar sus ganancias, cambiar la configuraci\u00f3n de la cuenta e incluso jugar a juegos de casino en vivo. La plataforma ofrece cifrado TLS 1.3 para todas las transacciones, lo que garantiza la integridad de los datos de los usuarios y la informaci\u00f3n financiera. Tambi\u00e9n cuenta con una interfaz de Lamalucky f\u00e1cil de usar que permite navegar sin esfuerzo por toda la cartera de juegos.<\/p>\n<p><img loading=\"lazy\" decoding=\"async\" class=\"alignnone size-full wp-image-1948\" src=\"https:\/\/thelamalucky.net\/wp-content\/uploads\/2026\/04\/lamalucky-Login.webp\" alt=\"lamalucky Login\" width=\"1248\" height=\"536\" srcset=\"https:\/\/thelamalucky.net\/wp-content\/uploads\/2026\/04\/lamalucky-Login.webp 1248w, https:\/\/thelamalucky.net\/wp-content\/uploads\/2026\/04\/lamalucky-Login-300x129.webp 300w, https:\/\/thelamalucky.net\/wp-content\/uploads\/2026\/04\/lamalucky-Login-1024x440.webp 1024w, https:\/\/thelamalucky.net\/wp-content\/uploads\/2026\/04\/lamalucky-Login-768x330.webp 768w\" sizes=\"(max-width: 1248px) 100vw, 1248px\" \/><\/p>\n<h3>Autorizaci\u00f3n de la aplicaci\u00f3n m\u00f3vil de Lama Lucky<\/h3>\n<p>Iniciar sesi\u00f3n desde tu smartphone es b\u00e1sicamente lo mismo. Echa un vistazo a lo que hay que hacer para iniciar sesi\u00f3n correctamente en Lamalucky y qu\u00e9 puedes obtener de ello:<\/p>\n<table>\n<tbody>\n<tr>\n<td>Requisitos para el inicio de sesi\u00f3n m\u00f3vil<\/td>\n<td>Caracter\u00edsticas y ventajas<\/td>\n<\/tr>\n<tr>\n<td>Dispositivos m\u00f3viles compatibles (tel\u00e9fonos inteligentes, tabletas)<\/td>\n<td>Permite un f\u00e1cil acceso en cualquier momento, lo que aumenta la comodidad.<\/td>\n<\/tr>\n<tr>\n<td>Conexi\u00f3n a Internet estable<\/td>\n<td>Garantiza sesiones de juego fluidas y sin interrupciones.<\/td>\n<\/tr>\n<tr>\n<td>Aplicaci\u00f3n m\u00f3vil Lamalucky o sitio web optimizado para m\u00f3viles<\/td>\n<td>Ofrece una interfaz intuitiva adaptada a pantallas m\u00e1s peque\u00f1as.<\/td>\n<\/tr>\n<tr>\n<td>Correo electr\u00f3nico y contrase\u00f1a registrados o inicio de sesi\u00f3n a trav\u00e9s de redes sociales<\/td>\n<td>Facilita una autenticaci\u00f3n r\u00e1pida y segura.<\/td>\n<\/tr>\n<tr>\n<td>Autenticaci\u00f3n biom\u00e9trica (opcional)<\/td>\n<td>A\u00f1ade una capa adicional de seguridad mediante el reconocimiento de huellas dactilares o facial.<\/td>\n<\/tr>\n<tr>\n<td>Compatibilidad con dispositivos y actualizaciones del sistema operativo<\/td>\n<td>Garantiza un funcionamiento fluido con las \u00faltimas funciones de los dispositivos y los parches de seguridad.<\/td>\n<\/tr>\n<\/tbody>\n<\/table>\n<p>Como ves, el inicio de sesi\u00f3n en Lamalucky te da acceso inmediato al panel de control, con sus \u00fatiles funciones y un cat\u00e1logo de juegos. Todo lo que necesitas funciona bien; te ahorra tiempo y esfuerzo.<\/p>\n<h2>Gesti\u00f3n de sesiones<\/h2>\n<p>Lamalucky Casino es una plataforma que cuenta con una gesti\u00f3n de sesiones eficaz.<\/p>\n<ul>\n<li>Todo est\u00e1 sincronizado, y puedes iniciar y cerrar sesi\u00f3n en tu cuenta simult\u00e1neamente en todos los dispositivos que utilices.<\/li>\n<li>Las sesiones caducan autom\u00e1ticamente para aumentar la seguridad de tu cuenta.<\/li>\n<li>La plataforma tambi\u00e9n ofrece un sistema de registros en m\u00faltiples dispositivos, lo que permite a los jugadores ver las sesiones activas y detener cualquier acceso no autorizado.<\/li>\n<li>Cada inicio de sesi\u00f3n en Lamalucky es proactivo, lo que evita el uso indebido de la cuenta y garantiza una experiencia de juego segura.<\/li>\n<\/ul>\n<h2>Preguntas frecuentes<\/h2>\n<h3>\u00bfPor qu\u00e9 se bloquea mi cuenta tras varios intentos de inicio de sesi\u00f3n?<\/h3>\n<p>El bloqueo de las cuentas suele producirse cuando hay una se\u00f1al de alerta en el sistema, es decir, cuando ocurre algo sospechoso. Hacemos esto para proteger a los usuarios de accesos no autorizados. Cada intento fallido de inicio de sesi\u00f3n activa medidas de seguridad, y el usuario puede recuperar el acceso escribi\u00e9ndonos en el chat en vivo o utilizando las opciones de recuperaci\u00f3n de cuenta.<\/p>\n<h3>\u00bfPuedo cambiar mi nombre de usuario o mi direcci\u00f3n de correo electr\u00f3nico en Lama Lucky?<\/h3>\n<p>Puedes realizar los cambios que necesites en tu panel de control despu\u00e9s de iniciar sesi\u00f3n en Lamalucky. Pero no todos. Los jugadores utilizan la configuraci\u00f3n de su cuenta para actualizar su direcci\u00f3n de correo electr\u00f3nico registrada. No obstante, la posibilidad de cambiar el nombre de usuario suele estar limitada para evitar confusiones de identidad e incoherencias en la cuenta. No puedes cambiar tu informaci\u00f3n a diario; eso resultar\u00eda extra\u00f1o. Escribe a nuestro equipo de asistencia para obtener m\u00e1s detalles.<\/p>\n<h3>\u00bfC\u00f3mo activo la autenticaci\u00f3n de dos factores?<\/h3>\n<p>La autenticaci\u00f3n de dos factores (2FA) est\u00e1 disponible en la configuraci\u00f3n de seguridad de la cuenta de Lamalucky Casino. Se trata de una medida de seguridad adicional que te ayuda a protegerte, ya que te solicita que introduzcas un c\u00f3digo de verificaci\u00f3n al iniciar sesi\u00f3n. Recibir\u00e1s c\u00f3digos de verificaci\u00f3n adicionales para acceder a tu cuenta de Lamalucky.<\/p>\n<h3>\u00bfEs seguro guardar mis datos de inicio de sesi\u00f3n en el navegador?<\/h3>\n<p>Si conf\u00edas en tu navegador y en su seguridad, el gestor de contrase\u00f1as predeterminado es m\u00e1s que suficiente. La pr\u00e1ctica de guardar tus contrase\u00f1as en el navegador es habitual, siempre y cuando tengas una contrase\u00f1a segura y utilices otras medidas de seguridad; esa es la \u00fanica condici\u00f3n. Lama Lucky te recomienda buscar gestores de contrase\u00f1as a\u00fan m\u00e1s seguros para lograr un cifrado m\u00e1s s\u00f3lido y un mejor control de los datos de inicio de sesi\u00f3n de Lamalucky.<\/p>\n<\/div><\/div><\/p>\n","protected":false},"excerpt":{"rendered":"<p>Inicio de sesi\u00f3n en Lamalucky Si est\u00e1s aqu\u00ed para entrar en el exclusivo mundo online de nuestro casino, entonces Lamalucky login es para ti. Esta es nuestra puerta de entrada \u00fanica al mundo de los juegos divertidos y a una amplia selecci\u00f3n de fant\u00e1sticas funciones de Lama Lucky Casino que nunca olvidar\u00e1s. Ofrecemos un proceso [&hellip;]<\/p>\n","protected":false},"author":1,"featured_media":0,"parent":0,"menu_order":0,"comment_status":"closed","ping_status":"closed","template":"template-builder.php","meta":{"_acf_changed":false,"inline_featured_image":false,"footnotes":""},"class_list":["post-1487","page","type-page","status-publish","hentry"],"acf":[],"yoast_head":"<!-- This site is optimized with the Yoast SEO plugin v24.4 - https:\/\/yoast.com\/wordpress\/plugins\/seo\/ -->\n<title>Lamalucky Casino Login &amp; Registro | Acceso Seguro<\/title>\n<meta name=\"description\" content=\"Lamalucky Casino Login \u2013 crea tu perfil de jugador en menos de un minuto o inicia sesi\u00f3n con encriptaci\u00f3n de grado militar para total tranquilidad. Rastrea el progreso de apuestas, cambia entre m\u00e9todos de pago y activa c\u00f3digos promocionales al instante en Lama Lucky.\" \/>\n<meta name=\"robots\" content=\"index, follow, max-snippet:-1, max-image-preview:large, max-video-preview:-1\" \/>\n<link rel=\"canonical\" href=\"https:\/\/thelamalucky.net\/es\/inicio-de-sesion-y-registro\/\" \/>\n<meta property=\"og:locale\" content=\"es_ES\" \/>\n<meta property=\"og:type\" content=\"article\" \/>\n<meta property=\"og:title\" content=\"Lamalucky Casino Login &amp; Registro | Acceso Seguro\" \/>\n<meta property=\"og:description\" content=\"Lamalucky Casino Login \u2013 crea tu perfil de jugador en menos de un minuto o inicia sesi\u00f3n con encriptaci\u00f3n de grado militar para total tranquilidad. Rastrea el progreso de apuestas, cambia entre m\u00e9todos de pago y activa c\u00f3digos promocionales al instante en Lama Lucky.\" \/>\n<meta property=\"og:url\" content=\"https:\/\/thelamalucky.net\/es\/inicio-de-sesion-y-registro\/\" \/>\n<meta property=\"og:site_name\" content=\"lamalucky\" \/>\n<meta property=\"article:modified_time\" content=\"2026-04-14T09:11:15+00:00\" \/>\n<meta name=\"twitter:card\" content=\"summary_large_image\" \/>\n<meta name=\"twitter:label1\" content=\"Est. reading time\" \/>\n\t<meta name=\"twitter:data1\" content=\"1 minute\" \/>\n<script type=\"application\/ld+json\" class=\"yoast-schema-graph\">{\"@context\":\"https:\/\/schema.org\",\"@graph\":[{\"@type\":\"WebPage\",\"@id\":\"https:\/\/thelamalucky.net\/es\/inicio-de-sesion-y-registro\/\",\"url\":\"https:\/\/thelamalucky.net\/es\/inicio-de-sesion-y-registro\/\",\"name\":\"Lamalucky Casino Login & Registro | Acceso Seguro\",\"isPartOf\":{\"@id\":\"https:\/\/thelamalucky.net\/es\/#website\"},\"datePublished\":\"2026-01-20T12:11:11+00:00\",\"dateModified\":\"2026-04-14T09:11:15+00:00\",\"description\":\"Lamalucky Casino Login \u2013 crea tu perfil de jugador en menos de un minuto o inicia sesi\u00f3n con encriptaci\u00f3n de grado militar para total tranquilidad. Rastrea el progreso de apuestas, cambia entre m\u00e9todos de pago y activa c\u00f3digos promocionales al instante en Lama Lucky.\",\"breadcrumb\":{\"@id\":\"https:\/\/thelamalucky.net\/es\/inicio-de-sesion-y-registro\/#breadcrumb\"},\"inLanguage\":\"es-ES\",\"potentialAction\":[{\"@type\":\"ReadAction\",\"target\":[\"https:\/\/thelamalucky.net\/es\/inicio-de-sesion-y-registro\/\"]}]},{\"@type\":\"BreadcrumbList\",\"@id\":\"https:\/\/thelamalucky.net\/es\/inicio-de-sesion-y-registro\/#breadcrumb\",\"itemListElement\":[{\"@type\":\"ListItem\",\"position\":1,\"name\":\"Lamalucky\",\"item\":\"https:\/\/thelamalucky.net\/es\/\"},{\"@type\":\"ListItem\",\"position\":2,\"name\":\"Inicio de sesi\u00f3n y Registro\"}]},{\"@type\":\"WebSite\",\"@id\":\"https:\/\/thelamalucky.net\/es\/#website\",\"url\":\"https:\/\/thelamalucky.net\/es\/\",\"name\":\"Lamalucky\",\"description\":\"\",\"publisher\":{\"@id\":\"https:\/\/thelamalucky.net\/es\/#organization\"},\"potentialAction\":[{\"@type\":\"SearchAction\",\"target\":{\"@type\":\"EntryPoint\",\"urlTemplate\":\"https:\/\/thelamalucky.net\/es\/?s={search_term_string}\"},\"query-input\":{\"@type\":\"PropertyValueSpecification\",\"valueRequired\":true,\"valueName\":\"search_term_string\"}}],\"inLanguage\":\"es-ES\"},{\"@type\":\"Organization\",\"@id\":\"https:\/\/thelamalucky.net\/es\/#organization\",\"name\":\"Lamalucky\",\"url\":\"https:\/\/thelamalucky.net\/es\/\",\"logo\":{\"@type\":\"ImageObject\",\"inLanguage\":\"es-ES\",\"@id\":\"https:\/\/thelamalucky.net\/es\/#\/schema\/logo\/image\/\",\"url\":\"https:\/\/thelamalucky.net\/wp-content\/uploads\/2026\/04\/lamalucky-favicon.png\",\"contentUrl\":\"https:\/\/thelamalucky.net\/wp-content\/uploads\/2026\/04\/lamalucky-favicon.png\",\"width\":28,\"height\":24,\"caption\":\"Lamalucky\"},\"image\":{\"@id\":\"https:\/\/thelamalucky.net\/es\/#\/schema\/logo\/image\/\"}}]}<\/script>\n<!-- \/ Yoast SEO plugin. -->","yoast_head_json":{"title":"Lamalucky Casino Login & Registro | Acceso Seguro","description":"Lamalucky Casino Login \u2013 crea tu perfil de jugador en menos de un minuto o inicia sesi\u00f3n con encriptaci\u00f3n de grado militar para total tranquilidad. Rastrea el progreso de apuestas, cambia entre m\u00e9todos de pago y activa c\u00f3digos promocionales al instante en Lama Lucky.","robots":{"index":"index","follow":"follow","max-snippet":"max-snippet:-1","max-image-preview":"max-image-preview:large","max-video-preview":"max-video-preview:-1"},"canonical":"https:\/\/thelamalucky.net\/es\/inicio-de-sesion-y-registro\/","og_locale":"es_ES","og_type":"article","og_title":"Lamalucky Casino Login & Registro | Acceso Seguro","og_description":"Lamalucky Casino Login \u2013 crea tu perfil de jugador en menos de un minuto o inicia sesi\u00f3n con encriptaci\u00f3n de grado militar para total tranquilidad. Rastrea el progreso de apuestas, cambia entre m\u00e9todos de pago y activa c\u00f3digos promocionales al instante en Lama Lucky.","og_url":"https:\/\/thelamalucky.net\/es\/inicio-de-sesion-y-registro\/","og_site_name":"lamalucky","article_modified_time":"2026-04-14T09:11:15+00:00","twitter_card":"summary_large_image","twitter_misc":{"Est. reading time":"1 minute"},"schema":{"@context":"https:\/\/schema.org","@graph":[{"@type":"WebPage","@id":"https:\/\/thelamalucky.net\/es\/inicio-de-sesion-y-registro\/","url":"https:\/\/thelamalucky.net\/es\/inicio-de-sesion-y-registro\/","name":"Lamalucky Casino Login & Registro | Acceso Seguro","isPartOf":{"@id":"https:\/\/thelamalucky.net\/es\/#website"},"datePublished":"2026-01-20T12:11:11+00:00","dateModified":"2026-04-14T09:11:15+00:00","description":"Lamalucky Casino Login \u2013 crea tu perfil de jugador en menos de un minuto o inicia sesi\u00f3n con encriptaci\u00f3n de grado militar para total tranquilidad. Rastrea el progreso de apuestas, cambia entre m\u00e9todos de pago y activa c\u00f3digos promocionales al instante en Lama Lucky.","breadcrumb":{"@id":"https:\/\/thelamalucky.net\/es\/inicio-de-sesion-y-registro\/#breadcrumb"},"inLanguage":"es-ES","potentialAction":[{"@type":"ReadAction","target":["https:\/\/thelamalucky.net\/es\/inicio-de-sesion-y-registro\/"]}]},{"@type":"BreadcrumbList","@id":"https:\/\/thelamalucky.net\/es\/inicio-de-sesion-y-registro\/#breadcrumb","itemListElement":[{"@type":"ListItem","position":1,"name":"Lamalucky","item":"https:\/\/thelamalucky.net\/es\/"},{"@type":"ListItem","position":2,"name":"Inicio de sesi\u00f3n y Registro"}]},{"@type":"WebSite","@id":"https:\/\/thelamalucky.net\/es\/#website","url":"https:\/\/thelamalucky.net\/es\/","name":"Lamalucky","description":"","publisher":{"@id":"https:\/\/thelamalucky.net\/es\/#organization"},"potentialAction":[{"@type":"SearchAction","target":{"@type":"EntryPoint","urlTemplate":"https:\/\/thelamalucky.net\/es\/?s={search_term_string}"},"query-input":{"@type":"PropertyValueSpecification","valueRequired":true,"valueName":"search_term_string"}}],"inLanguage":"es-ES"},{"@type":"Organization","@id":"https:\/\/thelamalucky.net\/es\/#organization","name":"Lamalucky","url":"https:\/\/thelamalucky.net\/es\/","logo":{"@type":"ImageObject","inLanguage":"es-ES","@id":"https:\/\/thelamalucky.net\/es\/#\/schema\/logo\/image\/","url":"https:\/\/thelamalucky.net\/wp-content\/uploads\/2026\/04\/lamalucky-favicon.png","contentUrl":"https:\/\/thelamalucky.net\/wp-content\/uploads\/2026\/04\/lamalucky-favicon.png","width":28,"height":24,"caption":"Lamalucky"},"image":{"@id":"https:\/\/thelamalucky.net\/es\/#\/schema\/logo\/image\/"}}]}},"_links":{"self":[{"href":"https:\/\/thelamalucky.net\/es\/wp-json\/wp\/v2\/pages\/1487"}],"collection":[{"href":"https:\/\/thelamalucky.net\/es\/wp-json\/wp\/v2\/pages"}],"about":[{"href":"https:\/\/thelamalucky.net\/es\/wp-json\/wp\/v2\/types\/page"}],"author":[{"embeddable":true,"href":"https:\/\/thelamalucky.net\/es\/wp-json\/wp\/v2\/users\/1"}],"replies":[{"embeddable":true,"href":"https:\/\/thelamalucky.net\/es\/wp-json\/wp\/v2\/comments?post=1487"}],"version-history":[{"count":3,"href":"https:\/\/thelamalucky.net\/es\/wp-json\/wp\/v2\/pages\/1487\/revisions"}],"predecessor-version":[{"id":2083,"href":"https:\/\/thelamalucky.net\/es\/wp-json\/wp\/v2\/pages\/1487\/revisions\/2083"}],"wp:attachment":[{"href":"https:\/\/thelamalucky.net\/es\/wp-json\/wp\/v2\/media?parent=1487"}],"curies":[{"name":"wp","href":"https:\/\/api.w.org\/{rel}","templated":true}]}}