{"id":1440,"date":"2026-01-20T12:08:23","date_gmt":"2026-01-20T12:08:23","guid":{"rendered":"https:\/\/bonuskongcasino.com\/app\/"},"modified":"2026-04-14T08:59:46","modified_gmt":"2026-04-14T07:59:46","slug":"app","status":"publish","type":"page","link":"https:\/\/thelamalucky.net\/fr\/app\/","title":{"rendered":"App"},"content":{"rendered":"<h1>L&rsquo;application de casino Lamalucky<\/h1>\n<p>Si vous souhaitez jouer \u00e0 plus de 6 000 jeux et participer aux tournois de notre casino, vous devez essayer Lamalucky app. Nous sommes l\u00e0 pour vous offrir une exp\u00e9rience en ligne de haute qualit\u00e9, en visant \u00e0 \u00eatre aussi pratique et innovant que possible. L&rsquo;application vous permet de jouer \u00e0 vos jeux pr\u00e9f\u00e9r\u00e9s en toute mobilit\u00e9 : plus de c\u00e2bles, plus besoin de rester chez vous. Nous prenons en charge les derni\u00e8res technologies et garantissons une s\u00e9curit\u00e9 de haut niveau. Notre casino mobile est indispensable aux joueurs d&rsquo;aujourd&rsquo;hui, car nous offrons une exp\u00e9rience de jeu fluide et fiable sur n&rsquo;importe quel appareil.<\/p>\n<div class=\"banner-wrap\" aria-label=\"Banner\"><img src=\"https:\/\/thelamalucky.net\/wp-content\/uploads\/2026\/04\/Lamalucky-banner-carousel.webp\" class=\"w-100 d-none d-lg-block img-pc main-banner-img\" alt=\"Lamalucky banner carousel\" fetchpriority=\"high\" decoding=\"async\"><img src=\"https:\/\/thelamalucky.net\/wp-content\/uploads\/2026\/04\/lamalucky-banner-mobile.webp\" class=\"w-100 d-none d-md-block d-lg-none main-banner-img\" alt=\"lamalucky banner mobile\" fetchpriority=\"high\" decoding=\"async\"><img src=\"https:\/\/thelamalucky.net\/wp-content\/uploads\/2026\/04\/lamalucky-banner-mobile.webp\" class=\"w-100 d-md-none\" alt=\"lamalucky banner mobile\" fetchpriority=\"high\" decoding=\"async\"><div class=\"banner-description\">\n<div class=\"banner-title\">Bonus de bienvenue<\/div>\n<p class=\"banner-header-title\">1500 \u20ac<\/p>\n<div class=\"banner-header-AdditionalText\">+ 250 Tours gratuits<\/div>\n<button data-item=\"homepage_banner_link\" class=\"goto m-button m-gradient-border m-button--primary m-button--large banner-button btn-orange\">\n            <div class=\"m-button-content\">\n                <span>Inscrivez-vous d\u00e8s maintenant<\/span>\n                <span><\/span>\n            <\/div>\n        <\/button>\n<\/div>\n<div class=\"WelcomePack\">\n<p><img loading=\"lazy\" decoding=\"async\" class=\"alignnone size-full wp-image-1892\" src=\"https:\/\/thelamalucky.net\/wp-content\/uploads\/2026\/04\/welcome-crown.png\" alt=\"welcome crown\" width=\"25\" height=\"26\" \/><\/p>\n<div class=\"WelcomePack-Info\">Cashback hebdomadaire jusqu&rsquo;\u00e0 25 %<\/div>\n<p><img loading=\"lazy\" decoding=\"async\" class=\"alignnone size-full wp-image-1892\" src=\"https:\/\/thelamalucky.net\/wp-content\/uploads\/2026\/04\/welcome-crown.png\" alt=\"welcome crown\" width=\"25\" height=\"26\" \/><\/p>\n<\/div>\n<\/div>\n<h2>Fonctionnalit\u00e9s de l&rsquo;application Lamalucky<\/h2>\n<p>L&rsquo;application Lama Lucky est unique car elle est conviviale et dispose de fonctionnalit\u00e9s sophistiqu\u00e9es qui rendent l&rsquo;exp\u00e9rience mobile exceptionnelle et haut de gamme. Elle offre un acc\u00e8s imm\u00e9diat \u00e0 une large gamme de machines \u00e0 sous en ligne \u00e0 tout moment. Et qu&rsquo;en est-il des jeux de casino en direct ? Bien s\u00fbr, ils sont disponibles. Et tous les jeux de cartes du casino Lamalucky sont \u00e9galement accessibles. Tout est optimis\u00e9 pour les \u00e9crans tactiles. L&rsquo;interface r\u00e9active de l&rsquo;application garantit un chargement rapide, une navigation ais\u00e9e et des commandes intuitives, m\u00eame en p\u00e9riode de fort trafic Internet.<\/p>\n<p>Les mises \u00e0 jour automatiques comptent parmi les principaux avantages de l&rsquo;application. Cela signifie que les joueurs ne manqueront jamais une seule fonctionnalit\u00e9 ou am\u00e9lioration de s\u00e9curit\u00e9, car celles-ci sont automatiquement mises \u00e0 jour \u00e0 chaque fois. Vous pouvez profiter de notre application Lamalucky pour plusieurs raisons :<\/p>\n<ul>\n<li>Elle peut \u00eatre utilis\u00e9e sur plusieurs navigateurs et appareils, et ne limite donc pas les joueurs en raison de contraintes li\u00e9es au syst\u00e8me d&rsquo;exploitation ou au mat\u00e9riel.<\/li>\n<li>La l\u00e9g\u00e8ret\u00e9 de l&rsquo;application n&rsquo;\u00e9puise pas la m\u00e9moire ni la batterie des appareils, tout en offrant une exp\u00e9rience de jeu continue.<\/li>\n<li>De plus, Lamalucky Casino propose des fonctionnalit\u00e9s d&rsquo;assistance int\u00e9gr\u00e9es, telles qu&rsquo;un chat en direct et un contact direct avec l&rsquo;\u00e9quipe d&rsquo;assistance, afin de faciliter la r\u00e9solution des probl\u00e8mes ou la clarification des questions.<\/li>\n<li>L&rsquo;application facilite \u00e9galement le processus de v\u00e9rification, car le joueur peut s&rsquo;identifier rapidement et en toute discr\u00e9tion, et la s\u00e9curit\u00e9 de ses informations est garantie \u00e0 tout moment.<\/li>\n<\/ul>\n<p><div class=\"scrollable-content-wrap my-5\"><div class=\"scrollable-content-inner\"><h2>Application Lamalucky pour Android<\/h2>\n<p>Lamalucky est une application Android qui offre toutes les fonctionnalit\u00e9s principales, telles que le chat en direct, les transactions et la gestion de compte, sans compromettre la s\u00e9curit\u00e9. Parmi les appareils les plus adapt\u00e9s, vous pouvez utiliser Android OS version 7\u20138 ou sup\u00e9rieure pour une exp\u00e9rience de jeu fluide. Comme vous pouvez le constater, elle est accessible sur une grande vari\u00e9t\u00e9 de t\u00e9l\u00e9phones.<\/p>\n<p>L&rsquo;application Lamalucky est facile et rapide \u00e0 installer sur les appareils Android. Voici les \u00e9tapes \u00e0 suivre :<\/p>\n<ol>\n<li>Acc\u00e9dez \u00e0 la page d&rsquo;accueil du casino Lama Lucky.<\/li>\n<li>Faites d\u00e9filer la page vers le bas jusqu&rsquo;au bouton \u00ab Casino App \u00bb.<\/li>\n<li>Cliquez sur \u00ab Installer \u00bb et terminez le processus de t\u00e9l\u00e9chargement.<\/li>\n<li>Rendez-vous dans votre bo\u00eete de r\u00e9ception pour consulter l&rsquo;e-mail de confirmation envoy\u00e9 par Lamalucky Casino.<\/li>\n<li>Terminez le processus d&rsquo;inscription en suivant les instructions simples sur notre plateforme.<\/li>\n<\/ol>\n<p>Et voil\u00e0, c&rsquo;est simple et complet. Pas de sources inconnues, pas besoin de t\u00e9l\u00e9charger quoi que ce soit sur un appareil en cliquant sur les liens fournis, pas de tracas comme avec les fichiers APK \u2014 rien de louche.<\/p>\n<p>Une fois install\u00e9e, l&rsquo;ic\u00f4ne de l&rsquo;application Lamalucky appara\u00eetra sur votre \u00e9cran d&rsquo;accueil, vous donnant un acc\u00e8s direct \u00e0 l&rsquo;ensemble de votre biblioth\u00e8que de jeux. L&rsquo;application dispose d&rsquo;une interface simple, adapt\u00e9e aux fonctionnalit\u00e9s tactiles du syst\u00e8me Android, afin d&rsquo;offrir aux utilisateurs une exp\u00e9rience de jeu fluide et interactive.<\/p>\n<h2>Pourquoi choisir la PWA Lama Lucky plut\u00f4t que l&rsquo;APK<\/h2>\n<p>Lamalucky Casino a opt\u00e9 pour une application web progressive (PWA) comme principale option mobile pour de nombreuses raisons. Contrairement aux fichiers APK traditionnels ou aux applications natives, en choisissant la PWA, vous b\u00e9n\u00e9ficiez d\u2019une solution innovante qui \u00e9conomise la batterie de votre t\u00e9l\u00e9phone et ne combine que les meilleures caract\u00e9ristiques de la version web. Vous pouvez profiter de superbes graphismes, d\u2019un son de qualit\u00e9, etc., ainsi que d\u2019une application mobile l\u00e9g\u00e8re, rapide, portable et mise \u00e0 jour automatiquement.<\/p>\n<p>La d\u00e9cision de Lamalucky de mettre en place une PWA d\u00e9coule de plusieurs avantages. Voyez par vous-m\u00eame :<\/p>\n<ul>\n<li>Elle est ultra-l\u00e9g\u00e8re. Si vous v\u00e9rifiez son poids sur votre smartphone, vous serez surpris de constater qu\u2019il est proche de z\u00e9ro.<\/li>\n<li>Elle permet de prolonger l&rsquo;autonomie de la batterie, car elle \u00e9conomise de l&rsquo;\u00e9nergie m\u00eame lorsque vous jouez \u00e0 des jeux de casino en direct.<\/li>\n<li>Elle est compatible avec tous les appareils et syst\u00e8mes d&rsquo;exploitation, il n&rsquo;y a donc pas vraiment besoin de versions d&rsquo;application distinctes pour Android ou iOS.<\/li>\n<li>Et encore une chose : chez Lamalucky Casino, nous int\u00e9grons les fonctionnalit\u00e9s de s\u00e9curit\u00e9 les plus r\u00e9centes et les plus avanc\u00e9es dans la PWA, comme le TLS 1.3 et la protection DDoS.<\/li>\n<\/ul>\n<p><img loading=\"lazy\" decoding=\"async\" class=\"alignnone size-full wp-image-1911\" src=\"https:\/\/thelamalucky.net\/wp-content\/uploads\/2026\/04\/lamalucky-Android-App.webp\" alt=\"lamalucky Android App\" width=\"1248\" height=\"536\" srcset=\"https:\/\/thelamalucky.net\/wp-content\/uploads\/2026\/04\/lamalucky-Android-App.webp 1248w, https:\/\/thelamalucky.net\/wp-content\/uploads\/2026\/04\/lamalucky-Android-App-300x129.webp 300w, https:\/\/thelamalucky.net\/wp-content\/uploads\/2026\/04\/lamalucky-Android-App-1024x440.webp 1024w, https:\/\/thelamalucky.net\/wp-content\/uploads\/2026\/04\/lamalucky-Android-App-768x330.webp 768w\" sizes=\"(max-width: 1248px) 100vw, 1248px\" \/><\/p>\n<\/div><\/div><div style=\"clear: both\"><\/div><div class=\"d-flex justify-content-center\"><button data-item=\"decouvrez_link\" data-group=\"website_links\" class=\"goto fw-bold rounded-pill btn btn-orange\" aria-label=\"T\u00e9l\u00e9chargez l&#039;application Lamalucky\" >T\u00e9l\u00e9chargez l&#039;application Lamalucky<\/button><\/div><div class=\"scrollable-content-wrap my-5\"><div class=\"scrollable-content-inner\"><h2>Application Lamalucky pour iOS<\/h2>\n<p>Les utilisateurs de produits Apple n&rsquo;ont pas \u00e0 s&rsquo;inqui\u00e9ter non plus. Les utilisateurs d&rsquo;iPhone et d&rsquo;iPad disposent d&rsquo;une PWA Lamalucky unique, compatible avec tous vos appareils, tablettes comprises. Pour l&rsquo;obtenir, il vous suffit de vous rendre sur Lama Lucky et, \u00e0 l&rsquo;aide de votre navigateur Safari, de trouver le bouton \u00ab Ajouter \u00e0 l&rsquo;\u00e9cran d&rsquo;accueil \u00bb dans les param\u00e8tres. C&rsquo;est simple !<\/p>\n<p>Il s&rsquo;agit d&rsquo;une application optimis\u00e9e pour iOS qui offre une exp\u00e9rience de jeu rapide, s\u00fbre et simple.<\/p>\n<p>L&rsquo;application iOS est hautement s\u00e9curis\u00e9e gr\u00e2ce \u00e0 l&rsquo;utilisation du cryptage TLS pour prot\u00e9ger les informations personnelles et financi\u00e8res. Des services clients tels que le chat en direct et l&rsquo;\u00e9quipe d&rsquo;assistance de Lamalucky Casino sont tous en place, ce qui permet aux joueurs d&rsquo;acc\u00e9der au service client quand ils en ont besoin.<\/p>\n<p>Pour plus de s\u00e9curit\u00e9, Touch ID et Face ID sont activ\u00e9s, renfor\u00e7ant la s\u00e9curit\u00e9 de votre compte \u00e0 chaque connexion. Son design \u00e9pur\u00e9 permet de naviguer facilement et efficacement dans la vaste biblioth\u00e8que de jeux, de g\u00e9rer les d\u00e9p\u00f4ts et les retraits, et de profiter des autres promotions.<\/p>\n<p><img loading=\"lazy\" decoding=\"async\" class=\"alignnone size-full wp-image-1935\" src=\"https:\/\/thelamalucky.net\/wp-content\/uploads\/2026\/04\/lamalucky-iOS-App.webp\" alt=\"lamalucky iOS App\" width=\"1248\" height=\"536\" srcset=\"https:\/\/thelamalucky.net\/wp-content\/uploads\/2026\/04\/lamalucky-iOS-App.webp 1248w, https:\/\/thelamalucky.net\/wp-content\/uploads\/2026\/04\/lamalucky-iOS-App-300x129.webp 300w, https:\/\/thelamalucky.net\/wp-content\/uploads\/2026\/04\/lamalucky-iOS-App-1024x440.webp 1024w, https:\/\/thelamalucky.net\/wp-content\/uploads\/2026\/04\/lamalucky-iOS-App-768x330.webp 768w\" sizes=\"(max-width: 1248px) 100vw, 1248px\" \/><\/p>\n<\/div><\/div><div style=\"clear: both\"><\/div><div class=\"d-flex justify-content-center\"><button data-item=\"decouvrez_link\" data-group=\"website_links\" class=\"goto fw-bold rounded-pill btn btn-orange\" aria-label=\"T\u00e9l\u00e9chargez l&#039;application Lamalucky\" >T\u00e9l\u00e9chargez l&#039;application Lamalucky<\/button><\/div><div class=\"scrollable-content-wrap my-5\"><div class=\"scrollable-content-inner\"><h2>Version de bureau de Lama Lucky Casino<\/h2>\n<p>Bien que le casino mobile offre une commodit\u00e9 in\u00e9gal\u00e9e, la version de bureau de Lamalucky est \u00e9galement une option fiable pour ceux qui souhaitent jouer sur un ordinateur. La plateforme de bureau offre un ensemble complet de fonctionnalit\u00e9s pratiques, ainsi que le m\u00eame large choix de machines \u00e0 sous en ligne, de tables avec croupiers en direct et de jeux instantan\u00e9s.<\/p>\n<table>\n<tbody>\n<tr>\n<td>Fonctionnalit\u00e9<\/td>\n<td>D\u00e9tails<\/td>\n<\/tr>\n<tr>\n<td>Interface et compatibilit\u00e9<\/td>\n<td>S&rsquo;adapte \u00e0 toutes les tailles et r\u00e9solutions d&rsquo;\u00e9cran, et offre la m\u00eame exp\u00e9rience sur les syst\u00e8mes Mac et Windows.<\/td>\n<\/tr>\n<tr>\n<td>Acc\u00e8s rapide<\/td>\n<td>Les joueurs ont la possibilit\u00e9 de cr\u00e9er des raccourcis sur leur bureau pour un acc\u00e8s rapide, ce qui leur \u00e9vite d&rsquo;avoir \u00e0 passer par le navigateur \u00e0 chaque fois.<\/td>\n<\/tr>\n<tr>\n<td>Fonctionnalit\u00e9s prises en charge<\/td>\n<td>Prend en charge toutes les fonctionnalit\u00e9s, y compris la proc\u00e9dure de v\u00e9rification, le service client par chat en direct et les options de paiement s\u00e9curis\u00e9es.<\/td>\n<\/tr>\n<\/tbody>\n<\/table>\n<p>La version de bureau de Lamalucky Casino met l&rsquo;accent sur la stabilit\u00e9 et la fluidit\u00e9 des performances. Vous pouvez \u00e9galement profiter d&rsquo;une exp\u00e9rience optimale lors de sessions de jeu et de transactions \u00e0 haut volume. L&rsquo;application Lamalucky offre les m\u00eames niveaux de s\u00e9curit\u00e9 \u00e9lev\u00e9s, garantissant que les donn\u00e9es des utilisateurs ne sont jamais compromises lors de leurs interactions.<\/p>\n<h3>S\u00e9curit\u00e9 et \u00e9quit\u00e9<\/h3>\n<p>Lamalucky Casino accorde une grande importance \u00e0 la s\u00e9curit\u00e9 et \u00e0 l&rsquo;\u00e9quit\u00e9. Toutes les transactions sont crypt\u00e9es via TLS 1.3. Vous pouvez \u00eatre s\u00fbr et serein que vos donn\u00e9es personnelles et financi\u00e8res resteront confidentielles. Le site dispose de syst\u00e8mes de s\u00e9curit\u00e9 tr\u00e8s performants pour lutter contre les acc\u00e8s non autoris\u00e9s, les bots, le phishing et les fuites de donn\u00e9es.<\/p>\n<p>Tous les r\u00e9sultats des machines \u00e0 sous et des jeux en ligne sur Lamalucky sont garantis par des g\u00e9n\u00e9rateurs de nombres al\u00e9atoires certifi\u00e9s. Le casino est \u00e9galement soumis \u00e0 des normes strictes en mati\u00e8re de licence et de r\u00e9glementation, ce qui garantit la transparence et l&rsquo;int\u00e9grit\u00e9 de toutes ses op\u00e9rations. Les joueurs peuvent \u00eatre assur\u00e9s que l&rsquo;\u00e9quipe d&rsquo;assistance est joignable via le chat en direct et qu&rsquo;elle leur viendra en aide en cas de panne ou de tout probl\u00e8me li\u00e9 \u00e0 la s\u00e9curit\u00e9 ou \u00e0 l&rsquo;\u00e9quit\u00e9.<\/p>\n<p><img loading=\"lazy\" decoding=\"async\" class=\"alignnone size-full wp-image-1927\" src=\"https:\/\/thelamalucky.net\/wp-content\/uploads\/2026\/04\/lamalucky-Desktop.webp\" alt=\"lamalucky Desktop\" width=\"1248\" height=\"536\" srcset=\"https:\/\/thelamalucky.net\/wp-content\/uploads\/2026\/04\/lamalucky-Desktop.webp 1248w, https:\/\/thelamalucky.net\/wp-content\/uploads\/2026\/04\/lamalucky-Desktop-300x129.webp 300w, https:\/\/thelamalucky.net\/wp-content\/uploads\/2026\/04\/lamalucky-Desktop-1024x440.webp 1024w, https:\/\/thelamalucky.net\/wp-content\/uploads\/2026\/04\/lamalucky-Desktop-768x330.webp 768w\" sizes=\"(max-width: 1248px) 100vw, 1248px\" \/><\/p>\n<\/div><\/div><div style=\"clear: both\"><\/div><div class=\"d-flex justify-content-center\"><button data-item=\"decouvrez_link\" data-group=\"website_links\" class=\"goto fw-bold rounded-pill btn btn-orange\" aria-label=\"T\u00e9l\u00e9chargez l&#039;application Lamalucky\" >T\u00e9l\u00e9chargez l&#039;application Lamalucky<\/button><\/div><div class=\"scrollable-content-wrap my-5\"><div class=\"scrollable-content-inner\"><h2>FAQ<\/h2>\n<h3>Quelle est la configuration minimale requise pour l&rsquo;application ?<\/h3>\n<p>Sachez que les tr\u00e8s anciens t\u00e9l\u00e9phones \u00e0 touches ne pourront pas faire fonctionner l&rsquo;application Lama Lucky, mais vous n&rsquo;aurez aucun probl\u00e8me avec tous les nouveaux smartphones ! L&rsquo;application n\u00e9cessite Android 8.0 ou une version sup\u00e9rieure, ou iOS 12.0 ou une version sup\u00e9rieure. La m\u00e9moire vive (RAM) minimale doit \u00eatre de 2 Go, et la connexion Internet doit \u00eatre stable pour garantir des performances optimales de l&rsquo;appareil.<\/p>\n<h3>Comment installer le fichier APK sur mon appareil Android ?<\/h3>\n<p>Nous ne prenons pas en charge le t\u00e9l\u00e9chargement des fichiers APK. Nous proposons une nouvelle version pratique de l&rsquo;application PWA qui ne n\u00e9cessite aucun t\u00e9l\u00e9chargement et ne prend pas de place sur votre t\u00e9l\u00e9phone, contrairement aux APK classiques. Essayez-la et dites-nous dans le chat en direct si vous appr\u00e9ciez notre application Lamalucky.<\/p>\n<h3>Puis-je utiliser mon compte existant dans l&rsquo;application mobile ?<\/h3>\n<p>Oui, les joueurs peuvent \u00e9galement utiliser les m\u00eames identifiants de leur compte Lamalucky Casino pour se connecter. Notre politique de confidentialit\u00e9 stipule que vous ne devez pas cr\u00e9er plusieurs comptes, car cela enfreint les r\u00e8gles de Lamalucky. La synchronisation de toutes les informations de compte, des soldes et de l&rsquo;historique de jeu s&rsquo;effectue sur toutes les plateformes.<\/p>\n<h3>Y a-t-il une diff\u00e9rence entre l&rsquo;application et la version navigateur ?<\/h3>\n<p>D&rsquo;un point de vue technique, il n&rsquo;y a aucune diff\u00e9rence entre notre application Lama Lucky et la version compl\u00e8te : le catalogue de jeux, le tableau de bord et les transactions financi\u00e8res sont identiques. Comme vous le comprenez maintenant, toutes les fonctionnalit\u00e9s disponibles sur la version navigateur sont accessibles via l&rsquo;application.<\/p>\n<\/div><\/div><\/p>\n","protected":false},"excerpt":{"rendered":"<p>L&rsquo;application de casino Lamalucky Si vous souhaitez jouer \u00e0 plus de 6 000 jeux et participer aux tournois de notre casino, vous devez essayer Lamalucky app. Nous sommes l\u00e0 pour vous offrir une exp\u00e9rience en ligne de haute qualit\u00e9, en visant \u00e0 \u00eatre aussi pratique et innovant que possible. L&rsquo;application vous permet de jouer \u00e0 [&hellip;]<\/p>\n","protected":false},"author":1,"featured_media":0,"parent":0,"menu_order":0,"comment_status":"closed","ping_status":"closed","template":"template-builder.php","meta":{"_acf_changed":false,"inline_featured_image":false,"footnotes":""},"class_list":["post-1440","page","type-page","status-publish","hentry"],"acf":[],"yoast_head":"<!-- This site is optimized with the Yoast SEO plugin v24.4 - https:\/\/yoast.com\/wordpress\/plugins\/seo\/ -->\n<title>Lamalucky App | Application Officielle pour Android &amp; iOS<\/title>\n<meta name=\"description\" content=\"Lamalucky App \u2013 obtenez l&#039;application officielle du casino pour Android et iOS et profitez d&#039;un jeu fluide o\u00f9 que la vie vous m\u00e8ne. Acc\u00e9dez aux d\u00e9p\u00f4ts en un clic, notifications personnalisables et promotions exclusives r\u00e9serv\u00e9es au mobile avec Lama Lucky.\" \/>\n<meta name=\"robots\" content=\"index, follow, max-snippet:-1, max-image-preview:large, max-video-preview:-1\" \/>\n<link rel=\"canonical\" href=\"https:\/\/thelamalucky.net\/fr\/app\/\" \/>\n<meta property=\"og:locale\" content=\"fr_FR\" \/>\n<meta property=\"og:type\" content=\"article\" \/>\n<meta property=\"og:title\" content=\"Lamalucky App | Application Officielle pour Android &amp; iOS\" \/>\n<meta property=\"og:description\" content=\"Lamalucky App \u2013 obtenez l&#039;application officielle du casino pour Android et iOS et profitez d&#039;un jeu fluide o\u00f9 que la vie vous m\u00e8ne. Acc\u00e9dez aux d\u00e9p\u00f4ts en un clic, notifications personnalisables et promotions exclusives r\u00e9serv\u00e9es au mobile avec Lama Lucky.\" \/>\n<meta property=\"og:url\" content=\"https:\/\/thelamalucky.net\/fr\/app\/\" \/>\n<meta property=\"og:site_name\" content=\"lamalucky\" \/>\n<meta property=\"article:modified_time\" content=\"2026-04-14T07:59:46+00:00\" \/>\n<meta name=\"twitter:card\" content=\"summary_large_image\" \/>\n<meta name=\"twitter:label1\" content=\"Dur\u00e9e de lecture estim\u00e9e\" \/>\n\t<meta name=\"twitter:data1\" content=\"2 minutes\" \/>\n<script type=\"application\/ld+json\" class=\"yoast-schema-graph\">{\"@context\":\"https:\/\/schema.org\",\"@graph\":[{\"@type\":\"WebPage\",\"@id\":\"https:\/\/thelamalucky.net\/fr\/app\/\",\"url\":\"https:\/\/thelamalucky.net\/fr\/app\/\",\"name\":\"Lamalucky App | Application Officielle pour Android & iOS\",\"isPartOf\":{\"@id\":\"https:\/\/thelamalucky.net\/fr\/#website\"},\"datePublished\":\"2026-01-20T12:08:23+00:00\",\"dateModified\":\"2026-04-14T07:59:46+00:00\",\"description\":\"Lamalucky App \u2013 obtenez l'application officielle du casino pour Android et iOS et profitez d'un jeu fluide o\u00f9 que la vie vous m\u00e8ne. Acc\u00e9dez aux d\u00e9p\u00f4ts en un clic, notifications personnalisables et promotions exclusives r\u00e9serv\u00e9es au mobile avec Lama Lucky.\",\"breadcrumb\":{\"@id\":\"https:\/\/thelamalucky.net\/fr\/app\/#breadcrumb\"},\"inLanguage\":\"fr-FR\",\"potentialAction\":[{\"@type\":\"ReadAction\",\"target\":[\"https:\/\/thelamalucky.net\/fr\/app\/\"]}]},{\"@type\":\"BreadcrumbList\",\"@id\":\"https:\/\/thelamalucky.net\/fr\/app\/#breadcrumb\",\"itemListElement\":[{\"@type\":\"ListItem\",\"position\":1,\"name\":\"Lamalucky\",\"item\":\"https:\/\/thelamalucky.net\/fr\/\"},{\"@type\":\"ListItem\",\"position\":2,\"name\":\"App\"}]},{\"@type\":\"WebSite\",\"@id\":\"https:\/\/thelamalucky.net\/fr\/#website\",\"url\":\"https:\/\/thelamalucky.net\/fr\/\",\"name\":\"Lamalucky\",\"description\":\"\",\"publisher\":{\"@id\":\"https:\/\/thelamalucky.net\/fr\/#organization\"},\"potentialAction\":[{\"@type\":\"SearchAction\",\"target\":{\"@type\":\"EntryPoint\",\"urlTemplate\":\"https:\/\/thelamalucky.net\/fr\/?s={search_term_string}\"},\"query-input\":{\"@type\":\"PropertyValueSpecification\",\"valueRequired\":true,\"valueName\":\"search_term_string\"}}],\"inLanguage\":\"fr-FR\"},{\"@type\":\"Organization\",\"@id\":\"https:\/\/thelamalucky.net\/fr\/#organization\",\"name\":\"Lamalucky\",\"url\":\"https:\/\/thelamalucky.net\/fr\/\",\"logo\":{\"@type\":\"ImageObject\",\"inLanguage\":\"fr-FR\",\"@id\":\"https:\/\/thelamalucky.net\/fr\/#\/schema\/logo\/image\/\",\"url\":\"https:\/\/thelamalucky.net\/wp-content\/uploads\/2026\/04\/lamalucky-favicon.png\",\"contentUrl\":\"https:\/\/thelamalucky.net\/wp-content\/uploads\/2026\/04\/lamalucky-favicon.png\",\"width\":28,\"height\":24,\"caption\":\"Lamalucky\"},\"image\":{\"@id\":\"https:\/\/thelamalucky.net\/fr\/#\/schema\/logo\/image\/\"}}]}<\/script>\n<!-- \/ Yoast SEO plugin. -->","yoast_head_json":{"title":"Lamalucky App | Application Officielle pour Android & iOS","description":"Lamalucky App \u2013 obtenez l'application officielle du casino pour Android et iOS et profitez d'un jeu fluide o\u00f9 que la vie vous m\u00e8ne. Acc\u00e9dez aux d\u00e9p\u00f4ts en un clic, notifications personnalisables et promotions exclusives r\u00e9serv\u00e9es au mobile avec Lama Lucky.","robots":{"index":"index","follow":"follow","max-snippet":"max-snippet:-1","max-image-preview":"max-image-preview:large","max-video-preview":"max-video-preview:-1"},"canonical":"https:\/\/thelamalucky.net\/fr\/app\/","og_locale":"fr_FR","og_type":"article","og_title":"Lamalucky App | Application Officielle pour Android & iOS","og_description":"Lamalucky App \u2013 obtenez l'application officielle du casino pour Android et iOS et profitez d'un jeu fluide o\u00f9 que la vie vous m\u00e8ne. Acc\u00e9dez aux d\u00e9p\u00f4ts en un clic, notifications personnalisables et promotions exclusives r\u00e9serv\u00e9es au mobile avec Lama Lucky.","og_url":"https:\/\/thelamalucky.net\/fr\/app\/","og_site_name":"lamalucky","article_modified_time":"2026-04-14T07:59:46+00:00","twitter_card":"summary_large_image","twitter_misc":{"Dur\u00e9e de lecture estim\u00e9e":"2 minutes"},"schema":{"@context":"https:\/\/schema.org","@graph":[{"@type":"WebPage","@id":"https:\/\/thelamalucky.net\/fr\/app\/","url":"https:\/\/thelamalucky.net\/fr\/app\/","name":"Lamalucky App | Application Officielle pour Android & iOS","isPartOf":{"@id":"https:\/\/thelamalucky.net\/fr\/#website"},"datePublished":"2026-01-20T12:08:23+00:00","dateModified":"2026-04-14T07:59:46+00:00","description":"Lamalucky App \u2013 obtenez l'application officielle du casino pour Android et iOS et profitez d'un jeu fluide o\u00f9 que la vie vous m\u00e8ne. Acc\u00e9dez aux d\u00e9p\u00f4ts en un clic, notifications personnalisables et promotions exclusives r\u00e9serv\u00e9es au mobile avec Lama Lucky.","breadcrumb":{"@id":"https:\/\/thelamalucky.net\/fr\/app\/#breadcrumb"},"inLanguage":"fr-FR","potentialAction":[{"@type":"ReadAction","target":["https:\/\/thelamalucky.net\/fr\/app\/"]}]},{"@type":"BreadcrumbList","@id":"https:\/\/thelamalucky.net\/fr\/app\/#breadcrumb","itemListElement":[{"@type":"ListItem","position":1,"name":"Lamalucky","item":"https:\/\/thelamalucky.net\/fr\/"},{"@type":"ListItem","position":2,"name":"App"}]},{"@type":"WebSite","@id":"https:\/\/thelamalucky.net\/fr\/#website","url":"https:\/\/thelamalucky.net\/fr\/","name":"Lamalucky","description":"","publisher":{"@id":"https:\/\/thelamalucky.net\/fr\/#organization"},"potentialAction":[{"@type":"SearchAction","target":{"@type":"EntryPoint","urlTemplate":"https:\/\/thelamalucky.net\/fr\/?s={search_term_string}"},"query-input":{"@type":"PropertyValueSpecification","valueRequired":true,"valueName":"search_term_string"}}],"inLanguage":"fr-FR"},{"@type":"Organization","@id":"https:\/\/thelamalucky.net\/fr\/#organization","name":"Lamalucky","url":"https:\/\/thelamalucky.net\/fr\/","logo":{"@type":"ImageObject","inLanguage":"fr-FR","@id":"https:\/\/thelamalucky.net\/fr\/#\/schema\/logo\/image\/","url":"https:\/\/thelamalucky.net\/wp-content\/uploads\/2026\/04\/lamalucky-favicon.png","contentUrl":"https:\/\/thelamalucky.net\/wp-content\/uploads\/2026\/04\/lamalucky-favicon.png","width":28,"height":24,"caption":"Lamalucky"},"image":{"@id":"https:\/\/thelamalucky.net\/fr\/#\/schema\/logo\/image\/"}}]}},"_links":{"self":[{"href":"https:\/\/thelamalucky.net\/fr\/wp-json\/wp\/v2\/pages\/1440"}],"collection":[{"href":"https:\/\/thelamalucky.net\/fr\/wp-json\/wp\/v2\/pages"}],"about":[{"href":"https:\/\/thelamalucky.net\/fr\/wp-json\/wp\/v2\/types\/page"}],"author":[{"embeddable":true,"href":"https:\/\/thelamalucky.net\/fr\/wp-json\/wp\/v2\/users\/1"}],"replies":[{"embeddable":true,"href":"https:\/\/thelamalucky.net\/fr\/wp-json\/wp\/v2\/comments?post=1440"}],"version-history":[{"count":4,"href":"https:\/\/thelamalucky.net\/fr\/wp-json\/wp\/v2\/pages\/1440\/revisions"}],"predecessor-version":[{"id":2043,"href":"https:\/\/thelamalucky.net\/fr\/wp-json\/wp\/v2\/pages\/1440\/revisions\/2043"}],"wp:attachment":[{"href":"https:\/\/thelamalucky.net\/fr\/wp-json\/wp\/v2\/media?parent=1440"}],"curies":[{"name":"wp","href":"https:\/\/api.w.org\/{rel}","templated":true}]}}