{"id":1482,"date":"2026-01-20T12:11:11","date_gmt":"2026-01-20T12:11:11","guid":{"rendered":"https:\/\/bonuskongcasino.com\/login-and-registration\/"},"modified":"2026-04-14T09:02:15","modified_gmt":"2026-04-14T08:02:15","slug":"connexion-et-inscription","status":"publish","type":"page","link":"https:\/\/thelamalucky.net\/fr\/connexion-et-inscription\/","title":{"rendered":"Connexion et inscription"},"content":{"rendered":"<h1>Connexion \u00e0 Lamalucky<\/h1>\n<p>Si vous \u00eates ici pour entrer dans l&rsquo;univers en ligne exclusif de notre casino, alors Lamalucky login est fait pour vous. C&rsquo;est notre porte d&rsquo;entr\u00e9e unique vers le monde des jeux divertissants et une vaste s\u00e9lection de fonctionnalit\u00e9s fantastiques du casino Lama Lucky que vous n&rsquo;oublierez jamais. Nous proposons un processus de connexion s\u00e9curis\u00e9 et efficace ainsi qu&rsquo;une assistance multilingue, et nos chers joueurs peuvent profiter d&rsquo;une partie en ligne agr\u00e9able d\u00e8s qu&rsquo;ils en ont envie.<\/p>\n<p><div class=\"banner-wrap\" aria-label=\"Banner\"><img src=\"https:\/\/thelamalucky.net\/wp-content\/uploads\/2026\/04\/Lamalucky-banner-carousel.webp\" class=\"w-100 d-none d-lg-block img-pc main-banner-img\" alt=\"Lamalucky banner carousel\" fetchpriority=\"high\" decoding=\"async\"><img src=\"https:\/\/thelamalucky.net\/wp-content\/uploads\/2026\/04\/lamalucky-banner-mobile.webp\" class=\"w-100 d-none d-md-block d-lg-none main-banner-img\" alt=\"lamalucky banner mobile\" fetchpriority=\"high\" decoding=\"async\"><img src=\"https:\/\/thelamalucky.net\/wp-content\/uploads\/2026\/04\/lamalucky-banner-mobile.webp\" class=\"w-100 d-md-none\" alt=\"lamalucky banner mobile\" fetchpriority=\"high\" decoding=\"async\"><div class=\"banner-description\">\n<div class=\"banner-title\">Bonus de bienvenue<\/div>\n<p class=\"banner-header-title\">1500 \u20ac<\/p>\n<div class=\"banner-header-AdditionalText\">+ 250 Tours gratuits<\/div>\n<button data-item=\"homepage_banner_link\" class=\"goto m-button m-gradient-border m-button--primary m-button--large banner-button btn-orange\">\n            <div class=\"m-button-content\">\n                <span>Inscrivez-vous d\u00e8s maintenant<\/span>\n                <span><\/span>\n            <\/div>\n        <\/button>\n<\/div>\n<div class=\"WelcomePack\">\n<p><img loading=\"lazy\" decoding=\"async\" class=\"alignnone size-full wp-image-1892\" src=\"https:\/\/thelamalucky.net\/wp-content\/uploads\/2026\/04\/welcome-crown.png\" alt=\"welcome crown\" width=\"25\" height=\"26\" \/><\/p>\n<div class=\"WelcomePack-Info\">Cashback hebdomadaire jusqu&rsquo;\u00e0 25 %<\/div>\n<p><img loading=\"lazy\" decoding=\"async\" class=\"alignnone size-full wp-image-1892\" src=\"https:\/\/thelamalucky.net\/wp-content\/uploads\/2026\/04\/welcome-crown.png\" alt=\"welcome crown\" width=\"25\" height=\"26\" \/><\/p>\n<\/div>\n<\/div><div class=\"scrollable-content-wrap my-5\"><div class=\"scrollable-content-inner\"><h2>Proc\u00e9dure d&rsquo;inscription \u00e0 Lamalucky<\/h2>\n<p>La cr\u00e9ation d&rsquo;un compte sur Lamalucky Casino offre une grande vari\u00e9t\u00e9 d&rsquo;options, telles que l&rsquo;acc\u00e8s \u00e0 des bonus exclusifs, la gestion de compte et une vaste biblioth\u00e8que de jeux. L&rsquo;inscription est simple. Nous nous effor\u00e7ons de la rendre s\u00e9curis\u00e9e et pratique pour tous les utilisateurs. Il est facile de cr\u00e9er un compte, et vous pouvez le faire sans aucune aide.<\/p>\n<p>Une fois inscrits, les joueurs peuvent, depuis leur tableau de bord Lama Lucky, effectuer des d\u00e9p\u00f4ts, profiter des promotions et consulter leur historique de jeu.<\/p>\n<p>Comment savoir si l&rsquo;inscription est termin\u00e9e et si tout fonctionne correctement ?<\/p>\n<ul>\n<li>Vous disposez d&rsquo;un e-mail et d&rsquo;un mot de passe enregistr\u00e9s pour vous connecter \u00e0 Lamalucky.<\/li>\n<li>Vous avez saisi vos m\u00e9thodes de d\u00e9p\u00f4t et de retrait dans votre profil Lama Lucky.<\/li>\n<li>Vous avez pass\u00e9 le KYC, notre processus de v\u00e9rification interne.<\/li>\n<\/ul>\n<p>Avant d&rsquo;effectuer votre premier d\u00e9p\u00f4t sur notre plateforme, vous devez respecter nos r\u00e8gles de jeu responsable et passer la v\u00e9rification, car c&rsquo;est le moyen de vous prot\u00e9ger et de prot\u00e9ger les autres joueurs. Lamalucky Casino accorde une grande importance \u00e0 la s\u00e9curit\u00e9 des donn\u00e9es. Nous utilisons des algorithmes de cryptage sophistiqu\u00e9s pour s\u00e9curiser les informations des utilisateurs. Apr\u00e8s l&rsquo;inscription, les joueurs ont la possibilit\u00e9 de g\u00e9rer facilement leurs comptes, d&rsquo;utiliser les services d&rsquo;assistance et de tirer le meilleur parti de la plateforme.<\/p>\n<h2>Proc\u00e9dure de connexion \u00e0 Lamalucky<\/h2>\n<p>Une fois votre inscription termin\u00e9e, il est grand temps de vous connecter pour la premi\u00e8re fois \u00e0 Lamalucky ! La proc\u00e9dure de connexion \u00e0 votre compte est rapide et s\u00e9curis\u00e9e. Il vous suffit de suivre les \u00e9tapes suivantes :<\/p>\n<ol>\n<li>Ouvrez n&rsquo;importe quelle page de Lama Lucky Casino.<\/li>\n<li>Dans le coin sup\u00e9rieur droit, cliquez sur le bouton \u00ab S\u2019inscrire\u00bb.<\/li>\n<li>Saisissez votre adresse e-mail et le mot de passe que vous avez enregistr\u00e9.<\/li>\n<li>Vous pouvez \u00e9galement vous connecter via un compte de r\u00e9seau social, tel que Google, ce qui simplifiera la proc\u00e9dure de connexion sans compromettre la s\u00e9curit\u00e9.<\/li>\n<\/ol>\n<p>Une fois connect\u00e9s, les joueurs peuvent effectuer diverses op\u00e9rations sur leur compte, telles que d\u00e9poser de l&rsquo;argent, retirer leurs gains, modifier les param\u00e8tres de leur compte et m\u00eame jouer \u00e0 des jeux de casino en direct. La plateforme utilise le cryptage TLS 1.3 pour toutes les transactions, garantissant ainsi l&rsquo;int\u00e9grit\u00e9 des donn\u00e9es des utilisateurs et des informations financi\u00e8res. L&rsquo;interface Lamalucky est \u00e9galement tr\u00e8s intuitive, ce qui facilite la navigation dans l&rsquo;ensemble du portefeuille de jeux.<\/p>\n<h3>Authentification sur l&rsquo;application mobile Lama Lucky<\/h3>\n<p>La connexion depuis votre smartphone se d\u00e9roule de la m\u00eame mani\u00e8re. D\u00e9couvrez les \u00e9tapes \u00e0 suivre pour vous connecter \u00e0 Lamalucky et les avantages que vous pouvez en tirer :<\/p>\n<table>\n<tbody>\n<tr>\n<td>Conditions de connexion mobile<\/td>\n<td>Fonctionnalit\u00e9s et avantages<\/td>\n<\/tr>\n<tr>\n<td>Appareils mobiles pris en charge (smartphones, tablettes)<\/td>\n<td>Permet un acc\u00e8s facile \u00e0 tout moment, pour plus de commodit\u00e9.<\/td>\n<\/tr>\n<tr>\n<td>Connexion Internet stable<\/td>\n<td>Garantit des sessions de jeu fluides et sans interruption.<\/td>\n<\/tr>\n<tr>\n<td>Application mobile Lamalucky ou site web adapt\u00e9 aux mobiles<\/td>\n<td>Offre une interface conviviale adapt\u00e9e aux petits \u00e9crans.<\/td>\n<\/tr>\n<tr>\n<td>Connexion via e-mail et mot de passe enregistr\u00e9s ou via les r\u00e9seaux sociaux<\/td>\n<td>Permet une authentification rapide et s\u00e9curis\u00e9e.<\/td>\n<\/tr>\n<tr>\n<td>Authentification biom\u00e9trique (facultative)<\/td>\n<td>Ajoute un niveau de s\u00e9curit\u00e9 suppl\u00e9mentaire gr\u00e2ce \u00e0 la reconnaissance d&#8217;empreintes digitales ou faciale.<\/td>\n<\/tr>\n<tr>\n<td>Compatibilit\u00e9 des appareils et mises \u00e0 jour du syst\u00e8me d&rsquo;exploitation<\/td>\n<td>Assure un fonctionnement fluide gr\u00e2ce aux derni\u00e8res fonctionnalit\u00e9s des appareils et aux correctifs de s\u00e9curit\u00e9.<\/td>\n<\/tr>\n<\/tbody>\n<\/table>\n<p>Comme vous pouvez le constater, la connexion \u00e0 Lamalucky vous donne un acc\u00e8s imm\u00e9diat au tableau de bord, avec ses fonctionnalit\u00e9s utiles et son catalogue de jeux. Tout ce dont vous avez besoin fonctionne parfaitement ; c&rsquo;est rapide et sans effort.<\/p>\n<p><img loading=\"lazy\" decoding=\"async\" class=\"alignnone size-full wp-image-1943\" src=\"https:\/\/thelamalucky.net\/wp-content\/uploads\/2026\/04\/lamalucky-Login.webp\" alt=\"lamalucky Login\" width=\"1248\" height=\"536\" srcset=\"https:\/\/thelamalucky.net\/wp-content\/uploads\/2026\/04\/lamalucky-Login.webp 1248w, https:\/\/thelamalucky.net\/wp-content\/uploads\/2026\/04\/lamalucky-Login-300x129.webp 300w, https:\/\/thelamalucky.net\/wp-content\/uploads\/2026\/04\/lamalucky-Login-1024x440.webp 1024w, https:\/\/thelamalucky.net\/wp-content\/uploads\/2026\/04\/lamalucky-Login-768x330.webp 768w\" sizes=\"(max-width: 1248px) 100vw, 1248px\" \/><\/p>\n<h2>Gestion des sessions<\/h2>\n<p>Lamalucky Casino est une plateforme dot\u00e9e d&rsquo;une gestion de session efficace.<\/p>\n<ul>\n<li>Tout est synchronis\u00e9, et vous vous connectez et vous d\u00e9connectez de votre compte simultan\u00e9ment sur tous les appareils que vous utilisez.<\/li>\n<li>Les sessions expirent automatiquement pour renforcer la s\u00e9curit\u00e9 de votre compte.<\/li>\n<li>La plateforme propose \u00e9galement un syst\u00e8me de connexion sur plusieurs appareils, permettant aux joueurs de consulter les sessions actives et de bloquer tout acc\u00e8s non autoris\u00e9.<\/li>\n<li>Chaque connexion \u00e0 Lamalucky est proactive, ce qui emp\u00eache toute utilisation abusive du compte et garantit une exp\u00e9rience de jeu s\u00e9curis\u00e9e.<\/li>\n<\/ul>\n<h2>FAQ<\/h2>\n<h3>Pourquoi mon compte est-il verrouill\u00e9 apr\u00e8s plusieurs tentatives de connexion ?<\/h3>\n<p>Le verrouillage des comptes se produit g\u00e9n\u00e9ralement lorsqu&rsquo;un signal d&rsquo;alerte est d\u00e9tect\u00e9 dans le syst\u00e8me, c&rsquo;est-\u00e0-dire lorsqu&rsquo;une activit\u00e9 suspecte est constat\u00e9e. Nous proc\u00e9dons ainsi pour prot\u00e9ger les utilisateurs contre tout acc\u00e8s non autoris\u00e9. Chaque tentative de connexion infructueuse d\u00e9clenche des mesures de s\u00e9curit\u00e9, et un utilisateur peut r\u00e9tablir son acc\u00e8s en nous contactant via le chat en direct ou en utilisant les options de r\u00e9cup\u00e9ration de compte.<\/p>\n<h3>Puis-je modifier mon nom d&rsquo;utilisateur ou mon adresse e-mail sur Lama Lucky ?<\/h3>\n<p>Vous pouvez effectuer les modifications n\u00e9cessaires dans votre tableau de bord apr\u00e8s vous \u00eatre connect\u00e9 \u00e0 Lama Lucky. Mais pas tout. Les joueurs utilisent les param\u00e8tres de leur compte pour mettre \u00e0 jour leur adresse e-mail enregistr\u00e9e. N\u00e9anmoins, la possibilit\u00e9 de changer de nom d&rsquo;utilisateur est g\u00e9n\u00e9ralement limit\u00e9e afin d&rsquo;\u00e9viter toute confusion d&rsquo;identit\u00e9 et toute incoh\u00e9rence au niveau du compte. Vous ne pouvez pas modifier vos informations quotidiennement ; cela para\u00eetrait suspect. \u00c9crivez \u00e0 notre \u00e9quipe d&rsquo;assistance pour plus de d\u00e9tails.<\/p>\n<h3>Comment activer l&rsquo;authentification \u00e0 deux facteurs ?<\/h3>\n<p>L&rsquo;authentification \u00e0 deux facteurs (2FA) est disponible dans les param\u00e8tres de s\u00e9curit\u00e9 de votre compte Lamalucky Casino. Il s&rsquo;agit d&rsquo;une mesure de s\u00e9curit\u00e9 suppl\u00e9mentaire qui vous prot\u00e8ge en vous demandant de saisir un code de v\u00e9rification lors de votre connexion. Vous recevrez des codes de v\u00e9rification suppl\u00e9mentaires pour acc\u00e9der \u00e0 votre compte Lamalucky.<\/p>\n<h3>Est-il s\u00fbr d&rsquo;enregistrer mes identifiants de connexion dans le navigateur ?<\/h3>\n<p>Si vous faites confiance \u00e0 votre navigateur et \u00e0 sa s\u00e9curit\u00e9, le gestionnaire de mots de passe par d\u00e9faut convient parfaitement. La pratique consistant \u00e0 enregistrer vos mots de passe dans votre navigateur est courante, \u00e0 condition que vous disposiez d&rsquo;un mot de passe fort et que vous utilisiez d&rsquo;autres mesures de s\u00e9curit\u00e9 \u2014 c&rsquo;est la seule condition. Lama Lucky vous sugg\u00e8re de trouver des gestionnaires de mots de passe encore plus s\u00e9curis\u00e9s pour b\u00e9n\u00e9ficier d&rsquo;un cryptage plus fort et d&rsquo;une meilleure gestion des donn\u00e9es de connexion Lamalucky.<\/p>\n<\/div><\/div><\/p>\n","protected":false},"excerpt":{"rendered":"<p>Connexion \u00e0 Lamalucky Si vous \u00eates ici pour entrer dans l&rsquo;univers en ligne exclusif de notre casino, alors Lamalucky login est fait pour vous. C&rsquo;est notre porte d&rsquo;entr\u00e9e unique vers le monde des jeux divertissants et une vaste s\u00e9lection de fonctionnalit\u00e9s fantastiques du casino Lama Lucky que vous n&rsquo;oublierez jamais. Nous proposons un processus de [&hellip;]<\/p>\n","protected":false},"author":1,"featured_media":0,"parent":0,"menu_order":0,"comment_status":"closed","ping_status":"closed","template":"template-builder.php","meta":{"_acf_changed":false,"inline_featured_image":false,"footnotes":""},"class_list":["post-1482","page","type-page","status-publish","hentry"],"acf":[],"yoast_head":"<!-- This site is optimized with the Yoast SEO plugin v24.4 - https:\/\/yoast.com\/wordpress\/plugins\/seo\/ -->\n<title>Lamalucky Casino Connexion &amp; Inscription | Acc\u00e8s S\u00e9curis\u00e9<\/title>\n<meta name=\"description\" content=\"Lamalucky Casino Connexion \u2013 cr\u00e9ez votre profil joueur en moins d&#039;une minute ou connectez-vous avec un cryptage de niveau militaire pour une tranquillit\u00e9 totale. Suivez vos mises, changez de m\u00e9thode de paiement et activez des codes promo instantan\u00e9ment chez Lama Lucky.\" \/>\n<meta name=\"robots\" content=\"index, follow, max-snippet:-1, max-image-preview:large, max-video-preview:-1\" \/>\n<link rel=\"canonical\" href=\"https:\/\/thelamalucky.net\/fr\/connexion-et-inscription\/\" \/>\n<meta property=\"og:locale\" content=\"fr_FR\" \/>\n<meta property=\"og:type\" content=\"article\" \/>\n<meta property=\"og:title\" content=\"Lamalucky Casino Connexion &amp; Inscription | Acc\u00e8s S\u00e9curis\u00e9\" \/>\n<meta property=\"og:description\" content=\"Lamalucky Casino Connexion \u2013 cr\u00e9ez votre profil joueur en moins d&#039;une minute ou connectez-vous avec un cryptage de niveau militaire pour une tranquillit\u00e9 totale. Suivez vos mises, changez de m\u00e9thode de paiement et activez des codes promo instantan\u00e9ment chez Lama Lucky.\" \/>\n<meta property=\"og:url\" content=\"https:\/\/thelamalucky.net\/fr\/connexion-et-inscription\/\" \/>\n<meta property=\"og:site_name\" content=\"lamalucky\" \/>\n<meta property=\"article:modified_time\" content=\"2026-04-14T08:02:15+00:00\" \/>\n<meta name=\"twitter:card\" content=\"summary_large_image\" \/>\n<meta name=\"twitter:label1\" content=\"Dur\u00e9e de lecture estim\u00e9e\" \/>\n\t<meta name=\"twitter:data1\" content=\"1 minute\" \/>\n<script type=\"application\/ld+json\" class=\"yoast-schema-graph\">{\"@context\":\"https:\/\/schema.org\",\"@graph\":[{\"@type\":\"WebPage\",\"@id\":\"https:\/\/thelamalucky.net\/fr\/connexion-et-inscription\/\",\"url\":\"https:\/\/thelamalucky.net\/fr\/connexion-et-inscription\/\",\"name\":\"Lamalucky Casino Connexion & Inscription | Acc\u00e8s S\u00e9curis\u00e9\",\"isPartOf\":{\"@id\":\"https:\/\/thelamalucky.net\/fr\/#website\"},\"datePublished\":\"2026-01-20T12:11:11+00:00\",\"dateModified\":\"2026-04-14T08:02:15+00:00\",\"description\":\"Lamalucky Casino Connexion \u2013 cr\u00e9ez votre profil joueur en moins d'une minute ou connectez-vous avec un cryptage de niveau militaire pour une tranquillit\u00e9 totale. Suivez vos mises, changez de m\u00e9thode de paiement et activez des codes promo instantan\u00e9ment chez Lama Lucky.\",\"breadcrumb\":{\"@id\":\"https:\/\/thelamalucky.net\/fr\/connexion-et-inscription\/#breadcrumb\"},\"inLanguage\":\"fr-FR\",\"potentialAction\":[{\"@type\":\"ReadAction\",\"target\":[\"https:\/\/thelamalucky.net\/fr\/connexion-et-inscription\/\"]}]},{\"@type\":\"BreadcrumbList\",\"@id\":\"https:\/\/thelamalucky.net\/fr\/connexion-et-inscription\/#breadcrumb\",\"itemListElement\":[{\"@type\":\"ListItem\",\"position\":1,\"name\":\"Lamalucky\",\"item\":\"https:\/\/thelamalucky.net\/fr\/\"},{\"@type\":\"ListItem\",\"position\":2,\"name\":\"Connexion et inscription\"}]},{\"@type\":\"WebSite\",\"@id\":\"https:\/\/thelamalucky.net\/fr\/#website\",\"url\":\"https:\/\/thelamalucky.net\/fr\/\",\"name\":\"Lamalucky\",\"description\":\"\",\"publisher\":{\"@id\":\"https:\/\/thelamalucky.net\/fr\/#organization\"},\"potentialAction\":[{\"@type\":\"SearchAction\",\"target\":{\"@type\":\"EntryPoint\",\"urlTemplate\":\"https:\/\/thelamalucky.net\/fr\/?s={search_term_string}\"},\"query-input\":{\"@type\":\"PropertyValueSpecification\",\"valueRequired\":true,\"valueName\":\"search_term_string\"}}],\"inLanguage\":\"fr-FR\"},{\"@type\":\"Organization\",\"@id\":\"https:\/\/thelamalucky.net\/fr\/#organization\",\"name\":\"Lamalucky\",\"url\":\"https:\/\/thelamalucky.net\/fr\/\",\"logo\":{\"@type\":\"ImageObject\",\"inLanguage\":\"fr-FR\",\"@id\":\"https:\/\/thelamalucky.net\/fr\/#\/schema\/logo\/image\/\",\"url\":\"https:\/\/thelamalucky.net\/wp-content\/uploads\/2026\/04\/lamalucky-favicon.png\",\"contentUrl\":\"https:\/\/thelamalucky.net\/wp-content\/uploads\/2026\/04\/lamalucky-favicon.png\",\"width\":28,\"height\":24,\"caption\":\"Lamalucky\"},\"image\":{\"@id\":\"https:\/\/thelamalucky.net\/fr\/#\/schema\/logo\/image\/\"}}]}<\/script>\n<!-- \/ Yoast SEO plugin. -->","yoast_head_json":{"title":"Lamalucky Casino Connexion & Inscription | Acc\u00e8s S\u00e9curis\u00e9","description":"Lamalucky Casino Connexion \u2013 cr\u00e9ez votre profil joueur en moins d'une minute ou connectez-vous avec un cryptage de niveau militaire pour une tranquillit\u00e9 totale. Suivez vos mises, changez de m\u00e9thode de paiement et activez des codes promo instantan\u00e9ment chez Lama Lucky.","robots":{"index":"index","follow":"follow","max-snippet":"max-snippet:-1","max-image-preview":"max-image-preview:large","max-video-preview":"max-video-preview:-1"},"canonical":"https:\/\/thelamalucky.net\/fr\/connexion-et-inscription\/","og_locale":"fr_FR","og_type":"article","og_title":"Lamalucky Casino Connexion & Inscription | Acc\u00e8s S\u00e9curis\u00e9","og_description":"Lamalucky Casino Connexion \u2013 cr\u00e9ez votre profil joueur en moins d'une minute ou connectez-vous avec un cryptage de niveau militaire pour une tranquillit\u00e9 totale. Suivez vos mises, changez de m\u00e9thode de paiement et activez des codes promo instantan\u00e9ment chez Lama Lucky.","og_url":"https:\/\/thelamalucky.net\/fr\/connexion-et-inscription\/","og_site_name":"lamalucky","article_modified_time":"2026-04-14T08:02:15+00:00","twitter_card":"summary_large_image","twitter_misc":{"Dur\u00e9e de lecture estim\u00e9e":"1 minute"},"schema":{"@context":"https:\/\/schema.org","@graph":[{"@type":"WebPage","@id":"https:\/\/thelamalucky.net\/fr\/connexion-et-inscription\/","url":"https:\/\/thelamalucky.net\/fr\/connexion-et-inscription\/","name":"Lamalucky Casino Connexion & Inscription | Acc\u00e8s S\u00e9curis\u00e9","isPartOf":{"@id":"https:\/\/thelamalucky.net\/fr\/#website"},"datePublished":"2026-01-20T12:11:11+00:00","dateModified":"2026-04-14T08:02:15+00:00","description":"Lamalucky Casino Connexion \u2013 cr\u00e9ez votre profil joueur en moins d'une minute ou connectez-vous avec un cryptage de niveau militaire pour une tranquillit\u00e9 totale. Suivez vos mises, changez de m\u00e9thode de paiement et activez des codes promo instantan\u00e9ment chez Lama Lucky.","breadcrumb":{"@id":"https:\/\/thelamalucky.net\/fr\/connexion-et-inscription\/#breadcrumb"},"inLanguage":"fr-FR","potentialAction":[{"@type":"ReadAction","target":["https:\/\/thelamalucky.net\/fr\/connexion-et-inscription\/"]}]},{"@type":"BreadcrumbList","@id":"https:\/\/thelamalucky.net\/fr\/connexion-et-inscription\/#breadcrumb","itemListElement":[{"@type":"ListItem","position":1,"name":"Lamalucky","item":"https:\/\/thelamalucky.net\/fr\/"},{"@type":"ListItem","position":2,"name":"Connexion et inscription"}]},{"@type":"WebSite","@id":"https:\/\/thelamalucky.net\/fr\/#website","url":"https:\/\/thelamalucky.net\/fr\/","name":"Lamalucky","description":"","publisher":{"@id":"https:\/\/thelamalucky.net\/fr\/#organization"},"potentialAction":[{"@type":"SearchAction","target":{"@type":"EntryPoint","urlTemplate":"https:\/\/thelamalucky.net\/fr\/?s={search_term_string}"},"query-input":{"@type":"PropertyValueSpecification","valueRequired":true,"valueName":"search_term_string"}}],"inLanguage":"fr-FR"},{"@type":"Organization","@id":"https:\/\/thelamalucky.net\/fr\/#organization","name":"Lamalucky","url":"https:\/\/thelamalucky.net\/fr\/","logo":{"@type":"ImageObject","inLanguage":"fr-FR","@id":"https:\/\/thelamalucky.net\/fr\/#\/schema\/logo\/image\/","url":"https:\/\/thelamalucky.net\/wp-content\/uploads\/2026\/04\/lamalucky-favicon.png","contentUrl":"https:\/\/thelamalucky.net\/wp-content\/uploads\/2026\/04\/lamalucky-favicon.png","width":28,"height":24,"caption":"Lamalucky"},"image":{"@id":"https:\/\/thelamalucky.net\/fr\/#\/schema\/logo\/image\/"}}]}},"_links":{"self":[{"href":"https:\/\/thelamalucky.net\/fr\/wp-json\/wp\/v2\/pages\/1482"}],"collection":[{"href":"https:\/\/thelamalucky.net\/fr\/wp-json\/wp\/v2\/pages"}],"about":[{"href":"https:\/\/thelamalucky.net\/fr\/wp-json\/wp\/v2\/types\/page"}],"author":[{"embeddable":true,"href":"https:\/\/thelamalucky.net\/fr\/wp-json\/wp\/v2\/users\/1"}],"replies":[{"embeddable":true,"href":"https:\/\/thelamalucky.net\/fr\/wp-json\/wp\/v2\/comments?post=1482"}],"version-history":[{"count":3,"href":"https:\/\/thelamalucky.net\/fr\/wp-json\/wp\/v2\/pages\/1482\/revisions"}],"predecessor-version":[{"id":2045,"href":"https:\/\/thelamalucky.net\/fr\/wp-json\/wp\/v2\/pages\/1482\/revisions\/2045"}],"wp:attachment":[{"href":"https:\/\/thelamalucky.net\/fr\/wp-json\/wp\/v2\/media?parent=1482"}],"curies":[{"name":"wp","href":"https:\/\/api.w.org\/{rel}","templated":true}]}}