{"id":1445,"date":"2026-01-20T12:08:23","date_gmt":"2026-01-20T12:08:23","guid":{"rendered":"https:\/\/bonuskongcasino.com\/app\/"},"modified":"2026-04-14T09:43:05","modified_gmt":"2026-04-14T08:43:05","slug":"applicazione","status":"publish","type":"page","link":"https:\/\/thelamalucky.net\/it\/applicazione\/","title":{"rendered":"Applicazione"},"content":{"rendered":"<h1>App del casin\u00f2 Lamalucky<\/h1>\n<p>Se vuoi giocare a pi\u00f9 di 6.000 giochi e partecipare ai tornei del nostro casin\u00f2, devi provare Lamalucky app. Siamo qui per offrirti un&#8217;esperienza online di alta qualit\u00e0, con l&#8217;obiettivo di essere il pi\u00f9 comodi e innovativi possibile. L&#8217;applicazione offre l&#8217;opportunit\u00e0 di giocare ai tuoi giochi preferiti in modo portatile: niente cavi, niente pi\u00f9 di essere bloccati a casa. Supportiamo le tecnologie pi\u00f9 recenti e un elevato livello di sicurezza. Il nostro casin\u00f2 mobile \u00e8 fondamentale per gli attuali giocatori italiani perch\u00e9 forniamo un&#8217;esperienza di gioco fluida e affidabile su qualsiasi dispositivo.<\/p>\n<div class=\"banner-wrap\" aria-label=\"Banner\"><img src=\"https:\/\/thelamalucky.net\/wp-content\/uploads\/2026\/04\/Lamalucky-banner-carousel.webp\" class=\"w-100 d-none d-lg-block img-pc main-banner-img\" alt=\"Lamalucky banner carousel\" fetchpriority=\"high\" decoding=\"async\"><img src=\"https:\/\/thelamalucky.net\/wp-content\/uploads\/2026\/04\/lamalucky-banner-mobile.webp\" class=\"w-100 d-none d-md-block d-lg-none main-banner-img\" alt=\"lamalucky banner mobile\" fetchpriority=\"high\" decoding=\"async\"><img src=\"https:\/\/thelamalucky.net\/wp-content\/uploads\/2026\/04\/lamalucky-banner-mobile.webp\" class=\"w-100 d-md-none\" alt=\"lamalucky banner mobile\" fetchpriority=\"high\" decoding=\"async\"><div class=\"banner-description\">\n<div class=\"banner-title\">Bonus di benvenuto<\/div>\n<p class=\"banner-header-title\">1500 \u20ac<\/p>\n<div class=\"banner-header-AdditionalText\">+ 250 Giri gratuiti<\/div>\n<button data-item=\"homepage_banner_link\" class=\"goto m-button m-gradient-border m-button--primary m-button--large banner-button btn-orange\">\n            <div class=\"m-button-content\">\n                <span>Iscriviti ora<\/span>\n                <span><\/span>\n            <\/div>\n        <\/button>\n<\/div>\n<div class=\"WelcomePack\">\n<p><img loading=\"lazy\" decoding=\"async\" class=\"alignnone size-full wp-image-1895\" src=\"https:\/\/thelamalucky.net\/wp-content\/uploads\/2026\/04\/welcome-crown.png\" alt=\"welcome crown\" width=\"25\" height=\"26\" \/><\/p>\n<div class=\"WelcomePack-Info\">Cashback settimanale fino al 25%<\/div>\n<p><img loading=\"lazy\" decoding=\"async\" class=\"alignnone size-full wp-image-1895\" src=\"https:\/\/thelamalucky.net\/wp-content\/uploads\/2026\/04\/welcome-crown.png\" alt=\"welcome crown\" width=\"25\" height=\"26\" \/><\/p>\n<\/div>\n<\/div>\n<h2>Caratteristiche dell&#8217;app Lamalucky<\/h2>\n<p>L&#8217;applicazione Lama Lucky \u00e8 unica perch\u00e9 \u00e8 intuitiva e presenta alcune funzionalit\u00e0 sofisticate che rendono l&#8217;esperienza mobile d&#8217;\u00e9lite e di alto livello. Offre accesso immediato a una vasta gamma di giochi di slot online in qualsiasi momento tu voglia. E che dire dei giochi da casin\u00f2 dal vivo? Certamente s\u00ec. E sono disponibili anche tutte le carte di Lamalucky Casino. Tutto \u00e8 ottimizzato per il touchscreen. L&#8217;interfaccia reattiva dell&#8217;app garantisce un caricamento veloce, una navigazione agevole e un controllo senza sforzo anche in momenti di traffico Internet intenso.<\/p>\n<p>Gli aggiornamenti automatici sono uno dei vantaggi principali dell&#8217;applicazione. Ci\u00f2 significa che gli utenti non perderanno mai nemmeno una funzionalit\u00e0 o un miglioramento della sicurezza, poich\u00e9 questi vengono aggiornati automaticamente ogni volta. Ci sono diversi motivi per cui vale la pena provare la nostra app Lamalucky:<\/p>\n<ul>\n<li>Pu\u00f2 essere utilizzata su pi\u00f9 browser e dispositivi e, pertanto, non limita i giocatori a causa di sistemi operativi o vincoli hardware.<\/li>\n<li>La leggerezza dell&#8217;app non consuma la memoria e la batteria dei dispositivi, offrendo al contempo un&#8217;esperienza di gioco continua.<\/li>\n<li>Inoltre, Lamalucky Casino dispone di funzioni di assistenza integrate, come la chat live e il contatto diretto con il team di assistenza, in modo che sia pi\u00f9 facile risolvere i problemi o chiarire eventuali dubbi.<\/li>\n<\/ul>\n<p>L&#8217;app facilita anche il processo di verifica, poich\u00e9 il giocatore pu\u00f2 identificarsi in modo rapido e discreto, e la sicurezza delle sue informazioni \u00e8 garantita in ogni momento.<\/p>\n<p><div class=\"scrollable-content-wrap my-5\"><div class=\"scrollable-content-inner\"><h2>App Lamalucky per sistema operativo Android<\/h2>\n<p>Lamalucky \u00e8 un&#8217;applicazione basata su Android che offre tutte le funzionalit\u00e0 principali, come la chat live, le transazioni e la gestione dell&#8217;account, senza compromettere la sicurezza. Tra i dispositivi pi\u00f9 adatti, \u00e8 possibile utilizzare il sistema operativo Android versione 7-8 o superiore per un gioco fluido. Come si pu\u00f2 vedere, \u00e8 accessibile a un&#8217;ampia variet\u00e0 di telefoni.<\/p>\n<p>L&#8217;app Lamalucky \u00e8 facile ed efficiente da installare sui dispositivi Android. I passaggi sono:<\/p>\n<ol>\n<li>Accedere alla pagina principale di Lama Lucky Casino.<\/li>\n<li>Scorrere verso il basso fino alla fine della pagina fino al pulsante &#8220;Casino App&#8221;.<\/li>\n<li>Cliccare su &#8220;Installa&#8221; e completare il processo di download.<\/li>\n<li>Andare nella posta in arrivo per trovare l&#8217;e-mail di conferma da parte di Lamalucky Casino.<\/li>\n<li>Completare la procedura di registrazione seguendo le semplici istruzioni sulla nostra piattaforma.<\/li>\n<\/ol>\n<p>Ecco fatto: semplice e completo. Nessuna fonte sconosciuta, nessuna necessit\u00e0 di scaricare nulla sul dispositivo cliccando sui link forniti, nessuna seccatura come con i file APK: niente di sospetto.<\/p>\n<p>Una volta installata, l&#8217;icona dell&#8217;app Lamalucky apparir\u00e0 sulla tua schermata iniziale, dandoti accesso diretto alla tua intera libreria di giochi. L&#8217;app ha un&#8217;interfaccia semplice che si adatta alla funzionalit\u00e0 touchscreen del sistema Android per offrire agli utenti un&#8217;esperienza di gioco snella e interattiva.<\/p>\n<h2>Perch\u00e9 scegliere Lama Lucky PWA invece dell&#8217;APK<\/h2>\n<p>Lamalucky Casino opta per una Progressive Web App (PWA) come opzione mobile principale per molte ragioni. A differenza dei tradizionali file APK o delle app native, se scegli la PWA, ottieni una soluzione innovativa che fa risparmiare la batteria del tuo telefono e combina solo le migliori caratteristiche della versione web. Puoi goderti una grafica accattivante, un audio piacevole, ecc., e un&#8217;applicazione mobile leggera, veloce, portatile e aggiornata automaticamente.<\/p>\n<p>La decisione di Lamalucky di implementare una PWA deriva da diversi vantaggi. Verificalo tu stesso:<\/p>\n<ul>\n<li>\u00c8 super leggera. Se controlli quanto pesa quando \u00e8 sul tuo smartphone, rimarrai sorpreso nel vedere che \u00e8 quasi nulla.<\/li>\n<li>Con essa prolunghiamo la durata della batteria, poich\u00e9 conserva la percentuale di carica anche quando giochi ai giochi del casin\u00f2 dal vivo.<\/li>\n<li>\u00c8 compatibile con tutti i dispositivi e sistemi operativi, quindi non c&#8217;\u00e8 davvero bisogno di versioni separate dell&#8217;app per Android o iOS.<\/li>\n<li>E un&#8217;altra cosa: noi di Lamalucky Casino integriamo nella PWA le funzionalit\u00e0 di sicurezza pi\u00f9 recenti e avanzate, come TLS 1.3 e DDoS.<\/li>\n<\/ul>\n<p><img loading=\"lazy\" decoding=\"async\" class=\"alignnone size-full wp-image-1914\" src=\"https:\/\/thelamalucky.net\/wp-content\/uploads\/2026\/04\/lamalucky-Android-App.webp\" alt=\"lamalucky Android App\" width=\"1248\" height=\"536\" srcset=\"https:\/\/thelamalucky.net\/wp-content\/uploads\/2026\/04\/lamalucky-Android-App.webp 1248w, https:\/\/thelamalucky.net\/wp-content\/uploads\/2026\/04\/lamalucky-Android-App-300x129.webp 300w, https:\/\/thelamalucky.net\/wp-content\/uploads\/2026\/04\/lamalucky-Android-App-1024x440.webp 1024w, https:\/\/thelamalucky.net\/wp-content\/uploads\/2026\/04\/lamalucky-Android-App-768x330.webp 768w\" sizes=\"(max-width: 1248px) 100vw, 1248px\" \/><\/p>\n<\/div><\/div><div style=\"clear: both\"><\/div><div class=\"d-flex justify-content-center\"><button data-item=\"decouvrez_link\" data-group=\"website_links\" class=\"goto fw-bold rounded-pill btn btn-orange\" aria-label=\"Scarica l&#039;app Lamalucky\" >Scarica l&#039;app Lamalucky<\/button><\/div><div class=\"scrollable-content-wrap my-5\"><div class=\"scrollable-content-inner\"><h2>App Lamalucky per iOS<\/h2>\n<p>Anche chi possiede prodotti Apple non deve preoccuparsi. Gli utenti di iPhone e iPad hanno a disposizione un&#8217;esclusiva PWA di Lamalucky compatibile con tutti i loro dispositivi, tablet compresi. Per scaricarla basta andare su Lama Lucky e, utilizzando il browser Safari, cercare nelle impostazioni il pulsante \u00abAggiungi alla schermata Home\u00bb. Facile!<\/p>\n<p>Si tratta di un&#8217;applicazione ottimizzata per iOS che offre un&#8217;esperienza di gioco veloce, sicura e semplice.<\/p>\n<p>L&#8217;applicazione iOS \u00e8 altamente protetta grazie all&#8217;uso della crittografia TLS per proteggere le informazioni personali e finanziarie. Sono disponibili servizi di assistenza clienti come la chat live di Lamalucky Casino e il team di supporto, grazie ai quali i giocatori possono accedere all&#8217;assistenza clienti quando ne hanno bisogno.<\/p>\n<p>Per una maggiore sicurezza, sono abilitati Touch ID e Face ID, aumentando la sicurezza dell&#8217;account ogni volta che accedi. Il suo design semplificato rende facile ed efficiente la navigazione nella vasta libreria di giochi, nei depositi e prelievi e in altre promozioni.<\/p>\n<p><img loading=\"lazy\" decoding=\"async\" class=\"alignnone size-full wp-image-1938\" src=\"https:\/\/thelamalucky.net\/wp-content\/uploads\/2026\/04\/lamalucky-iOS-App.webp\" alt=\"lamalucky iOS App\" width=\"1248\" height=\"536\" srcset=\"https:\/\/thelamalucky.net\/wp-content\/uploads\/2026\/04\/lamalucky-iOS-App.webp 1248w, https:\/\/thelamalucky.net\/wp-content\/uploads\/2026\/04\/lamalucky-iOS-App-300x129.webp 300w, https:\/\/thelamalucky.net\/wp-content\/uploads\/2026\/04\/lamalucky-iOS-App-1024x440.webp 1024w, https:\/\/thelamalucky.net\/wp-content\/uploads\/2026\/04\/lamalucky-iOS-App-768x330.webp 768w\" sizes=\"(max-width: 1248px) 100vw, 1248px\" \/><\/p>\n<\/div><\/div><div style=\"clear: both\"><\/div><div class=\"d-flex justify-content-center\"><button data-item=\"decouvrez_link\" data-group=\"website_links\" class=\"goto fw-bold rounded-pill btn btn-orange\" aria-label=\"Scarica l&#039;app Lamalucky\" >Scarica l&#039;app Lamalucky<\/button><\/div><div class=\"scrollable-content-wrap my-5\"><div class=\"scrollable-content-inner\"><h2>Versione desktop di Lama Lucky Casino<\/h2>\n<p>Sebbene il casin\u00f2 mobile offra una comodit\u00e0 senza pari, la versione desktop di Lamalucky \u00e8 anche un&#8217;opzione affidabile per coloro che desiderano giocare utilizzando un computer. La piattaforma desktop offre una serie completa di comode funzionalit\u00e0, insieme allo stesso vasto assortimento di slot online, tavoli con croupier dal vivo e giochi istantanei.<\/p>\n<table>\n<tbody>\n<tr>\n<td>Caratteristica<\/td>\n<td>Dettagli<\/td>\n<\/tr>\n<tr>\n<td>Interfaccia e compatibilit\u00e0<\/td>\n<td>Si adatta a tutte le dimensioni e risoluzioni dello schermo e offre la stessa esperienza sia su sistemi Mac che Windows.<\/td>\n<\/tr>\n<tr>\n<td>Accesso rapido<\/td>\n<td>I giocatori hanno la possibilit\u00e0 di creare collegamenti sul desktop per un accesso rapido, eliminando la necessit\u00e0 di passare ripetutamente dal browser.<\/td>\n<\/tr>\n<tr>\n<td>Funzionalit\u00e0 supportate<\/td>\n<td>Supporta tutte le funzionalit\u00e0, tra cui la procedura di verifica, il servizio clienti tramite live chat e le opzioni di pagamento sicure.<\/td>\n<\/tr>\n<\/tbody>\n<\/table>\n<p>La versione desktop di Lamalucky Casino punta sulla stabilit\u00e0 e su prestazioni fluide. Puoi anche goderti un&#8217;esperienza ottimale con giochi e transazioni ad alto volume. L&#8217;app Lamalucky ha gli stessi livelli di sicurezza elevati, dove i dati degli utenti non vengono compromessi in nessuna interazione.<\/p>\n<h3>Sicurezza e correttezza<\/h3>\n<p>Lamalucky Casino tiene molto alla sicurezza e alla correttezza. Tutte le transazioni sono crittografate tramite TLS 1.3. Puoi stare tranquillo sapendo che i dati personali e finanziari rimangono riservati. Il sito dispone di sistemi di sicurezza molto avanzati per contrastare accessi non autorizzati, bot, phishing e fughe di dati.<\/p>\n<p>Tutti i risultati delle slot online e dei giochi su Lamalucky sono garantiti da generatori di numeri casuali certificati. Il casin\u00f2 \u00e8 inoltre ben consolidato grazie a standard elevati di licenze e regolamentazione che garantiscono trasparenza e integrit\u00e0 in tutte le sue operazioni. I giocatori possono stare tranquilli: il team di assistenza \u00e8 raggiungibile tramite live chat e fornir\u00e0 aiuto in caso di malfunzionamenti o problemi relativi alla sicurezza o alla correttezza.<\/p>\n<p><img loading=\"lazy\" decoding=\"async\" class=\"alignnone size-full wp-image-1930\" src=\"https:\/\/thelamalucky.net\/wp-content\/uploads\/2026\/04\/lamalucky-Desktop.webp\" alt=\"lamalucky Desktop\" width=\"1248\" height=\"536\" srcset=\"https:\/\/thelamalucky.net\/wp-content\/uploads\/2026\/04\/lamalucky-Desktop.webp 1248w, https:\/\/thelamalucky.net\/wp-content\/uploads\/2026\/04\/lamalucky-Desktop-300x129.webp 300w, https:\/\/thelamalucky.net\/wp-content\/uploads\/2026\/04\/lamalucky-Desktop-1024x440.webp 1024w, https:\/\/thelamalucky.net\/wp-content\/uploads\/2026\/04\/lamalucky-Desktop-768x330.webp 768w\" sizes=\"(max-width: 1248px) 100vw, 1248px\" \/><\/p>\n<\/div><\/div><div style=\"clear: both\"><\/div><div class=\"d-flex justify-content-center\"><button data-item=\"decouvrez_link\" data-group=\"website_links\" class=\"goto fw-bold rounded-pill btn btn-orange\" aria-label=\"Scarica l&#039;app Lamalucky\" >Scarica l&#039;app Lamalucky<\/button><\/div><div class=\"scrollable-content-wrap my-5\"><div class=\"scrollable-content-inner\"><h2>Domande frequenti<\/h2>\n<h3>Quali sono i requisiti minimi di sistema per l&#8217;app?<\/h3>\n<p>\u00c8 importante sapere che i telefoni a tasti molto vecchi non sono in grado di eseguire l&#8217;app Lama Lucky, ma non avrete alcun problema con tutti i nuovi smartphone! L&#8217;applicazione richiede Android 8.0 o versioni successive oppure iOS 12.0 o versioni successive. La RAM minima dovrebbe essere di 2 GB e la connessione Internet deve essere stabile per garantire le massime prestazioni del dispositivo.<\/p>\n<h3>Come posso installare il file APK sul mio dispositivo Android?<\/h3>\n<p>Non supportiamo il download dei file APK. Abbiamo una nuova versione di PWA che non richiede il download e non occupa spazio sul tuo telefono, come invece fanno i comuni APK. Provala e facci sapere nella chat live se ti piace la nostra app Lamalucky.<\/p>\n<h3>Posso utilizzare il mio account esistente nell&#8217;app mobile?<\/h3>\n<p>S\u00ec, i giocatori possono utilizzare le stesse credenziali dell&#8217;account Lamalucky Casino per effettuare l&#8217;accesso. La nostra politica sulla privacy stabilisce che non \u00e8 consentito creare pi\u00f9 account, poich\u00e9 ci\u00f2 viola le regole di Lamalucky. La sincronizzazione di tutte le informazioni dell&#8217;account, dei saldi e della cronologia di gioco avviene su tutte le piattaforme.<\/p>\n<h3>C&#8217;\u00e8 una differenza tra la versione app e quella browser?<\/h3>\n<p>Da un punto di vista tecnico, c&#8217;\u00e8 una totale somiglianza tra la nostra app Lama Lucky e la versione completa: il catalogo dei giochi, la dashboard e le transazioni finanziarie sono gli stessi. Come avrai capito, tutte le funzionalit\u00e0 disponibili nella versione browser sono accessibili tramite l&#8217;app.<\/p>\n<\/div><\/div><\/p>\n","protected":false},"excerpt":{"rendered":"<p>App del casin\u00f2 Lamalucky Se vuoi giocare a pi\u00f9 di 6.000 giochi e partecipare ai tornei del nostro casin\u00f2, devi provare Lamalucky app. Siamo qui per offrirti un&#8217;esperienza online di alta qualit\u00e0, con l&#8217;obiettivo di essere il pi\u00f9 comodi e innovativi possibile. L&#8217;applicazione offre l&#8217;opportunit\u00e0 di giocare ai tuoi giochi preferiti in modo portatile: niente [&hellip;]<\/p>\n","protected":false},"author":1,"featured_media":0,"parent":0,"menu_order":0,"comment_status":"closed","ping_status":"closed","template":"template-builder.php","meta":{"_acf_changed":false,"inline_featured_image":false,"footnotes":""},"class_list":["post-1445","page","type-page","status-publish","hentry"],"acf":[],"yoast_head":"<!-- This site is optimized with the Yoast SEO plugin v24.4 - https:\/\/yoast.com\/wordpress\/plugins\/seo\/ -->\n<title>Lamalucky App | App Ufficiale per Android &amp; iOS<\/title>\n<meta name=\"description\" content=\"Lamalucky App \u2013 scarica l&#039;app ufficiale del casin\u00f2 per Android e iOS e goditi un gaming fluido ovunque ti porti la vita. Accedi a depositi con un tocco, notifiche personalizzabili e promozioni esclusive solo per mobile con Lama Lucky.\" \/>\n<meta name=\"robots\" content=\"index, follow, max-snippet:-1, max-image-preview:large, max-video-preview:-1\" \/>\n<link rel=\"canonical\" href=\"https:\/\/thelamalucky.net\/it\/applicazione\/\" \/>\n<meta property=\"og:locale\" content=\"it_IT\" \/>\n<meta property=\"og:type\" content=\"article\" \/>\n<meta property=\"og:title\" content=\"Lamalucky App | App Ufficiale per Android &amp; iOS\" \/>\n<meta property=\"og:description\" content=\"Lamalucky App \u2013 scarica l&#039;app ufficiale del casin\u00f2 per Android e iOS e goditi un gaming fluido ovunque ti porti la vita. Accedi a depositi con un tocco, notifiche personalizzabili e promozioni esclusive solo per mobile con Lama Lucky.\" \/>\n<meta property=\"og:url\" content=\"https:\/\/thelamalucky.net\/it\/applicazione\/\" \/>\n<meta property=\"og:site_name\" content=\"lamalucky\" \/>\n<meta property=\"article:modified_time\" content=\"2026-04-14T08:43:05+00:00\" \/>\n<meta name=\"twitter:card\" content=\"summary_large_image\" \/>\n<meta name=\"twitter:label1\" content=\"Est. reading time\" \/>\n\t<meta name=\"twitter:data1\" content=\"2 minutes\" \/>\n<script type=\"application\/ld+json\" class=\"yoast-schema-graph\">{\"@context\":\"https:\/\/schema.org\",\"@graph\":[{\"@type\":\"WebPage\",\"@id\":\"https:\/\/thelamalucky.net\/it\/applicazione\/\",\"url\":\"https:\/\/thelamalucky.net\/it\/applicazione\/\",\"name\":\"Lamalucky App | App Ufficiale per Android & iOS\",\"isPartOf\":{\"@id\":\"https:\/\/thelamalucky.net\/it\/#website\"},\"datePublished\":\"2026-01-20T12:08:23+00:00\",\"dateModified\":\"2026-04-14T08:43:05+00:00\",\"description\":\"Lamalucky App \u2013 scarica l'app ufficiale del casin\u00f2 per Android e iOS e goditi un gaming fluido ovunque ti porti la vita. Accedi a depositi con un tocco, notifiche personalizzabili e promozioni esclusive solo per mobile con Lama Lucky.\",\"breadcrumb\":{\"@id\":\"https:\/\/thelamalucky.net\/it\/applicazione\/#breadcrumb\"},\"inLanguage\":\"it-IT\",\"potentialAction\":[{\"@type\":\"ReadAction\",\"target\":[\"https:\/\/thelamalucky.net\/it\/applicazione\/\"]}]},{\"@type\":\"BreadcrumbList\",\"@id\":\"https:\/\/thelamalucky.net\/it\/applicazione\/#breadcrumb\",\"itemListElement\":[{\"@type\":\"ListItem\",\"position\":1,\"name\":\"Lamalucky\",\"item\":\"https:\/\/thelamalucky.net\/it\/\"},{\"@type\":\"ListItem\",\"position\":2,\"name\":\"Applicazione\"}]},{\"@type\":\"WebSite\",\"@id\":\"https:\/\/thelamalucky.net\/it\/#website\",\"url\":\"https:\/\/thelamalucky.net\/it\/\",\"name\":\"Lamalucky\",\"description\":\"\",\"publisher\":{\"@id\":\"https:\/\/thelamalucky.net\/it\/#organization\"},\"potentialAction\":[{\"@type\":\"SearchAction\",\"target\":{\"@type\":\"EntryPoint\",\"urlTemplate\":\"https:\/\/thelamalucky.net\/it\/?s={search_term_string}\"},\"query-input\":{\"@type\":\"PropertyValueSpecification\",\"valueRequired\":true,\"valueName\":\"search_term_string\"}}],\"inLanguage\":\"it-IT\"},{\"@type\":\"Organization\",\"@id\":\"https:\/\/thelamalucky.net\/it\/#organization\",\"name\":\"Lamalucky\",\"url\":\"https:\/\/thelamalucky.net\/it\/\",\"logo\":{\"@type\":\"ImageObject\",\"inLanguage\":\"it-IT\",\"@id\":\"https:\/\/thelamalucky.net\/it\/#\/schema\/logo\/image\/\",\"url\":\"https:\/\/thelamalucky.net\/wp-content\/uploads\/2026\/04\/lamalucky-favicon.png\",\"contentUrl\":\"https:\/\/thelamalucky.net\/wp-content\/uploads\/2026\/04\/lamalucky-favicon.png\",\"width\":28,\"height\":24,\"caption\":\"Lamalucky\"},\"image\":{\"@id\":\"https:\/\/thelamalucky.net\/it\/#\/schema\/logo\/image\/\"}}]}<\/script>\n<!-- \/ Yoast SEO plugin. -->","yoast_head_json":{"title":"Lamalucky App | App Ufficiale per Android & iOS","description":"Lamalucky App \u2013 scarica l'app ufficiale del casin\u00f2 per Android e iOS e goditi un gaming fluido ovunque ti porti la vita. Accedi a depositi con un tocco, notifiche personalizzabili e promozioni esclusive solo per mobile con Lama Lucky.","robots":{"index":"index","follow":"follow","max-snippet":"max-snippet:-1","max-image-preview":"max-image-preview:large","max-video-preview":"max-video-preview:-1"},"canonical":"https:\/\/thelamalucky.net\/it\/applicazione\/","og_locale":"it_IT","og_type":"article","og_title":"Lamalucky App | App Ufficiale per Android & iOS","og_description":"Lamalucky App \u2013 scarica l'app ufficiale del casin\u00f2 per Android e iOS e goditi un gaming fluido ovunque ti porti la vita. Accedi a depositi con un tocco, notifiche personalizzabili e promozioni esclusive solo per mobile con Lama Lucky.","og_url":"https:\/\/thelamalucky.net\/it\/applicazione\/","og_site_name":"lamalucky","article_modified_time":"2026-04-14T08:43:05+00:00","twitter_card":"summary_large_image","twitter_misc":{"Est. reading time":"2 minutes"},"schema":{"@context":"https:\/\/schema.org","@graph":[{"@type":"WebPage","@id":"https:\/\/thelamalucky.net\/it\/applicazione\/","url":"https:\/\/thelamalucky.net\/it\/applicazione\/","name":"Lamalucky App | App Ufficiale per Android & iOS","isPartOf":{"@id":"https:\/\/thelamalucky.net\/it\/#website"},"datePublished":"2026-01-20T12:08:23+00:00","dateModified":"2026-04-14T08:43:05+00:00","description":"Lamalucky App \u2013 scarica l'app ufficiale del casin\u00f2 per Android e iOS e goditi un gaming fluido ovunque ti porti la vita. Accedi a depositi con un tocco, notifiche personalizzabili e promozioni esclusive solo per mobile con Lama Lucky.","breadcrumb":{"@id":"https:\/\/thelamalucky.net\/it\/applicazione\/#breadcrumb"},"inLanguage":"it-IT","potentialAction":[{"@type":"ReadAction","target":["https:\/\/thelamalucky.net\/it\/applicazione\/"]}]},{"@type":"BreadcrumbList","@id":"https:\/\/thelamalucky.net\/it\/applicazione\/#breadcrumb","itemListElement":[{"@type":"ListItem","position":1,"name":"Lamalucky","item":"https:\/\/thelamalucky.net\/it\/"},{"@type":"ListItem","position":2,"name":"Applicazione"}]},{"@type":"WebSite","@id":"https:\/\/thelamalucky.net\/it\/#website","url":"https:\/\/thelamalucky.net\/it\/","name":"Lamalucky","description":"","publisher":{"@id":"https:\/\/thelamalucky.net\/it\/#organization"},"potentialAction":[{"@type":"SearchAction","target":{"@type":"EntryPoint","urlTemplate":"https:\/\/thelamalucky.net\/it\/?s={search_term_string}"},"query-input":{"@type":"PropertyValueSpecification","valueRequired":true,"valueName":"search_term_string"}}],"inLanguage":"it-IT"},{"@type":"Organization","@id":"https:\/\/thelamalucky.net\/it\/#organization","name":"Lamalucky","url":"https:\/\/thelamalucky.net\/it\/","logo":{"@type":"ImageObject","inLanguage":"it-IT","@id":"https:\/\/thelamalucky.net\/it\/#\/schema\/logo\/image\/","url":"https:\/\/thelamalucky.net\/wp-content\/uploads\/2026\/04\/lamalucky-favicon.png","contentUrl":"https:\/\/thelamalucky.net\/wp-content\/uploads\/2026\/04\/lamalucky-favicon.png","width":28,"height":24,"caption":"Lamalucky"},"image":{"@id":"https:\/\/thelamalucky.net\/it\/#\/schema\/logo\/image\/"}}]}},"_links":{"self":[{"href":"https:\/\/thelamalucky.net\/it\/wp-json\/wp\/v2\/pages\/1445"}],"collection":[{"href":"https:\/\/thelamalucky.net\/it\/wp-json\/wp\/v2\/pages"}],"about":[{"href":"https:\/\/thelamalucky.net\/it\/wp-json\/wp\/v2\/types\/page"}],"author":[{"embeddable":true,"href":"https:\/\/thelamalucky.net\/it\/wp-json\/wp\/v2\/users\/1"}],"replies":[{"embeddable":true,"href":"https:\/\/thelamalucky.net\/it\/wp-json\/wp\/v2\/comments?post=1445"}],"version-history":[{"count":4,"href":"https:\/\/thelamalucky.net\/it\/wp-json\/wp\/v2\/pages\/1445\/revisions"}],"predecessor-version":[{"id":2065,"href":"https:\/\/thelamalucky.net\/it\/wp-json\/wp\/v2\/pages\/1445\/revisions\/2065"}],"wp:attachment":[{"href":"https:\/\/thelamalucky.net\/it\/wp-json\/wp\/v2\/media?parent=1445"}],"curies":[{"name":"wp","href":"https:\/\/api.w.org\/{rel}","templated":true}]}}