{"id":1485,"date":"2026-01-20T12:11:11","date_gmt":"2026-01-20T12:11:11","guid":{"rendered":"https:\/\/bonuskongcasino.com\/login-and-registration\/"},"modified":"2026-04-14T09:44:55","modified_gmt":"2026-04-14T08:44:55","slug":"accesso-e-registrazione","status":"publish","type":"page","link":"https:\/\/thelamalucky.net\/it\/accesso-e-registrazione\/","title":{"rendered":"Accesso e registrazione"},"content":{"rendered":"<h1>Accesso a Lamalucky<\/h1>\n<p>Se sei qui per entrare nell&#8217;esclusivo mondo online del nostro casin\u00f2, allora Lamalucky login fa al caso tuo. Questo \u00e8 il nostro ingresso unico nel mondo dei giochi divertenti e di un&#8217;ampia selezione di fantastiche funzionalit\u00e0 di Lama Lucky Casino che non dimenticherai mai. Offriamo una procedura di accesso sicura ed efficiente e un&#8217;assistenza multilingue, e i nostri cari giocatori italiani possono godersi un bel gioco online ogni volta che ne hanno voglia.<\/p>\n<p><div class=\"banner-wrap\" aria-label=\"Banner\"><img src=\"https:\/\/thelamalucky.net\/wp-content\/uploads\/2026\/04\/Lamalucky-banner-carousel.webp\" class=\"w-100 d-none d-lg-block img-pc main-banner-img\" alt=\"Lamalucky banner carousel\" fetchpriority=\"high\" decoding=\"async\"><img src=\"https:\/\/thelamalucky.net\/wp-content\/uploads\/2026\/04\/lamalucky-banner-mobile.webp\" class=\"w-100 d-none d-md-block d-lg-none main-banner-img\" alt=\"lamalucky banner mobile\" fetchpriority=\"high\" decoding=\"async\"><img src=\"https:\/\/thelamalucky.net\/wp-content\/uploads\/2026\/04\/lamalucky-banner-mobile.webp\" class=\"w-100 d-md-none\" alt=\"lamalucky banner mobile\" fetchpriority=\"high\" decoding=\"async\"><div class=\"banner-description\">\n<div class=\"banner-title\">Bonus di benvenuto<\/div>\n<p class=\"banner-header-title\">1500 \u20ac<\/p>\n<div class=\"banner-header-AdditionalText\">+ 250 Giri gratuiti<\/div>\n<button data-item=\"homepage_banner_link\" class=\"goto m-button m-gradient-border m-button--primary m-button--large banner-button btn-orange\">\n            <div class=\"m-button-content\">\n                <span>Iscriviti ora<\/span>\n                <span><\/span>\n            <\/div>\n        <\/button>\n<\/div>\n<div class=\"WelcomePack\">\n<p><img loading=\"lazy\" decoding=\"async\" class=\"alignnone size-full wp-image-1895\" src=\"https:\/\/thelamalucky.net\/wp-content\/uploads\/2026\/04\/welcome-crown.png\" alt=\"welcome crown\" width=\"25\" height=\"26\" \/><\/p>\n<div class=\"WelcomePack-Info\">Cashback settimanale fino al 25%<\/div>\n<p><img loading=\"lazy\" decoding=\"async\" class=\"alignnone size-full wp-image-1895\" src=\"https:\/\/thelamalucky.net\/wp-content\/uploads\/2026\/04\/welcome-crown.png\" alt=\"welcome crown\" width=\"25\" height=\"26\" \/><\/p>\n<\/div>\n<\/div><div class=\"scrollable-content-wrap my-5\"><div class=\"scrollable-content-inner\"><h2>Procedura di registrazione a Lamalucky<\/h2>\n<p>La creazione di un account su Lamalucky Casino offre una grande variet\u00e0 di opzioni, come l&#8217;accesso a bonus esclusivi, la gestione dell&#8217;account e una vasta libreria di giochi. La registrazione \u00e8 semplice. Ci impegniamo a renderla sicura e conveniente per tutti gli utenti. \u00c8 facile creare un account e puoi farlo senza alcun aiuto.<\/p>\n<p>Una volta registrati, nella dashboard di Lama Lucky, i giocatori possono depositare denaro, usufruire delle promozioni e monitorare la propria cronologia di gioco.<\/p>\n<p>Come si fa a sapere quando la registrazione \u00e8 completata e tutto funziona correttamente?<\/p>\n<ul>\n<li>Hai l&#8217;e-mail e la password come credenziali salvate per l&#8217;accesso a Lamalucky.<\/li>\n<li>Hai inserito i tuoi metodi di deposito e prelievo nel profilo di Lama Lucky.<\/li>\n<li>Hai superato il KYC, il nostro processo di verifica interno.<\/li>\n<\/ul>\n<p>Prima di effettuare il tuo primo deposito sulla nostra piattaforma, devi rispettare le nostre regole sul gioco responsabile e superare la verifica, poich\u00e9 questo \u00e8 il modo per proteggere te stesso e gli altri giocatori. Lamalucky Casino attribuisce grande importanza alla sicurezza dei dati. Utilizziamo sofisticati algoritmi di crittografia per proteggere i dati degli utenti. Dopo la registrazione, i giocatori hanno la possibilit\u00e0 di gestire facilmente i propri conti, utilizzare i servizi di assistenza e ottenere il massimo dalla piattaforma.<\/p>\n<h2>Procedura di accesso a Lamalucky<\/h2>\n<p>Una volta completata la registrazione, \u00e8 giunto il momento di effettuare il tuo primo accesso a Lamalucky! Il processo di accesso al tuo account \u00e8 veloce e sicuro. Gli utenti devono semplicemente seguire questi passaggi:<\/p>\n<ol>\n<li>Apri una pagina qualsiasi di Lama Lucky Casino.<\/li>\n<li>Nell&#8217;angolo in alto a destra c&#8217;\u00e8 un pulsante &#8220;Accedi&#8221;, cliccaci sopra.<\/li>\n<li>Inserisci il tuo indirizzo e-mail e la password salvata.<\/li>\n<li>In alternativa, puoi effettuare l&#8217;accesso con un account social, come Google, il che semplificher\u00e0 la procedura di accesso senza compromettere la sicurezza.<\/li>\n<\/ol>\n<p>Dopo aver effettuato l&#8217;accesso, i giocatori possono eseguire una serie di operazioni con i propri account, come depositare denaro, prelevare le vincite, modificare le impostazioni dell&#8217;account e persino giocare ai giochi da casin\u00f2 dal vivo. La piattaforma fornisce la crittografia TLS 1.3 per tutte le transazioni, garantendo l&#8217;integrit\u00e0 dei dati degli utenti e delle informazioni finanziarie. C&#8217;\u00e8 anche un&#8217;interfaccia Lamalucky facile da usare che rende la navigazione nell&#8217;intero portafoglio di giochi senza sforzo.<\/p>\n<h3>Autorizzazione dell&#8217;app mobile Lama Lucky<\/h3>\n<p>L&#8217;accesso dal proprio smartphone \u00e8 sostanzialmente identico. Si consideri cosa \u00e8 necessario fare per un accesso Lamalucky riuscito e quali vantaggi se ne possono trarre:<\/p>\n<table>\n<tbody>\n<tr>\n<td>Requisiti per l&#8217;accesso da dispositivo mobile<\/td>\n<td>Caratteristiche e vantaggi<\/td>\n<\/tr>\n<tr>\n<td>Dispositivi mobili supportati (smartphone, tablet)<\/td>\n<td>Consente un facile accesso in qualsiasi momento, garantendo la massima comodit\u00e0.<\/td>\n<\/tr>\n<tr>\n<td>Connessione Internet stabile<\/td>\n<td>Garantisce sessioni di gioco fluide e senza interruzioni.<\/td>\n<\/tr>\n<tr>\n<td>App mobile Lamalucky o sito web ottimizzato per dispositivi mobili<\/td>\n<td>Offre un&#8217;interfaccia intuitiva su misura per schermi pi\u00f9 piccoli.<\/td>\n<\/tr>\n<tr>\n<td>Indirizzo e-mail e password registrati oppure accesso tramite social media<\/td>\n<td>Consente un&#8217;autenticazione rapida e sicura.<\/td>\n<\/tr>\n<tr>\n<td>Autenticazione biometrica (opzionale)<\/td>\n<td>Aggiunge un ulteriore livello di sicurezza tramite il riconoscimento delle impronte digitali o facciale.<\/td>\n<\/tr>\n<tr>\n<td>Compatibilit\u00e0 dei dispositivi e aggiornamenti del sistema operativo<\/td>\n<td>Garantisce un funzionamento fluido con le ultime funzionalit\u00e0 dei dispositivi e le patch di sicurezza.<\/td>\n<\/tr>\n<\/tbody>\n<\/table>\n<p>Come puoi vedere, l&#8217;accesso a Lamalucky ti offre un accesso immediato alla dashboard, con le sue utili funzionalit\u00e0 e un catalogo di giochi. Tutto ci\u00f2 di cui hai bisogno funziona bene; \u00e8 un risparmio di tempo e non richiede alcuno sforzo.<\/p>\n<p><img loading=\"lazy\" decoding=\"async\" class=\"alignnone size-full wp-image-1946\" src=\"https:\/\/thelamalucky.net\/wp-content\/uploads\/2026\/04\/lamalucky-Login.webp\" alt=\"lamalucky Login\" width=\"1248\" height=\"536\" srcset=\"https:\/\/thelamalucky.net\/wp-content\/uploads\/2026\/04\/lamalucky-Login.webp 1248w, https:\/\/thelamalucky.net\/wp-content\/uploads\/2026\/04\/lamalucky-Login-300x129.webp 300w, https:\/\/thelamalucky.net\/wp-content\/uploads\/2026\/04\/lamalucky-Login-1024x440.webp 1024w, https:\/\/thelamalucky.net\/wp-content\/uploads\/2026\/04\/lamalucky-Login-768x330.webp 768w\" sizes=\"(max-width: 1248px) 100vw, 1248px\" \/><\/p>\n<h2>Gestione delle sessioni<\/h2>\n<p>Lamalucky Casino \u00e8 una piattaforma che dispone di un&#8217;efficace gestione delle sessioni.<\/p>\n<ul>\n<li>Tutto \u00e8 sincronizzato e puoi effettuare l&#8217;accesso e l&#8217;uscita dal tuo account contemporaneamente su tutti i dispositivi che utilizzi.<\/li>\n<li>Le sessioni scadono automaticamente per aumentare la sicurezza del tuo account.<\/li>\n<li>La piattaforma offre anche un sistema di registrazione su pi\u00f9 dispositivi, che consente ai giocatori di visualizzare le sessioni attive e bloccare qualsiasi accesso non autorizzato.<\/li>\n<li>Ogni accesso a Lamalucky \u00e8 proattivo, impedendo l&#8217;uso improprio dell&#8217;account e garantendo un&#8217;esperienza di gioco sicura.<\/li>\n<\/ul>\n<h2>Domande frequenti<\/h2>\n<h3>Perch\u00e9 il mio account \u00e8 stato bloccato dopo diversi tentativi di accesso?<\/h3>\n<p>Il blocco degli account avviene solitamente quando c&#8217;\u00e8 un segnale di allarme nel sistema, ovvero quando sta succedendo qualcosa di sospetto. Lo facciamo per proteggere gli utenti da accessi non autorizzati. Ogni tentativo di accesso fallito attiva misure di sicurezza, e un utente pu\u00f2 ripristinare l&#8217;accesso scrivendoci nella chat live o utilizzando le opzioni di recupero dell&#8217;account.<\/p>\n<h3>Posso cambiare il mio nome utente o indirizzo e-mail su Lama Lucky?<\/h3>\n<p>Puoi apportare le modifiche necessarie nella tua dashboard dopo aver effettuato l&#8217;accesso a Lamalucky. Ma non tutto. I giocatori utilizzano le impostazioni del proprio account per aggiornare l&#8217;indirizzo e-mail registrato. Tuttavia, la possibilit\u00e0 di cambiare nome utente \u00e8 in genere limitata per evitare confusione di identit\u00e0 e incongruenze nell&#8217;account. Non puoi modificare le tue informazioni ogni giorno; sembrerebbe strano. Scrivi al nostro team di assistenza per maggiori dettagli.<\/p>\n<h3>Come posso abilitare l&#8217;autenticazione a due fattori?<\/h3>\n<p>L&#8217;autenticazione a due fattori (2FA) \u00e8 disponibile nelle impostazioni di sicurezza dell&#8217;account di Lamalucky Casino. Si tratta di una misura di sicurezza aggiuntiva che ti aiuta a proteggerti richiedendoti di inserire un codice di verifica al momento dell&#8217;accesso. Riceverai codici di verifica aggiuntivi per accedere al tuo account Lamalucky.<\/p>\n<h3>\u00c8 sicuro salvare i miei dati di accesso nel browser?<\/h3>\n<p>Se ti fidi del tuo browser e della sua sicurezza, allora il gestore di password predefinito va benissimo. La pratica di salvare le password nel browser \u00e8 comune, a condizione che tu abbia una password forte e utilizzi altre misure di sicurezza: questa \u00e8 l&#8217;unica condizione. Lama Lucky ti suggerisce di trovare gestori di password ancora pi\u00f9 sicuri per ottenere una crittografia pi\u00f9 forte e una migliore gestione dei dati di accesso a Lamalucky.<\/p>\n<\/div><\/div><\/p>\n","protected":false},"excerpt":{"rendered":"<p>Accesso a Lamalucky Se sei qui per entrare nell&#8217;esclusivo mondo online del nostro casin\u00f2, allora Lamalucky login fa al caso tuo. Questo \u00e8 il nostro ingresso unico nel mondo dei giochi divertenti e di un&#8217;ampia selezione di fantastiche funzionalit\u00e0 di Lama Lucky Casino che non dimenticherai mai. Offriamo una procedura di accesso sicura ed efficiente [&hellip;]<\/p>\n","protected":false},"author":1,"featured_media":0,"parent":0,"menu_order":0,"comment_status":"closed","ping_status":"closed","template":"template-builder.php","meta":{"_acf_changed":false,"inline_featured_image":false,"footnotes":""},"class_list":["post-1485","page","type-page","status-publish","hentry"],"acf":[],"yoast_head":"<!-- This site is optimized with the Yoast SEO plugin v24.4 - https:\/\/yoast.com\/wordpress\/plugins\/seo\/ -->\n<title>Lamalucky Casino Login &amp; Registrazione | Accesso Sicuro<\/title>\n<meta name=\"description\" content=\"Lamalucky Casino Login \u2013 crea il tuo profilo giocatore in meno di un minuto o accedi con crittografia di livello militare per la massima tranquillit\u00e0. Monitora i progressi delle scommesse, cambia metodo di pagamento e attiva codici promo istantaneamente su Lama Lucky.\" \/>\n<meta name=\"robots\" content=\"index, follow, max-snippet:-1, max-image-preview:large, max-video-preview:-1\" \/>\n<link rel=\"canonical\" href=\"https:\/\/thelamalucky.net\/it\/accesso-e-registrazione\/\" \/>\n<meta property=\"og:locale\" content=\"it_IT\" \/>\n<meta property=\"og:type\" content=\"article\" \/>\n<meta property=\"og:title\" content=\"Lamalucky Casino Login &amp; Registrazione | Accesso Sicuro\" \/>\n<meta property=\"og:description\" content=\"Lamalucky Casino Login \u2013 crea il tuo profilo giocatore in meno di un minuto o accedi con crittografia di livello militare per la massima tranquillit\u00e0. Monitora i progressi delle scommesse, cambia metodo di pagamento e attiva codici promo istantaneamente su Lama Lucky.\" \/>\n<meta property=\"og:url\" content=\"https:\/\/thelamalucky.net\/it\/accesso-e-registrazione\/\" \/>\n<meta property=\"og:site_name\" content=\"lamalucky\" \/>\n<meta property=\"article:modified_time\" content=\"2026-04-14T08:44:55+00:00\" \/>\n<meta name=\"twitter:card\" content=\"summary_large_image\" \/>\n<meta name=\"twitter:label1\" content=\"Est. reading time\" \/>\n\t<meta name=\"twitter:data1\" content=\"1 minute\" \/>\n<script type=\"application\/ld+json\" class=\"yoast-schema-graph\">{\"@context\":\"https:\/\/schema.org\",\"@graph\":[{\"@type\":\"WebPage\",\"@id\":\"https:\/\/thelamalucky.net\/it\/accesso-e-registrazione\/\",\"url\":\"https:\/\/thelamalucky.net\/it\/accesso-e-registrazione\/\",\"name\":\"Lamalucky Casino Login & Registrazione | Accesso Sicuro\",\"isPartOf\":{\"@id\":\"https:\/\/thelamalucky.net\/it\/#website\"},\"datePublished\":\"2026-01-20T12:11:11+00:00\",\"dateModified\":\"2026-04-14T08:44:55+00:00\",\"description\":\"Lamalucky Casino Login \u2013 crea il tuo profilo giocatore in meno di un minuto o accedi con crittografia di livello militare per la massima tranquillit\u00e0. Monitora i progressi delle scommesse, cambia metodo di pagamento e attiva codici promo istantaneamente su Lama Lucky.\",\"breadcrumb\":{\"@id\":\"https:\/\/thelamalucky.net\/it\/accesso-e-registrazione\/#breadcrumb\"},\"inLanguage\":\"it-IT\",\"potentialAction\":[{\"@type\":\"ReadAction\",\"target\":[\"https:\/\/thelamalucky.net\/it\/accesso-e-registrazione\/\"]}]},{\"@type\":\"BreadcrumbList\",\"@id\":\"https:\/\/thelamalucky.net\/it\/accesso-e-registrazione\/#breadcrumb\",\"itemListElement\":[{\"@type\":\"ListItem\",\"position\":1,\"name\":\"Lamalucky\",\"item\":\"https:\/\/thelamalucky.net\/it\/\"},{\"@type\":\"ListItem\",\"position\":2,\"name\":\"Accesso e registrazione\"}]},{\"@type\":\"WebSite\",\"@id\":\"https:\/\/thelamalucky.net\/it\/#website\",\"url\":\"https:\/\/thelamalucky.net\/it\/\",\"name\":\"Lamalucky\",\"description\":\"\",\"publisher\":{\"@id\":\"https:\/\/thelamalucky.net\/it\/#organization\"},\"potentialAction\":[{\"@type\":\"SearchAction\",\"target\":{\"@type\":\"EntryPoint\",\"urlTemplate\":\"https:\/\/thelamalucky.net\/it\/?s={search_term_string}\"},\"query-input\":{\"@type\":\"PropertyValueSpecification\",\"valueRequired\":true,\"valueName\":\"search_term_string\"}}],\"inLanguage\":\"it-IT\"},{\"@type\":\"Organization\",\"@id\":\"https:\/\/thelamalucky.net\/it\/#organization\",\"name\":\"Lamalucky\",\"url\":\"https:\/\/thelamalucky.net\/it\/\",\"logo\":{\"@type\":\"ImageObject\",\"inLanguage\":\"it-IT\",\"@id\":\"https:\/\/thelamalucky.net\/it\/#\/schema\/logo\/image\/\",\"url\":\"https:\/\/thelamalucky.net\/wp-content\/uploads\/2026\/04\/lamalucky-favicon.png\",\"contentUrl\":\"https:\/\/thelamalucky.net\/wp-content\/uploads\/2026\/04\/lamalucky-favicon.png\",\"width\":28,\"height\":24,\"caption\":\"Lamalucky\"},\"image\":{\"@id\":\"https:\/\/thelamalucky.net\/it\/#\/schema\/logo\/image\/\"}}]}<\/script>\n<!-- \/ Yoast SEO plugin. -->","yoast_head_json":{"title":"Lamalucky Casino Login & Registrazione | Accesso Sicuro","description":"Lamalucky Casino Login \u2013 crea il tuo profilo giocatore in meno di un minuto o accedi con crittografia di livello militare per la massima tranquillit\u00e0. Monitora i progressi delle scommesse, cambia metodo di pagamento e attiva codici promo istantaneamente su Lama Lucky.","robots":{"index":"index","follow":"follow","max-snippet":"max-snippet:-1","max-image-preview":"max-image-preview:large","max-video-preview":"max-video-preview:-1"},"canonical":"https:\/\/thelamalucky.net\/it\/accesso-e-registrazione\/","og_locale":"it_IT","og_type":"article","og_title":"Lamalucky Casino Login & Registrazione | Accesso Sicuro","og_description":"Lamalucky Casino Login \u2013 crea il tuo profilo giocatore in meno di un minuto o accedi con crittografia di livello militare per la massima tranquillit\u00e0. Monitora i progressi delle scommesse, cambia metodo di pagamento e attiva codici promo istantaneamente su Lama Lucky.","og_url":"https:\/\/thelamalucky.net\/it\/accesso-e-registrazione\/","og_site_name":"lamalucky","article_modified_time":"2026-04-14T08:44:55+00:00","twitter_card":"summary_large_image","twitter_misc":{"Est. reading time":"1 minute"},"schema":{"@context":"https:\/\/schema.org","@graph":[{"@type":"WebPage","@id":"https:\/\/thelamalucky.net\/it\/accesso-e-registrazione\/","url":"https:\/\/thelamalucky.net\/it\/accesso-e-registrazione\/","name":"Lamalucky Casino Login & Registrazione | Accesso Sicuro","isPartOf":{"@id":"https:\/\/thelamalucky.net\/it\/#website"},"datePublished":"2026-01-20T12:11:11+00:00","dateModified":"2026-04-14T08:44:55+00:00","description":"Lamalucky Casino Login \u2013 crea il tuo profilo giocatore in meno di un minuto o accedi con crittografia di livello militare per la massima tranquillit\u00e0. Monitora i progressi delle scommesse, cambia metodo di pagamento e attiva codici promo istantaneamente su Lama Lucky.","breadcrumb":{"@id":"https:\/\/thelamalucky.net\/it\/accesso-e-registrazione\/#breadcrumb"},"inLanguage":"it-IT","potentialAction":[{"@type":"ReadAction","target":["https:\/\/thelamalucky.net\/it\/accesso-e-registrazione\/"]}]},{"@type":"BreadcrumbList","@id":"https:\/\/thelamalucky.net\/it\/accesso-e-registrazione\/#breadcrumb","itemListElement":[{"@type":"ListItem","position":1,"name":"Lamalucky","item":"https:\/\/thelamalucky.net\/it\/"},{"@type":"ListItem","position":2,"name":"Accesso e registrazione"}]},{"@type":"WebSite","@id":"https:\/\/thelamalucky.net\/it\/#website","url":"https:\/\/thelamalucky.net\/it\/","name":"Lamalucky","description":"","publisher":{"@id":"https:\/\/thelamalucky.net\/it\/#organization"},"potentialAction":[{"@type":"SearchAction","target":{"@type":"EntryPoint","urlTemplate":"https:\/\/thelamalucky.net\/it\/?s={search_term_string}"},"query-input":{"@type":"PropertyValueSpecification","valueRequired":true,"valueName":"search_term_string"}}],"inLanguage":"it-IT"},{"@type":"Organization","@id":"https:\/\/thelamalucky.net\/it\/#organization","name":"Lamalucky","url":"https:\/\/thelamalucky.net\/it\/","logo":{"@type":"ImageObject","inLanguage":"it-IT","@id":"https:\/\/thelamalucky.net\/it\/#\/schema\/logo\/image\/","url":"https:\/\/thelamalucky.net\/wp-content\/uploads\/2026\/04\/lamalucky-favicon.png","contentUrl":"https:\/\/thelamalucky.net\/wp-content\/uploads\/2026\/04\/lamalucky-favicon.png","width":28,"height":24,"caption":"Lamalucky"},"image":{"@id":"https:\/\/thelamalucky.net\/it\/#\/schema\/logo\/image\/"}}]}},"_links":{"self":[{"href":"https:\/\/thelamalucky.net\/it\/wp-json\/wp\/v2\/pages\/1485"}],"collection":[{"href":"https:\/\/thelamalucky.net\/it\/wp-json\/wp\/v2\/pages"}],"about":[{"href":"https:\/\/thelamalucky.net\/it\/wp-json\/wp\/v2\/types\/page"}],"author":[{"embeddable":true,"href":"https:\/\/thelamalucky.net\/it\/wp-json\/wp\/v2\/users\/1"}],"replies":[{"embeddable":true,"href":"https:\/\/thelamalucky.net\/it\/wp-json\/wp\/v2\/comments?post=1485"}],"version-history":[{"count":3,"href":"https:\/\/thelamalucky.net\/it\/wp-json\/wp\/v2\/pages\/1485\/revisions"}],"predecessor-version":[{"id":2067,"href":"https:\/\/thelamalucky.net\/it\/wp-json\/wp\/v2\/pages\/1485\/revisions\/2067"}],"wp:attachment":[{"href":"https:\/\/thelamalucky.net\/it\/wp-json\/wp\/v2\/media?parent=1485"}],"curies":[{"name":"wp","href":"https:\/\/api.w.org\/{rel}","templated":true}]}}