{"id":1447,"date":"2026-01-20T12:08:23","date_gmt":"2026-01-20T12:08:23","guid":{"rendered":"https:\/\/bonuskongcasino.com\/app\/"},"modified":"2026-04-14T09:55:57","modified_gmt":"2026-04-14T08:55:57","slug":"aplikacja","status":"publish","type":"page","link":"https:\/\/thelamalucky.net\/pl\/aplikacja\/","title":{"rendered":"Aplikacja"},"content":{"rendered":"<h1>Kasyno w aplikacji Lamalucky<\/h1>\n<p>Je\u015bli chcesz zagra\u0107 w ponad 6 000 gier i wzi\u0105\u0107 udzia\u0142 w turniejach naszego kasyna, musisz wypr\u00f3bowa\u0107 Lamalucky app. Jeste\u015bmy tutaj, aby zaoferowa\u0107 Ci wysokiej jako\u015bci do\u015bwiadczenie online, d\u0105\u017c\u0105c do tego, by by\u0142o ono jak najbardziej wygodne i innowacyjne. Aplikacja zapewnia mo\u017cliwo\u015b\u0107 grania w ulubione gry w spos\u00f3b mobilny \u2013 bez kabli, bez konieczno\u015bci pozostawania w domu. Wspieramy najnowsze technologie i wysokie standardy bezpiecze\u0144stwa. Nasze mobilne kasyno jest tak wa\u017cne dla obecnych polskich graczy, poniewa\u017c zapewniamy p\u0142ynne i niezawodne wra\u017cenia z gry na ka\u017cdym urz\u0105dzeniu.<\/p>\n<div class=\"banner-wrap\" aria-label=\"Banner\"><img src=\"https:\/\/thelamalucky.net\/wp-content\/uploads\/2026\/04\/Lamalucky-banner-carousel.webp\" class=\"w-100 d-none d-lg-block img-pc main-banner-img\" alt=\"Lamalucky banner carousel\" fetchpriority=\"high\" decoding=\"async\"><img src=\"https:\/\/thelamalucky.net\/wp-content\/uploads\/2026\/04\/lamalucky-banner-mobile.webp\" class=\"w-100 d-none d-md-block d-lg-none main-banner-img\" alt=\"lamalucky banner mobile\" fetchpriority=\"high\" decoding=\"async\"><img src=\"https:\/\/thelamalucky.net\/wp-content\/uploads\/2026\/04\/lamalucky-banner-mobile.webp\" class=\"w-100 d-md-none\" alt=\"lamalucky banner mobile\" fetchpriority=\"high\" decoding=\"async\"><div class=\"banner-description\">\n<div class=\"banner-title\">Bonusy powitalne<\/div>\n<p class=\"banner-header-title\">1500 \u20ac<\/p>\n<div class=\"banner-header-AdditionalText\">+ 250 Darmowe spiny<\/div>\n<button data-item=\"homepage_banner_link\" class=\"goto m-button m-gradient-border m-button--primary m-button--large banner-button btn-orange\">\n            <div class=\"m-button-content\">\n                <span>Zarejestruj si\u0119 teraz<\/span>\n                <span><\/span>\n            <\/div>\n        <\/button>\n<\/div>\n<div class=\"WelcomePack\">\n<p><img loading=\"lazy\" decoding=\"async\" class=\"alignnone size-full wp-image-1896\" src=\"https:\/\/thelamalucky.net\/wp-content\/uploads\/2026\/04\/welcome-crown.png\" alt=\"welcome crown\" width=\"25\" height=\"26\" \/><\/p>\n<div class=\"WelcomePack-Info\">Cotygodniowy zwrot got\u00f3wki do 25%<\/div>\n<p><img loading=\"lazy\" decoding=\"async\" class=\"alignnone size-full wp-image-1896\" src=\"https:\/\/thelamalucky.net\/wp-content\/uploads\/2026\/04\/welcome-crown.png\" alt=\"welcome crown\" width=\"25\" height=\"26\" \/><\/p>\n<\/div>\n<\/div>\n<h2>Funkcje aplikacji Lamalucky<\/h2>\n<p>Aplikacja Lama Lucky jest wyj\u0105tkowa, poniewa\u017c jest przyjazna dla u\u017cytkownika i posiada kilka zaawansowanych funkcji, kt\u00f3re sprawiaj\u0105, \u017ce do\u015bwiadczenie mobilne jest elitarne i na wysokim poziomie. Zapewnia natychmiastowy dost\u0119p do szerokiej gamy gier slotowych online w dowolnym momencie. A co z grami kasynowymi na \u017cywo? Oczywi\u015bcie, \u017ce s\u0105. Dost\u0119pne s\u0105 r\u00f3wnie\u017c wszystkie gry karciane kasyna Lamalucky. Wszystko jest zoptymalizowane pod k\u0105tem ekran\u00f3w dotykowych. Responsywny interfejs aplikacji zapewnia szybkie \u0142adowanie, \u0142atw\u0105 nawigacj\u0119 i p\u0142ynne sterowanie nawet w okresach du\u017cego nat\u0119\u017cenia ruchu w Internecie.<\/p>\n<p>Automatyczne aktualizacje to jedna z najwa\u017cniejszych zalet aplikacji. Oznacza to, \u017ce gracze nigdy nie przegapi\u0105 \u017cadnej nowej funkcji ani ulepszenia bezpiecze\u0144stwa, poniewa\u017c s\u0105 one automatycznie aktualizowane za ka\u017cdym razem. Z aplikacji Lamalucky warto korzysta\u0107 z kilku powod\u00f3w:<\/p>\n<ul>\n<li>Mo\u017cna z niej korzysta\u0107 w wielu przegl\u0105darkach i na r\u00f3\u017cnych urz\u0105dzeniach, dzi\u0119ki czemu gracze nie s\u0105 ograniczeni przez systemy operacyjne ani sprz\u0119t.<\/li>\n<li>Lekko\u015b\u0107 aplikacji nie obci\u0105\u017ca pami\u0119ci i baterii urz\u0105dze\u0144, zapewniaj\u0105c jednocze\u015bnie nieprzerwane wra\u017cenia z gry.<\/li>\n<li>Ponadto kasyno Lamalucky posiada wbudowane funkcje wsparcia, takie jak czat na \u017cywo i bezpo\u015bredni kontakt z zespo\u0142em pomocy technicznej, dzi\u0119ki czemu \u0142atwiej jest rozwi\u0105zywa\u0107 problemy lub wyja\u015bnia\u0107 w\u0105tpliwo\u015bci.<\/li>\n<li>Aplikacja u\u0142atwia r\u00f3wnie\u017c proces weryfikacji, poniewa\u017c gracz mo\u017ce szybko i dyskretnie potwierdzi\u0107 swoj\u0105 to\u017csamo\u015b\u0107, a bezpiecze\u0144stwo jego danych jest zapewnione przez ca\u0142y czas.<\/li>\n<\/ul>\n<p><div class=\"scrollable-content-wrap my-5\"><div class=\"scrollable-content-inner\"><h2>Aplikacja Lamalucky na system Android<\/h2>\n<p>Lamalucky to aplikacja na Androida, kt\u00f3ra oferuje wszystkie najwa\u017cniejsze funkcje, takie jak czat na \u017cywo, transakcje i zarz\u0105dzanie kontem, bez uszczerbku dla bezpiecze\u0144stwa. Aby zapewni\u0107 p\u0142ynne dzia\u0142anie, najlepiej u\u017cywa\u0107 urz\u0105dze\u0144 z systemem Android w wersji 7\u20138 lub nowszej. Jak wida\u0107, aplikacja jest dost\u0119pna na wielu r\u00f3\u017cnych telefonach.<\/p>\n<p>Aplikacj\u0119 Lamalucky mo\u017cna \u0142atwo i sprawnie zainstalowa\u0107 na urz\u0105dzeniach z systemem Android. Oto kroki, kt\u00f3re nale\u017cy wykona\u0107:<\/p>\n<ol>\n<li>Przejd\u017a do strony g\u0142\u00f3wnej kasyna Lama Lucky.<\/li>\n<li>Przewi\u0144 stron\u0119 w d\u00f3\u0142 do ko\u0144ca, a\u017c do przycisku \u201eCasino App\u201d.<\/li>\n<li>Kliknij \u201eZainstaluj\u201d i zako\u0144cz proces pobierania.<\/li>\n<li>Przejd\u017a do skrzynki odbiorczej, aby znale\u017a\u0107 wiadomo\u015b\u0107 e-mail z potwierdzeniem od Lamalucky Casino.<\/li>\n<li>Zako\u0144cz proces rejestracji, post\u0119puj\u0105c zgodnie z prostymi instrukcjami na naszej platformie.<\/li>\n<\/ol>\n<p>I to wszystko \u2013 proste i kompleksowe. \u017badnych nieznanych \u017ar\u00f3de\u0142, nie ma potrzeby pobierania niczego na urz\u0105dzenie poprzez klikni\u0119cie podanych link\u00f3w, \u017cadnych k\u0142opot\u00f3w jak w przypadku plik\u00f3w APK \u2013 nic podejrzanego.<\/p>\n<p>Po zainstalowaniu ikona aplikacji Lamalucky pojawi si\u0119 na ekranie g\u0142\u00f3wnym, zapewniaj\u0105c bezpo\u015bredni dost\u0119p do ca\u0142ej biblioteki gier. Aplikacja ma prosty interfejs, kt\u00f3ry jest dostosowany do funkcji ekranu dotykowego systemu Android, aby zapewni\u0107 u\u017cytkownikom p\u0142ynne i interaktywne wra\u017cenia z gry.<\/p>\n<h2>Dlaczego warto wybra\u0107 Lama Lucky PWA zamiast APK<\/h2>\n<p>Kasyno Lamalucky z wielu powod\u00f3w wybiera Progressive Web App (PWA) jako swoj\u0105 g\u0142\u00f3wn\u0105 opcj\u0119 mobiln\u0105. W przeciwie\u0144stwie do tradycyjnych plik\u00f3w APK lub aplikacji natywnych, wybieraj\u0105c PWA, otrzymujesz innowacyjne rozwi\u0105zanie, kt\u00f3re oszcz\u0119dza bateri\u0119 telefonu i \u0142\u0105czy w sobie tylko najlepsze cechy wersji internetowej. Mo\u017cesz cieszy\u0107 si\u0119 \u015bwietn\u0105 grafik\u0105, \u0142adnym d\u017awi\u0119kiem itp., a tak\u017ce aplikacj\u0105 mobiln\u0105 \u2013 lekk\u0105, szybk\u0105, przeno\u015bn\u0105 i automatycznie aktualizowan\u0105.<\/p>\n<p>Decyzja Lamalucky o wdro\u017ceniu PWA wynika z kilku zalet. Sprawd\u017a sam:<\/p>\n<ul>\n<li>Jest superlekka. Je\u015bli sprawdzisz, ile wa\u017cy na smartfonie, b\u0119dziesz zaskoczony, widz\u0105c, \u017ce jest to warto\u015b\u0107 bliska zeru.<\/li>\n<li>Dzi\u0119ki niej wyd\u0142u\u017camy \u017cywotno\u015b\u0107 baterii, poniewa\u017c oszcz\u0119dza ona procent baterii nawet podczas grania w gry kasynowe na \u017cywo.<\/li>\n<li>Jest kompatybilna ze wszystkimi urz\u0105dzeniami i systemami operacyjnymi, wi\u0119c nie ma rzeczywistej potrzeby tworzenia oddzielnych wersji aplikacji na Androida lub iOS.<\/li>\n<li>I jeszcze jedno \u2014 w Lamalucky Casino wbudowali\u015bmy w PWA najnowsze, najbardziej zaawansowane funkcje bezpiecze\u0144stwa, takie jak TLS 1.3 i DDoS.<\/li>\n<\/ul>\n<p><img loading=\"lazy\" decoding=\"async\" class=\"alignnone size-full wp-image-1915\" src=\"https:\/\/thelamalucky.net\/wp-content\/uploads\/2026\/04\/lamalucky-Android-App.webp\" alt=\"lamalucky Android App\" width=\"1248\" height=\"536\" srcset=\"https:\/\/thelamalucky.net\/wp-content\/uploads\/2026\/04\/lamalucky-Android-App.webp 1248w, https:\/\/thelamalucky.net\/wp-content\/uploads\/2026\/04\/lamalucky-Android-App-300x129.webp 300w, https:\/\/thelamalucky.net\/wp-content\/uploads\/2026\/04\/lamalucky-Android-App-1024x440.webp 1024w, https:\/\/thelamalucky.net\/wp-content\/uploads\/2026\/04\/lamalucky-Android-App-768x330.webp 768w\" sizes=\"(max-width: 1248px) 100vw, 1248px\" \/><\/p>\n<\/div><\/div><div style=\"clear: both\"><\/div><div class=\"d-flex justify-content-center\"><button data-item=\"decouvrez_link\" data-group=\"website_links\" class=\"goto fw-bold rounded-pill btn btn-orange\" aria-label=\"Pobierz aplikacj\u0119 Lamalucky\" >Pobierz aplikacj\u0119 Lamalucky<\/button><\/div><div class=\"scrollable-content-wrap my-5\"><div class=\"scrollable-content-inner\"><h2>Aplikacja Lamalucky na iOS<\/h2>\n<p>Ci, kt\u00f3rzy maj\u0105 produkty Apple, te\u017c nie powinni si\u0119 smuci\u0107. U\u017cytkownicy iPhone&#8217;\u00f3w i iPad\u00f3w maj\u0105 unikaln\u0105 aplikacj\u0119 Lamalucky PWA, kt\u00f3ra jest kompatybilna ze wszystkimi waszymi urz\u0105dzeniami, w tym tabletami. Je\u015bli chcesz j\u0105 pobra\u0107, wystarczy wej\u015b\u0107 na stron\u0119 Lama Lucky i w przegl\u0105darce Safari, w ustawieniach, znale\u017a\u0107 przycisk \u201eDodaj do ekranu g\u0142\u00f3wnego\u201d. To proste!<\/p>\n<p>Jest to aplikacja zoptymalizowana pod k\u0105tem systemu iOS, kt\u00f3ra zapewnia szybk\u0105, bezpieczn\u0105 i prost\u0105 rozgrywk\u0119.<\/p>\n<p>Aplikacja na iOS jest bardzo bezpieczna dzi\u0119ki szyfrowaniu TLS, kt\u00f3re chroni dane osobowe i finansowe. Dost\u0119pne s\u0105 us\u0142ugi obs\u0142ugi klienta, takie jak czat na \u017cywo Lamalucky Casino i zesp\u00f3\u0142 wsparcia, dzi\u0119ki czemu gracze mog\u0105 skorzysta\u0107 z pomocy, kiedy tylko jej potrzebuj\u0105.<\/p>\n<p>Dla dodatkowego bezpiecze\u0144stwa w\u0142\u0105czono Touch ID i Face ID, co zwi\u0119ksza bezpiecze\u0144stwo konta przy ka\u017cdym logowaniu. Usprawniona konstrukcja sprawia, \u017ce poruszanie si\u0119 po du\u017cej bibliotece gier, dokonywanie wp\u0142at i wyp\u0142at oraz korzystanie z innych promocji jest \u0142atwe i wydajne.<\/p>\n<p><img loading=\"lazy\" decoding=\"async\" class=\"alignnone size-full wp-image-1939\" src=\"https:\/\/thelamalucky.net\/wp-content\/uploads\/2026\/04\/lamalucky-iOS-App.webp\" alt=\"lamalucky iOS App\" width=\"1248\" height=\"536\" srcset=\"https:\/\/thelamalucky.net\/wp-content\/uploads\/2026\/04\/lamalucky-iOS-App.webp 1248w, https:\/\/thelamalucky.net\/wp-content\/uploads\/2026\/04\/lamalucky-iOS-App-300x129.webp 300w, https:\/\/thelamalucky.net\/wp-content\/uploads\/2026\/04\/lamalucky-iOS-App-1024x440.webp 1024w, https:\/\/thelamalucky.net\/wp-content\/uploads\/2026\/04\/lamalucky-iOS-App-768x330.webp 768w\" sizes=\"(max-width: 1248px) 100vw, 1248px\" \/><\/p>\n<\/div><\/div><div style=\"clear: both\"><\/div><div class=\"d-flex justify-content-center\"><button data-item=\"decouvrez_link\" data-group=\"website_links\" class=\"goto fw-bold rounded-pill btn btn-orange\" aria-label=\"Pobierz aplikacj\u0119 Lamalucky\" >Pobierz aplikacj\u0119 Lamalucky<\/button><\/div><div class=\"scrollable-content-wrap my-5\"><div class=\"scrollable-content-inner\"><h2>Wersja kasyna Lama Lucky na komputery stacjonarne<\/h2>\n<p>Chocia\u017c kasyno mobilne oferuje niezr\u00f3wnan\u0105 wygod\u0119, wersja Lamalucky na komputery stacjonarne jest r\u00f3wnie\u017c niezawodn\u0105 opcj\u0105 dla tych, kt\u00f3rzy chcieliby gra\u0107 na komputerze. Platforma na komputery stacjonarne oferuje kompletny zestaw wygodnych funkcji, a tak\u017ce ten sam szeroki wyb\u00f3r automat\u00f3w online, sto\u0142\u00f3w z krupierami na \u017cywo i gier b\u0142yskawicznych.<\/p>\n<table>\n<tbody>\n<tr>\n<td>Funkcja<\/td>\n<td>Szczeg\u00f3\u0142y<\/td>\n<\/tr>\n<tr>\n<td>Interfejs i kompatybilno\u015b\u0107<\/td>\n<td>Dostosowuje si\u0119 do wszystkich rozmiar\u00f3w i rozdzielczo\u015bci ekran\u00f3w oraz zapewnia takie same wra\u017cenia zar\u00f3wno na systemach Mac, jak i Windows.<\/td>\n<\/tr>\n<tr>\n<td>Szybki dost\u0119p<\/td>\n<td>Gracze maj\u0105 mo\u017cliwo\u015b\u0107 umieszczenia skr\u00f3t\u00f3w na pulpicie w celu szybkiego dost\u0119pu, co eliminuje konieczno\u015b\u0107 wielokrotnego przechodzenia przez przegl\u0105dark\u0119.<\/td>\n<\/tr>\n<tr>\n<td>Obs\u0142ugiwane funkcje<\/td>\n<td>Obs\u0142uguje wszystkie funkcje, w tym procedur\u0119 weryfikacji, obs\u0142ug\u0119 klienta na czacie na \u017cywo oraz bezpieczne opcje p\u0142atno\u015bci.<\/td>\n<\/tr>\n<\/tbody>\n<\/table>\n<p>Wersja komputerowa kasyna Lamalucky stawia na stabilno\u015b\u0107 i p\u0142ynne dzia\u0142anie. Mo\u017cesz r\u00f3wnie\u017c cieszy\u0107 si\u0119 niezawodno\u015bci\u0105 podczas intensywnej gry i przeprowadzania transakcji. Aplikacja Lamalucky charakteryzuje si\u0119 tym samym wysokim poziomem bezpiecze\u0144stwa, dzi\u0119ki czemu dane u\u017cytkownik\u00f3w s\u0105 chronione podczas ka\u017cdej interakcji.<\/p>\n<h3>Bezpiecze\u0144stwo i uczciwa gra<\/h3>\n<p>Kasyno Lamalucky przyk\u0142ada du\u017c\u0105 wag\u0119 do bezpiecze\u0144stwa i uczciwo\u015bci. Wszystkie transakcje s\u0105 szyfrowane za pomoc\u0105 protoko\u0142u TLS 1.3. Mo\u017cesz mie\u0107 pewno\u015b\u0107, \u017ce Twoje dane osobowe i finansowe pozostan\u0105 poufne. Witryna posiada bardzo zaawansowane systemy bezpiecze\u0144stwa chroni\u0105ce przed nieautoryzowanym dost\u0119pem, botami, phishingiem i wyciekami danych.<\/p>\n<p>Wszystkie wyniki gier online i automat\u00f3w w Lamalucky s\u0105 zapewniane przez certyfikowane generatory liczb losowych. Kasyno dzia\u0142a zgodnie z wysokimi standardami licencyjnymi i regulacyjnymi, kt\u00f3re gwarantuj\u0105 przejrzysto\u015b\u0107 i uczciwo\u015b\u0107 we wszystkich swoich dzia\u0142aniach. Gracze mog\u0105 by\u0107 pewni, \u017ce zesp\u00f3\u0142 wsparcia jest dost\u0119pny przez czat na \u017cywo i pomo\u017ce w przypadku jakichkolwiek problem\u00f3w technicznych, zwi\u0105zanych z bezpiecze\u0144stwem lub nieuczciwo\u015bci\u0105.<\/p>\n<p><img loading=\"lazy\" decoding=\"async\" class=\"alignnone size-full wp-image-1931\" src=\"https:\/\/thelamalucky.net\/wp-content\/uploads\/2026\/04\/lamalucky-Desktop.webp\" alt=\"lamalucky Desktop\" width=\"1248\" height=\"536\" srcset=\"https:\/\/thelamalucky.net\/wp-content\/uploads\/2026\/04\/lamalucky-Desktop.webp 1248w, https:\/\/thelamalucky.net\/wp-content\/uploads\/2026\/04\/lamalucky-Desktop-300x129.webp 300w, https:\/\/thelamalucky.net\/wp-content\/uploads\/2026\/04\/lamalucky-Desktop-1024x440.webp 1024w, https:\/\/thelamalucky.net\/wp-content\/uploads\/2026\/04\/lamalucky-Desktop-768x330.webp 768w\" sizes=\"(max-width: 1248px) 100vw, 1248px\" \/><\/p>\n<\/div><\/div><div style=\"clear: both\"><\/div><div class=\"d-flex justify-content-center\"><button data-item=\"decouvrez_link\" data-group=\"website_links\" class=\"goto fw-bold rounded-pill btn btn-orange\" aria-label=\"Pobierz aplikacj\u0119 Lamalucky\" >Pobierz aplikacj\u0119 Lamalucky<\/button><\/div><div class=\"scrollable-content-wrap my-5\"><div class=\"scrollable-content-inner\"><h2>FAQ<\/h2>\n<h3>Jakie s\u0105 minimalne wymagania systemowe dla aplikacji?<\/h3>\n<p>Musisz wiedzie\u0107, \u017ce bardzo stare telefony z przyciskami nie b\u0119d\u0105 obs\u0142ugiwa\u0107 aplikacji Lama Lucky, ale nie b\u0119dziesz mie\u0107 \u017cadnych problem\u00f3w ze wszystkimi nowymi smartfonami! Aplikacja wymaga systemu Android 8.0 lub nowszego albo iOS 12.0 lub nowszego. Minimalna pami\u0119\u0107 RAM powinna wynosi\u0107 2 GB, a po\u0142\u0105czenie internetowe musi by\u0107 stabilne, aby zapewni\u0107 maksymaln\u0105 wydajno\u015b\u0107 urz\u0105dzenia.<\/p>\n<h3>Jak zainstalowa\u0107 plik APK na moim urz\u0105dzeniu z systemem Android?<\/h3>\n<p>Nie obs\u0142ugujemy pobierania plik\u00f3w APK. Mamy now\u0105, fajn\u0105 wersj\u0119 PWA, kt\u00f3ra nie wymaga pobierania ani nie zajmuje miejsca w telefonie, jak to ma miejsce w przypadku zwyk\u0142ych plik\u00f3w APK. Wypr\u00f3buj j\u0105 i daj nam zna\u0107 na czacie na \u017cywo, czy podoba Ci si\u0119 nasza aplikacja Lamalucky.<\/p>\n<h3>Czy mog\u0119 korzysta\u0107 z mojego istniej\u0105cego konta w aplikacji mobilnej?<\/h3>\n<p>Tak, gracze mog\u0105 r\u00f3wnie\u017c u\u017cywa\u0107 tych samych danych logowania do konta Lamalucky Casino, aby si\u0119 zalogowa\u0107. Nasza polityka prywatno\u015bci stanowi, \u017ce nie nale\u017cy tworzy\u0107 wielu kont, poniewa\u017c stanowi to naruszenie zasad Lamalucky. Synchronizacja wszystkich informacji o koncie, sald i historii gry odbywa si\u0119 na wszystkich platformach.<\/p>\n<h3>Czy istnieje r\u00f3\u017cnica mi\u0119dzy wersj\u0105 aplikacji a wersj\u0105 przegl\u0105darkow\u0105?<\/h3>\n<p>Z technicznego punktu widzenia nasza aplikacja Lama Lucky jest ca\u0142kowicie identyczna z pe\u0142n\u0105 wersj\u0105 \u2014 ca\u0142y katalog gier, pulpit nawigacyjny i transakcje finansowe s\u0105 takie same. Jak ju\u017c wiesz, wszystkie funkcje dost\u0119pne w wersji przegl\u0105darkowej s\u0105 dost\u0119pne r\u00f3wnie\u017c w aplikacji.<\/p>\n<\/div><\/div><\/p>\n","protected":false},"excerpt":{"rendered":"<p>Kasyno w aplikacji Lamalucky Je\u015bli chcesz zagra\u0107 w ponad 6 000 gier i wzi\u0105\u0107 udzia\u0142 w turniejach naszego kasyna, musisz wypr\u00f3bowa\u0107 Lamalucky app. Jeste\u015bmy tutaj, aby zaoferowa\u0107 Ci wysokiej jako\u015bci do\u015bwiadczenie online, d\u0105\u017c\u0105c do tego, by by\u0142o ono jak najbardziej wygodne i innowacyjne. Aplikacja zapewnia mo\u017cliwo\u015b\u0107 grania w ulubione gry w spos\u00f3b mobilny \u2013 bez [&hellip;]<\/p>\n","protected":false},"author":1,"featured_media":0,"parent":0,"menu_order":0,"comment_status":"closed","ping_status":"closed","template":"template-builder.php","meta":{"_acf_changed":false,"inline_featured_image":false,"footnotes":""},"class_list":["post-1447","page","type-page","status-publish","hentry"],"acf":[],"yoast_head":"<!-- This site is optimized with the Yoast SEO plugin v24.4 - https:\/\/yoast.com\/wordpress\/plugins\/seo\/ -->\n<title>Lamalucky App | Oficjalna Aplikacja na Android &amp; iOS<\/title>\n<meta name=\"description\" content=\"Lamalucky App \u2013 pobierz oficjaln\u0105 aplikacj\u0119 kasynow\u0105 na Android i iOS i ciesz si\u0119 p\u0142ynnym graniem gdziekolwiek zaprowadzi Ci\u0119 \u017cycie. Uzyskaj dost\u0119p do wp\u0142at jednym dotkni\u0119ciem, konfigurowalnych powiadomie\u0144 i ekskluzywnych promocji tylko na urz\u0105dzenia mobilne z Lama Lucky.\" \/>\n<meta name=\"robots\" content=\"index, follow, max-snippet:-1, max-image-preview:large, max-video-preview:-1\" \/>\n<link rel=\"canonical\" href=\"https:\/\/thelamalucky.net\/pl\/aplikacja\/\" \/>\n<meta property=\"og:locale\" content=\"pl_PL\" \/>\n<meta property=\"og:type\" content=\"article\" \/>\n<meta property=\"og:title\" content=\"Lamalucky App | Oficjalna Aplikacja na Android &amp; iOS\" \/>\n<meta property=\"og:description\" content=\"Lamalucky App \u2013 pobierz oficjaln\u0105 aplikacj\u0119 kasynow\u0105 na Android i iOS i ciesz si\u0119 p\u0142ynnym graniem gdziekolwiek zaprowadzi Ci\u0119 \u017cycie. Uzyskaj dost\u0119p do wp\u0142at jednym dotkni\u0119ciem, konfigurowalnych powiadomie\u0144 i ekskluzywnych promocji tylko na urz\u0105dzenia mobilne z Lama Lucky.\" \/>\n<meta property=\"og:url\" content=\"https:\/\/thelamalucky.net\/pl\/aplikacja\/\" \/>\n<meta property=\"og:site_name\" content=\"lamalucky\" \/>\n<meta property=\"article:modified_time\" content=\"2026-04-14T08:55:57+00:00\" \/>\n<meta name=\"twitter:card\" content=\"summary_large_image\" \/>\n<meta name=\"twitter:label1\" content=\"Est. reading time\" \/>\n\t<meta name=\"twitter:data1\" content=\"2 minutes\" \/>\n<script type=\"application\/ld+json\" class=\"yoast-schema-graph\">{\"@context\":\"https:\/\/schema.org\",\"@graph\":[{\"@type\":\"WebPage\",\"@id\":\"https:\/\/thelamalucky.net\/pl\/aplikacja\/\",\"url\":\"https:\/\/thelamalucky.net\/pl\/aplikacja\/\",\"name\":\"Lamalucky App | Oficjalna Aplikacja na Android & iOS\",\"isPartOf\":{\"@id\":\"https:\/\/thelamalucky.net\/pl\/#website\"},\"datePublished\":\"2026-01-20T12:08:23+00:00\",\"dateModified\":\"2026-04-14T08:55:57+00:00\",\"description\":\"Lamalucky App \u2013 pobierz oficjaln\u0105 aplikacj\u0119 kasynow\u0105 na Android i iOS i ciesz si\u0119 p\u0142ynnym graniem gdziekolwiek zaprowadzi Ci\u0119 \u017cycie. Uzyskaj dost\u0119p do wp\u0142at jednym dotkni\u0119ciem, konfigurowalnych powiadomie\u0144 i ekskluzywnych promocji tylko na urz\u0105dzenia mobilne z Lama Lucky.\",\"breadcrumb\":{\"@id\":\"https:\/\/thelamalucky.net\/pl\/aplikacja\/#breadcrumb\"},\"inLanguage\":\"pl-PL\",\"potentialAction\":[{\"@type\":\"ReadAction\",\"target\":[\"https:\/\/thelamalucky.net\/pl\/aplikacja\/\"]}]},{\"@type\":\"BreadcrumbList\",\"@id\":\"https:\/\/thelamalucky.net\/pl\/aplikacja\/#breadcrumb\",\"itemListElement\":[{\"@type\":\"ListItem\",\"position\":1,\"name\":\"Lamalucky\",\"item\":\"https:\/\/thelamalucky.net\/pl\/\"},{\"@type\":\"ListItem\",\"position\":2,\"name\":\"Aplikacja\"}]},{\"@type\":\"WebSite\",\"@id\":\"https:\/\/thelamalucky.net\/pl\/#website\",\"url\":\"https:\/\/thelamalucky.net\/pl\/\",\"name\":\"Lamalucky\",\"description\":\"\",\"publisher\":{\"@id\":\"https:\/\/thelamalucky.net\/pl\/#organization\"},\"potentialAction\":[{\"@type\":\"SearchAction\",\"target\":{\"@type\":\"EntryPoint\",\"urlTemplate\":\"https:\/\/thelamalucky.net\/pl\/?s={search_term_string}\"},\"query-input\":{\"@type\":\"PropertyValueSpecification\",\"valueRequired\":true,\"valueName\":\"search_term_string\"}}],\"inLanguage\":\"pl-PL\"},{\"@type\":\"Organization\",\"@id\":\"https:\/\/thelamalucky.net\/pl\/#organization\",\"name\":\"Lamalucky\",\"url\":\"https:\/\/thelamalucky.net\/pl\/\",\"logo\":{\"@type\":\"ImageObject\",\"inLanguage\":\"pl-PL\",\"@id\":\"https:\/\/thelamalucky.net\/pl\/#\/schema\/logo\/image\/\",\"url\":\"https:\/\/thelamalucky.net\/wp-content\/uploads\/2026\/04\/lamalucky-favicon.png\",\"contentUrl\":\"https:\/\/thelamalucky.net\/wp-content\/uploads\/2026\/04\/lamalucky-favicon.png\",\"width\":28,\"height\":24,\"caption\":\"Lamalucky\"},\"image\":{\"@id\":\"https:\/\/thelamalucky.net\/pl\/#\/schema\/logo\/image\/\"}}]}<\/script>\n<!-- \/ Yoast SEO plugin. -->","yoast_head_json":{"title":"Lamalucky App | Oficjalna Aplikacja na Android & iOS","description":"Lamalucky App \u2013 pobierz oficjaln\u0105 aplikacj\u0119 kasynow\u0105 na Android i iOS i ciesz si\u0119 p\u0142ynnym graniem gdziekolwiek zaprowadzi Ci\u0119 \u017cycie. Uzyskaj dost\u0119p do wp\u0142at jednym dotkni\u0119ciem, konfigurowalnych powiadomie\u0144 i ekskluzywnych promocji tylko na urz\u0105dzenia mobilne z Lama Lucky.","robots":{"index":"index","follow":"follow","max-snippet":"max-snippet:-1","max-image-preview":"max-image-preview:large","max-video-preview":"max-video-preview:-1"},"canonical":"https:\/\/thelamalucky.net\/pl\/aplikacja\/","og_locale":"pl_PL","og_type":"article","og_title":"Lamalucky App | Oficjalna Aplikacja na Android & iOS","og_description":"Lamalucky App \u2013 pobierz oficjaln\u0105 aplikacj\u0119 kasynow\u0105 na Android i iOS i ciesz si\u0119 p\u0142ynnym graniem gdziekolwiek zaprowadzi Ci\u0119 \u017cycie. Uzyskaj dost\u0119p do wp\u0142at jednym dotkni\u0119ciem, konfigurowalnych powiadomie\u0144 i ekskluzywnych promocji tylko na urz\u0105dzenia mobilne z Lama Lucky.","og_url":"https:\/\/thelamalucky.net\/pl\/aplikacja\/","og_site_name":"lamalucky","article_modified_time":"2026-04-14T08:55:57+00:00","twitter_card":"summary_large_image","twitter_misc":{"Est. reading time":"2 minutes"},"schema":{"@context":"https:\/\/schema.org","@graph":[{"@type":"WebPage","@id":"https:\/\/thelamalucky.net\/pl\/aplikacja\/","url":"https:\/\/thelamalucky.net\/pl\/aplikacja\/","name":"Lamalucky App | Oficjalna Aplikacja na Android & iOS","isPartOf":{"@id":"https:\/\/thelamalucky.net\/pl\/#website"},"datePublished":"2026-01-20T12:08:23+00:00","dateModified":"2026-04-14T08:55:57+00:00","description":"Lamalucky App \u2013 pobierz oficjaln\u0105 aplikacj\u0119 kasynow\u0105 na Android i iOS i ciesz si\u0119 p\u0142ynnym graniem gdziekolwiek zaprowadzi Ci\u0119 \u017cycie. Uzyskaj dost\u0119p do wp\u0142at jednym dotkni\u0119ciem, konfigurowalnych powiadomie\u0144 i ekskluzywnych promocji tylko na urz\u0105dzenia mobilne z Lama Lucky.","breadcrumb":{"@id":"https:\/\/thelamalucky.net\/pl\/aplikacja\/#breadcrumb"},"inLanguage":"pl-PL","potentialAction":[{"@type":"ReadAction","target":["https:\/\/thelamalucky.net\/pl\/aplikacja\/"]}]},{"@type":"BreadcrumbList","@id":"https:\/\/thelamalucky.net\/pl\/aplikacja\/#breadcrumb","itemListElement":[{"@type":"ListItem","position":1,"name":"Lamalucky","item":"https:\/\/thelamalucky.net\/pl\/"},{"@type":"ListItem","position":2,"name":"Aplikacja"}]},{"@type":"WebSite","@id":"https:\/\/thelamalucky.net\/pl\/#website","url":"https:\/\/thelamalucky.net\/pl\/","name":"Lamalucky","description":"","publisher":{"@id":"https:\/\/thelamalucky.net\/pl\/#organization"},"potentialAction":[{"@type":"SearchAction","target":{"@type":"EntryPoint","urlTemplate":"https:\/\/thelamalucky.net\/pl\/?s={search_term_string}"},"query-input":{"@type":"PropertyValueSpecification","valueRequired":true,"valueName":"search_term_string"}}],"inLanguage":"pl-PL"},{"@type":"Organization","@id":"https:\/\/thelamalucky.net\/pl\/#organization","name":"Lamalucky","url":"https:\/\/thelamalucky.net\/pl\/","logo":{"@type":"ImageObject","inLanguage":"pl-PL","@id":"https:\/\/thelamalucky.net\/pl\/#\/schema\/logo\/image\/","url":"https:\/\/thelamalucky.net\/wp-content\/uploads\/2026\/04\/lamalucky-favicon.png","contentUrl":"https:\/\/thelamalucky.net\/wp-content\/uploads\/2026\/04\/lamalucky-favicon.png","width":28,"height":24,"caption":"Lamalucky"},"image":{"@id":"https:\/\/thelamalucky.net\/pl\/#\/schema\/logo\/image\/"}}]}},"_links":{"self":[{"href":"https:\/\/thelamalucky.net\/pl\/wp-json\/wp\/v2\/pages\/1447"}],"collection":[{"href":"https:\/\/thelamalucky.net\/pl\/wp-json\/wp\/v2\/pages"}],"about":[{"href":"https:\/\/thelamalucky.net\/pl\/wp-json\/wp\/v2\/types\/page"}],"author":[{"embeddable":true,"href":"https:\/\/thelamalucky.net\/pl\/wp-json\/wp\/v2\/users\/1"}],"replies":[{"embeddable":true,"href":"https:\/\/thelamalucky.net\/pl\/wp-json\/wp\/v2\/comments?post=1447"}],"version-history":[{"count":4,"href":"https:\/\/thelamalucky.net\/pl\/wp-json\/wp\/v2\/pages\/1447\/revisions"}],"predecessor-version":[{"id":2073,"href":"https:\/\/thelamalucky.net\/pl\/wp-json\/wp\/v2\/pages\/1447\/revisions\/2073"}],"wp:attachment":[{"href":"https:\/\/thelamalucky.net\/pl\/wp-json\/wp\/v2\/media?parent=1447"}],"curies":[{"name":"wp","href":"https:\/\/api.w.org\/{rel}","templated":true}]}}