{"id":1486,"date":"2026-01-20T12:11:11","date_gmt":"2026-01-20T12:11:11","guid":{"rendered":"https:\/\/bonuskongcasino.com\/login-and-registration\/"},"modified":"2026-04-14T09:58:00","modified_gmt":"2026-04-14T08:58:00","slug":"logowanie-i-rejestracja","status":"publish","type":"page","link":"https:\/\/thelamalucky.net\/pl\/logowanie-i-rejestracja\/","title":{"rendered":"Logowanie i rejestracja"},"content":{"rendered":"<h1>Logowanie do Lamalucky<\/h1>\n<p>Je\u015bli chcesz wej\u015b\u0107 do ekskluzywnego \u015bwiata online naszego kasyna, to Lamalucky login jest w\u0142a\u015bnie dla Ciebie. To nasze wyj\u0105tkowe wej\u015bcie do \u015bwiata zabawnych gier i szerokiego wyboru fantastycznych funkcji kasyna Lama Lucky, kt\u00f3rych nigdy nie zapomnisz. Zapewniamy bezpieczny i sprawny proces logowania oraz wieloj\u0119zyczn\u0105 obs\u0142ug\u0119, a nasi drodzy polscy gracze mog\u0105 cieszy\u0107 si\u0119 fajn\u0105 gr\u0105 online, kiedy tylko maj\u0105 na to ochot\u0119.<\/p>\n<p><div class=\"banner-wrap\" aria-label=\"Banner\"><img src=\"https:\/\/thelamalucky.net\/wp-content\/uploads\/2026\/04\/Lamalucky-banner-carousel.webp\" class=\"w-100 d-none d-lg-block img-pc main-banner-img\" alt=\"Lamalucky banner carousel\" fetchpriority=\"high\" decoding=\"async\"><img src=\"https:\/\/thelamalucky.net\/wp-content\/uploads\/2026\/04\/lamalucky-banner-mobile.webp\" class=\"w-100 d-none d-md-block d-lg-none main-banner-img\" alt=\"lamalucky banner mobile\" fetchpriority=\"high\" decoding=\"async\"><img src=\"https:\/\/thelamalucky.net\/wp-content\/uploads\/2026\/04\/lamalucky-banner-mobile.webp\" class=\"w-100 d-md-none\" alt=\"lamalucky banner mobile\" fetchpriority=\"high\" decoding=\"async\"><div class=\"banner-description\">\n<div class=\"banner-title\">Bonusy powitalne<\/div>\n<p class=\"banner-header-title\">1500 \u20ac<\/p>\n<div class=\"banner-header-AdditionalText\">+ 250 Darmowe spiny<\/div>\n<button data-item=\"homepage_banner_link\" class=\"goto m-button m-gradient-border m-button--primary m-button--large banner-button btn-orange\">\n            <div class=\"m-button-content\">\n                <span>Zarejestruj si\u0119 teraz<\/span>\n                <span><\/span>\n            <\/div>\n        <\/button>\n<\/div>\n<div class=\"WelcomePack\">\n<p><img loading=\"lazy\" decoding=\"async\" class=\"alignnone size-full wp-image-1896\" src=\"https:\/\/thelamalucky.net\/wp-content\/uploads\/2026\/04\/welcome-crown.png\" alt=\"welcome crown\" width=\"25\" height=\"26\" \/><\/p>\n<div class=\"WelcomePack-Info\">Cotygodniowy zwrot got\u00f3wki do 25%<\/div>\n<p><img loading=\"lazy\" decoding=\"async\" class=\"alignnone size-full wp-image-1896\" src=\"https:\/\/thelamalucky.net\/wp-content\/uploads\/2026\/04\/welcome-crown.png\" alt=\"welcome crown\" width=\"25\" height=\"26\" \/><\/p>\n<\/div>\n<\/div><div class=\"scrollable-content-wrap my-5\"><div class=\"scrollable-content-inner\"><h2>Procedura rejestracji w Lamalucky<\/h2>\n<p>Za\u0142o\u017cenie konta w Lamalucky Casino daje wiele mo\u017cliwo\u015bci, takich jak dost\u0119p do ekskluzywnych bonus\u00f3w, zarz\u0105dzanie kontem i du\u017ca biblioteka gier. Rejestracja jest prosta. Staramy si\u0119, aby by\u0142a bezpieczna i wygodna dla wszystkich u\u017cytkownik\u00f3w. Za\u0142o\u017cenie konta jest \u0142atwe i mo\u017cesz to zrobi\u0107 bez \u017cadnej pomocy.<\/p>\n<p>Po zarejestrowaniu si\u0119 w panelu Lama Lucky gracze mog\u0105 wp\u0142aca\u0107 pieni\u0105dze, korzysta\u0107 z promocji i monitorowa\u0107 swoj\u0105 histori\u0119 gry.<\/p>\n<p>Sk\u0105d wiadomo, \u017ce rejestracja zosta\u0142a zako\u0144czona i wszystko dzia\u0142a prawid\u0142owo?<\/p>\n<ul>\n<li>Masz e-mail i has\u0142o zapisane jako dane logowania do Lamalucky.<\/li>\n<li>W profilu Lama Lucky wprowadzi\u0142e\u015b metody wp\u0142at i wyp\u0142at.<\/li>\n<li>Przeszed\u0142e\u015b proces KYC \u2013 nasz wewn\u0119trzny proces weryfikacji.<\/li>\n<\/ul>\n<p>Zanim dokonasz pierwszej wp\u0142aty na naszej platformie, musisz przestrzega\u0107 naszych zasad odpowiedzialnej gry i przej\u015b\u0107 weryfikacj\u0119, poniewa\u017c jest to spos\u00f3b na ochron\u0119 siebie i innych graczy. Kasyno Lamalucky ceni sobie bezpiecze\u0144stwo danych. Stosujemy zaawansowane algorytmy szyfrowania, aby zabezpieczy\u0107 dane u\u017cytkownik\u00f3w. Po rejestracji gracze maj\u0105 mo\u017cliwo\u015b\u0107 \u0142atwego zarz\u0105dzania swoimi kontami, korzystania z us\u0142ug wsparcia i czerpania maksymalnych korzy\u015bci z platformy.<\/p>\n<h2>Procedura logowania do Lamalucky<\/h2>\n<p>Gdy ju\u017c si\u0119 zarejestrujesz, nadszed\u0142 czas, aby po raz pierwszy zalogowa\u0107 si\u0119 do serwisu Lamalucky! Proces logowania do konta jest szybki i bezpieczny. Wystarczy wykona\u0107 nast\u0119puj\u0105ce kroki:<\/p>\n<ol>\n<li>Otw\u00f3rz dowoln\u0105 stron\u0119 kasyna Lama Lucky.<\/li>\n<li>W prawym g\u00f3rnym rogu znajduje si\u0119 przycisk \u201eZaloguj si\u0119\u201d \u2013 kliknij go.<\/li>\n<li>Wprowad\u017a sw\u00f3j adres e-mail i zapisane has\u0142o.<\/li>\n<li>Alternatywnie mo\u017cesz zalogowa\u0107 si\u0119 za pomoc\u0105 konta w mediach spo\u0142eczno\u015bciowych, np. Google, co upro\u015bci proces logowania bez uszczerbku dla bezpiecze\u0144stwa.<\/li>\n<\/ol>\n<p>Po zalogowaniu si\u0119 gracze mog\u0105 wykonywa\u0107 r\u00f3\u017cne czynno\u015bci na swoich kontach, takie jak wp\u0142acanie pieni\u0119dzy, wyp\u0142acanie wygranych, zmiana ustawie\u0144 konta, a nawet granie w gry kasynowe na \u017cywo. Platforma zapewnia szyfrowanie TLS 1.3 dla wszystkich transakcji, gwarantuj\u0105c integralno\u015b\u0107 danych u\u017cytkownik\u00f3w i informacji finansowych. Dost\u0119pny jest r\u00f3wnie\u017c \u0142atwy w obs\u0142udze interfejs Lamalucky, kt\u00f3ry sprawia, \u017ce poruszanie si\u0119 po ca\u0142ym portfolio gier jest bardzo proste.<\/p>\n<p><img loading=\"lazy\" decoding=\"async\" class=\"alignnone size-full wp-image-1947\" src=\"https:\/\/thelamalucky.net\/wp-content\/uploads\/2026\/04\/lamalucky-Login.webp\" alt=\"lamalucky Login\" width=\"1248\" height=\"536\" srcset=\"https:\/\/thelamalucky.net\/wp-content\/uploads\/2026\/04\/lamalucky-Login.webp 1248w, https:\/\/thelamalucky.net\/wp-content\/uploads\/2026\/04\/lamalucky-Login-300x129.webp 300w, https:\/\/thelamalucky.net\/wp-content\/uploads\/2026\/04\/lamalucky-Login-1024x440.webp 1024w, https:\/\/thelamalucky.net\/wp-content\/uploads\/2026\/04\/lamalucky-Login-768x330.webp 768w\" sizes=\"(max-width: 1248px) 100vw, 1248px\" \/><\/p>\n<h3>Autoryzacja w aplikacji mobilnej Lama Lucky<\/h3>\n<p>Logowanie ze smartfona przebiega zasadniczo w ten sam spos\u00f3b. Sprawd\u017a, co nale\u017cy zrobi\u0107, aby pomy\u015blnie zalogowa\u0107 si\u0119 do Lamalucky i jakie korzy\u015bci z tego wynikaj\u0105:<\/p>\n<table>\n<tbody>\n<tr>\n<td>Wymagania dotycz\u0105ce logowania mobilnego<\/td>\n<td>Funkcje i zalety<\/td>\n<\/tr>\n<tr>\n<td>Obs\u0142ugiwane urz\u0105dzenia mobilne (smartfony, tablety)<\/td>\n<td>Umo\u017cliwia \u0142atwy dost\u0119p w dowolnym momencie, zapewniaj\u0105c wygod\u0119.<\/td>\n<\/tr>\n<tr>\n<td>Stabilne po\u0142\u0105czenie internetowe<\/td>\n<td>Zapewnia p\u0142ynne, nieprzerwane sesje gry.<\/td>\n<\/tr>\n<tr>\n<td>Aplikacja mobilna Lamalucky lub strona zoptymalizowana pod k\u0105tem urz\u0105dze\u0144 mobilnych<\/td>\n<td>Oferuje przyjazny dla u\u017cytkownika interfejs dostosowany do mniejszych ekran\u00f3w.<\/td>\n<\/tr>\n<tr>\n<td>Zarejestrowany adres e-mail i has\u0142o lub logowanie przez media spo\u0142eczno\u015bciowe<\/td>\n<td>U\u0142atwia szybkie i bezpieczne uwierzytelnianie.<\/td>\n<\/tr>\n<tr>\n<td>Uwierzytelnianie biometryczne (opcjonalne)<\/td>\n<td>Dodaje dodatkow\u0105 warstw\u0119 bezpiecze\u0144stwa dzi\u0119ki rozpoznawaniu odcisk\u00f3w palc\u00f3w lub twarzy.<\/td>\n<\/tr>\n<tr>\n<td>Kompatybilno\u015b\u0107 z urz\u0105dzeniami i aktualizacje systemu operacyjnego<\/td>\n<td>Zapewnia p\u0142ynne dzia\u0142anie dzi\u0119ki najnowszym funkcjom urz\u0105dze\u0144 i poprawkom bezpiecze\u0144stwa.<\/td>\n<\/tr>\n<\/tbody>\n<\/table>\n<p>Jak wida\u0107, logowanie do Lamalucky zapewnia natychmiastowy dost\u0119p do pulpitu nawigacyjnego z przydatnymi funkcjami i katalogiem gier. Wszystko, czego potrzebujesz, dzia\u0142a bez zarzutu; oszcz\u0119dza to czas i nie wymaga wysi\u0142ku.<\/p>\n<h2>Zarz\u0105dzanie sesjami<\/h2>\n<p>Kasyno Lamalucky to platforma, kt\u00f3ra posiada skuteczne zarz\u0105dzanie sesjami.<\/p>\n<ul>\n<li>Wszystko jest zsynchronizowane, a logowanie i wylogowanie z konta odbywa si\u0119 jednocze\u015bnie na wszystkich u\u017cywanych urz\u0105dzeniach.<\/li>\n<li>Sesje wygasaj\u0105 automatycznie, co zwi\u0119ksza bezpiecze\u0144stwo Twojego konta.<\/li>\n<li>Platforma oferuje r\u00f3wnie\u017c system logowania na wielu urz\u0105dzeniach, umo\u017cliwiaj\u0105cy graczom przegl\u0105danie aktywnych sesji i blokowanie wszelkich nieautoryzowanych dost\u0119p\u00f3w.<\/li>\n<li>Ka\u017cde logowanie do Lamalucky jest proaktywne, co zapobiega nadu\u017cyciom konta i zapewnia bezpieczn\u0105 rozgrywk\u0119.<\/li>\n<\/ul>\n<h2>FAQ<\/h2>\n<h3>Dlaczego moje konto zosta\u0142o zablokowane po wielu pr\u00f3bach logowania?<\/h3>\n<p>Blokowanie kont zwykle ma miejsce, gdy w systemie pojawia si\u0119 sygna\u0142 ostrzegawczy \u2013 mamy na my\u015bli, \u017ce dzieje si\u0119 co\u015b podejrzanego. Robimy to, aby chroni\u0107 u\u017cytkownik\u00f3w przed nieautoryzowanym dost\u0119pem. Ka\u017cda nieudana pr\u00f3ba logowania uruchamia \u015brodki bezpiecze\u0144stwa, a u\u017cytkownik mo\u017ce przywr\u00f3ci\u0107 dost\u0119p, pisz\u0105c do nas na czacie na \u017cywo lub korzystaj\u0105c z opcji odzyskiwania konta.<\/p>\n<h3>Czy mog\u0119 zmieni\u0107 swoj\u0105 nazw\u0119 u\u017cytkownika lub adres e-mail w serwisie Lama Lucky?<\/h3>\n<p>Po zalogowaniu si\u0119 do Lamalucky mo\u017cesz wprowadzi\u0107 potrzebne zmiany w panelu u\u017cytkownika. Ale nie wszystko. Gracze u\u017cywaj\u0105 ustawie\u0144 konta, aby zaktualizowa\u0107 zarejestrowany adres e-mail. Niemniej jednak mo\u017cliwo\u015b\u0107 zmiany nazwy u\u017cytkownika jest zazwyczaj ograniczona, aby unikn\u0105\u0107 pomy\u0142ek dotycz\u0105cych to\u017csamo\u015bci i niesp\u00f3jno\u015bci konta. Nie mo\u017cesz zmienia\u0107 swoich danych codziennie; wygl\u0105da\u0142oby to dziwnie. Napisz do naszego zespo\u0142u pomocy technicznej, aby uzyska\u0107 wi\u0119cej szczeg\u00f3\u0142\u00f3w.<\/p>\n<h3>Jak w\u0142\u0105czy\u0107 uwierzytelnianie dwusk\u0142adnikowe?<\/h3>\n<p>W ustawieniach bezpiecze\u0144stwa konta w kasynie Lamalucky dost\u0119pna jest funkcja uwierzytelniania dwusk\u0142adnikowego (2FA). Jest to dodatkowy \u015brodek bezpiecze\u0144stwa, kt\u00f3ry pomaga chroni\u0107 u\u017cytkownika, wymagaj\u0105c podania kodu weryfikacyjnego podczas logowania. Otrzymasz dodatkowe kody weryfikacyjne, aby uzyska\u0107 dost\u0119p do swojego konta w Lamalucky.<\/p>\n<h3>Czy zapisywanie danych logowania w przegl\u0105darce jest bezpieczne?<\/h3>\n<p>Je\u015bli ufasz swojej przegl\u0105darce i jej zabezpieczeniom, domy\u015blny mened\u017cer hase\u0142 jest w porz\u0105dku. Zapisywanie hase\u0142 w przegl\u0105darce jest powszechn\u0105 praktyk\u0105, pod warunkiem, \u017ce masz silne has\u0142o i stosujesz inne \u015brodki bezpiecze\u0144stwa \u2013 to jedyny warunek. Lama Lucky sugeruje, aby\u015b znalaz\u0142 jeszcze bezpieczniejsze mened\u017cery hase\u0142, aby uzyska\u0107 silniejsze szyfrowanie i kontrol\u0119 nad danymi logowania do Lamalucky.<\/p>\n<\/div><\/div><\/p>\n","protected":false},"excerpt":{"rendered":"<p>Logowanie do Lamalucky Je\u015bli chcesz wej\u015b\u0107 do ekskluzywnego \u015bwiata online naszego kasyna, to Lamalucky login jest w\u0142a\u015bnie dla Ciebie. To nasze wyj\u0105tkowe wej\u015bcie do \u015bwiata zabawnych gier i szerokiego wyboru fantastycznych funkcji kasyna Lama Lucky, kt\u00f3rych nigdy nie zapomnisz. Zapewniamy bezpieczny i sprawny proces logowania oraz wieloj\u0119zyczn\u0105 obs\u0142ug\u0119, a nasi drodzy polscy gracze mog\u0105 cieszy\u0107 [&hellip;]<\/p>\n","protected":false},"author":1,"featured_media":0,"parent":0,"menu_order":0,"comment_status":"closed","ping_status":"closed","template":"template-builder.php","meta":{"_acf_changed":false,"inline_featured_image":false,"footnotes":""},"class_list":["post-1486","page","type-page","status-publish","hentry"],"acf":[],"yoast_head":"<!-- This site is optimized with the Yoast SEO plugin v24.4 - https:\/\/yoast.com\/wordpress\/plugins\/seo\/ -->\n<title>Lamalucky Casino Login &amp; Rejestracja | Bezpieczny Dost\u0119p<\/title>\n<meta name=\"description\" content=\"Lamalucky Casino Login \u2013 utw\u00f3rz sw\u00f3j profil gracza w mniej ni\u017c minut\u0119 lub zaloguj si\u0119 z szyfrowaniem na poziomie wojskowym dla pe\u0142nego spokoju ducha. \u015aled\u017a post\u0119py zak\u0142ad\u00f3w, prze\u0142\u0105czaj si\u0119 mi\u0119dzy metodami p\u0142atno\u015bci i aktywuj kody promocyjne natychmiast w Lama Lucky.\" \/>\n<meta name=\"robots\" content=\"index, follow, max-snippet:-1, max-image-preview:large, max-video-preview:-1\" \/>\n<link rel=\"canonical\" href=\"https:\/\/thelamalucky.net\/pl\/logowanie-i-rejestracja\/\" \/>\n<meta property=\"og:locale\" content=\"pl_PL\" \/>\n<meta property=\"og:type\" content=\"article\" \/>\n<meta property=\"og:title\" content=\"Lamalucky Casino Login &amp; Rejestracja | Bezpieczny Dost\u0119p\" \/>\n<meta property=\"og:description\" content=\"Lamalucky Casino Login \u2013 utw\u00f3rz sw\u00f3j profil gracza w mniej ni\u017c minut\u0119 lub zaloguj si\u0119 z szyfrowaniem na poziomie wojskowym dla pe\u0142nego spokoju ducha. \u015aled\u017a post\u0119py zak\u0142ad\u00f3w, prze\u0142\u0105czaj si\u0119 mi\u0119dzy metodami p\u0142atno\u015bci i aktywuj kody promocyjne natychmiast w Lama Lucky.\" \/>\n<meta property=\"og:url\" content=\"https:\/\/thelamalucky.net\/pl\/logowanie-i-rejestracja\/\" \/>\n<meta property=\"og:site_name\" content=\"lamalucky\" \/>\n<meta property=\"article:modified_time\" content=\"2026-04-14T08:58:00+00:00\" \/>\n<meta name=\"twitter:card\" content=\"summary_large_image\" \/>\n<meta name=\"twitter:label1\" content=\"Est. reading time\" \/>\n\t<meta name=\"twitter:data1\" content=\"1 minute\" \/>\n<script type=\"application\/ld+json\" class=\"yoast-schema-graph\">{\"@context\":\"https:\/\/schema.org\",\"@graph\":[{\"@type\":\"WebPage\",\"@id\":\"https:\/\/thelamalucky.net\/pl\/logowanie-i-rejestracja\/\",\"url\":\"https:\/\/thelamalucky.net\/pl\/logowanie-i-rejestracja\/\",\"name\":\"Lamalucky Casino Login & Rejestracja | Bezpieczny Dost\u0119p\",\"isPartOf\":{\"@id\":\"https:\/\/thelamalucky.net\/pl\/#website\"},\"datePublished\":\"2026-01-20T12:11:11+00:00\",\"dateModified\":\"2026-04-14T08:58:00+00:00\",\"description\":\"Lamalucky Casino Login \u2013 utw\u00f3rz sw\u00f3j profil gracza w mniej ni\u017c minut\u0119 lub zaloguj si\u0119 z szyfrowaniem na poziomie wojskowym dla pe\u0142nego spokoju ducha. \u015aled\u017a post\u0119py zak\u0142ad\u00f3w, prze\u0142\u0105czaj si\u0119 mi\u0119dzy metodami p\u0142atno\u015bci i aktywuj kody promocyjne natychmiast w Lama Lucky.\",\"breadcrumb\":{\"@id\":\"https:\/\/thelamalucky.net\/pl\/logowanie-i-rejestracja\/#breadcrumb\"},\"inLanguage\":\"pl-PL\",\"potentialAction\":[{\"@type\":\"ReadAction\",\"target\":[\"https:\/\/thelamalucky.net\/pl\/logowanie-i-rejestracja\/\"]}]},{\"@type\":\"BreadcrumbList\",\"@id\":\"https:\/\/thelamalucky.net\/pl\/logowanie-i-rejestracja\/#breadcrumb\",\"itemListElement\":[{\"@type\":\"ListItem\",\"position\":1,\"name\":\"Lamalucky\",\"item\":\"https:\/\/thelamalucky.net\/pl\/\"},{\"@type\":\"ListItem\",\"position\":2,\"name\":\"Logowanie i rejestracja\"}]},{\"@type\":\"WebSite\",\"@id\":\"https:\/\/thelamalucky.net\/pl\/#website\",\"url\":\"https:\/\/thelamalucky.net\/pl\/\",\"name\":\"Lamalucky\",\"description\":\"\",\"publisher\":{\"@id\":\"https:\/\/thelamalucky.net\/pl\/#organization\"},\"potentialAction\":[{\"@type\":\"SearchAction\",\"target\":{\"@type\":\"EntryPoint\",\"urlTemplate\":\"https:\/\/thelamalucky.net\/pl\/?s={search_term_string}\"},\"query-input\":{\"@type\":\"PropertyValueSpecification\",\"valueRequired\":true,\"valueName\":\"search_term_string\"}}],\"inLanguage\":\"pl-PL\"},{\"@type\":\"Organization\",\"@id\":\"https:\/\/thelamalucky.net\/pl\/#organization\",\"name\":\"Lamalucky\",\"url\":\"https:\/\/thelamalucky.net\/pl\/\",\"logo\":{\"@type\":\"ImageObject\",\"inLanguage\":\"pl-PL\",\"@id\":\"https:\/\/thelamalucky.net\/pl\/#\/schema\/logo\/image\/\",\"url\":\"https:\/\/thelamalucky.net\/wp-content\/uploads\/2026\/04\/lamalucky-favicon.png\",\"contentUrl\":\"https:\/\/thelamalucky.net\/wp-content\/uploads\/2026\/04\/lamalucky-favicon.png\",\"width\":28,\"height\":24,\"caption\":\"Lamalucky\"},\"image\":{\"@id\":\"https:\/\/thelamalucky.net\/pl\/#\/schema\/logo\/image\/\"}}]}<\/script>\n<!-- \/ Yoast SEO plugin. -->","yoast_head_json":{"title":"Lamalucky Casino Login & Rejestracja | Bezpieczny Dost\u0119p","description":"Lamalucky Casino Login \u2013 utw\u00f3rz sw\u00f3j profil gracza w mniej ni\u017c minut\u0119 lub zaloguj si\u0119 z szyfrowaniem na poziomie wojskowym dla pe\u0142nego spokoju ducha. \u015aled\u017a post\u0119py zak\u0142ad\u00f3w, prze\u0142\u0105czaj si\u0119 mi\u0119dzy metodami p\u0142atno\u015bci i aktywuj kody promocyjne natychmiast w Lama Lucky.","robots":{"index":"index","follow":"follow","max-snippet":"max-snippet:-1","max-image-preview":"max-image-preview:large","max-video-preview":"max-video-preview:-1"},"canonical":"https:\/\/thelamalucky.net\/pl\/logowanie-i-rejestracja\/","og_locale":"pl_PL","og_type":"article","og_title":"Lamalucky Casino Login & Rejestracja | Bezpieczny Dost\u0119p","og_description":"Lamalucky Casino Login \u2013 utw\u00f3rz sw\u00f3j profil gracza w mniej ni\u017c minut\u0119 lub zaloguj si\u0119 z szyfrowaniem na poziomie wojskowym dla pe\u0142nego spokoju ducha. \u015aled\u017a post\u0119py zak\u0142ad\u00f3w, prze\u0142\u0105czaj si\u0119 mi\u0119dzy metodami p\u0142atno\u015bci i aktywuj kody promocyjne natychmiast w Lama Lucky.","og_url":"https:\/\/thelamalucky.net\/pl\/logowanie-i-rejestracja\/","og_site_name":"lamalucky","article_modified_time":"2026-04-14T08:58:00+00:00","twitter_card":"summary_large_image","twitter_misc":{"Est. reading time":"1 minute"},"schema":{"@context":"https:\/\/schema.org","@graph":[{"@type":"WebPage","@id":"https:\/\/thelamalucky.net\/pl\/logowanie-i-rejestracja\/","url":"https:\/\/thelamalucky.net\/pl\/logowanie-i-rejestracja\/","name":"Lamalucky Casino Login & Rejestracja | Bezpieczny Dost\u0119p","isPartOf":{"@id":"https:\/\/thelamalucky.net\/pl\/#website"},"datePublished":"2026-01-20T12:11:11+00:00","dateModified":"2026-04-14T08:58:00+00:00","description":"Lamalucky Casino Login \u2013 utw\u00f3rz sw\u00f3j profil gracza w mniej ni\u017c minut\u0119 lub zaloguj si\u0119 z szyfrowaniem na poziomie wojskowym dla pe\u0142nego spokoju ducha. \u015aled\u017a post\u0119py zak\u0142ad\u00f3w, prze\u0142\u0105czaj si\u0119 mi\u0119dzy metodami p\u0142atno\u015bci i aktywuj kody promocyjne natychmiast w Lama Lucky.","breadcrumb":{"@id":"https:\/\/thelamalucky.net\/pl\/logowanie-i-rejestracja\/#breadcrumb"},"inLanguage":"pl-PL","potentialAction":[{"@type":"ReadAction","target":["https:\/\/thelamalucky.net\/pl\/logowanie-i-rejestracja\/"]}]},{"@type":"BreadcrumbList","@id":"https:\/\/thelamalucky.net\/pl\/logowanie-i-rejestracja\/#breadcrumb","itemListElement":[{"@type":"ListItem","position":1,"name":"Lamalucky","item":"https:\/\/thelamalucky.net\/pl\/"},{"@type":"ListItem","position":2,"name":"Logowanie i rejestracja"}]},{"@type":"WebSite","@id":"https:\/\/thelamalucky.net\/pl\/#website","url":"https:\/\/thelamalucky.net\/pl\/","name":"Lamalucky","description":"","publisher":{"@id":"https:\/\/thelamalucky.net\/pl\/#organization"},"potentialAction":[{"@type":"SearchAction","target":{"@type":"EntryPoint","urlTemplate":"https:\/\/thelamalucky.net\/pl\/?s={search_term_string}"},"query-input":{"@type":"PropertyValueSpecification","valueRequired":true,"valueName":"search_term_string"}}],"inLanguage":"pl-PL"},{"@type":"Organization","@id":"https:\/\/thelamalucky.net\/pl\/#organization","name":"Lamalucky","url":"https:\/\/thelamalucky.net\/pl\/","logo":{"@type":"ImageObject","inLanguage":"pl-PL","@id":"https:\/\/thelamalucky.net\/pl\/#\/schema\/logo\/image\/","url":"https:\/\/thelamalucky.net\/wp-content\/uploads\/2026\/04\/lamalucky-favicon.png","contentUrl":"https:\/\/thelamalucky.net\/wp-content\/uploads\/2026\/04\/lamalucky-favicon.png","width":28,"height":24,"caption":"Lamalucky"},"image":{"@id":"https:\/\/thelamalucky.net\/pl\/#\/schema\/logo\/image\/"}}]}},"_links":{"self":[{"href":"https:\/\/thelamalucky.net\/pl\/wp-json\/wp\/v2\/pages\/1486"}],"collection":[{"href":"https:\/\/thelamalucky.net\/pl\/wp-json\/wp\/v2\/pages"}],"about":[{"href":"https:\/\/thelamalucky.net\/pl\/wp-json\/wp\/v2\/types\/page"}],"author":[{"embeddable":true,"href":"https:\/\/thelamalucky.net\/pl\/wp-json\/wp\/v2\/users\/1"}],"replies":[{"embeddable":true,"href":"https:\/\/thelamalucky.net\/pl\/wp-json\/wp\/v2\/comments?post=1486"}],"version-history":[{"count":3,"href":"https:\/\/thelamalucky.net\/pl\/wp-json\/wp\/v2\/pages\/1486\/revisions"}],"predecessor-version":[{"id":2075,"href":"https:\/\/thelamalucky.net\/pl\/wp-json\/wp\/v2\/pages\/1486\/revisions\/2075"}],"wp:attachment":[{"href":"https:\/\/thelamalucky.net\/pl\/wp-json\/wp\/v2\/media?parent=1486"}],"curies":[{"name":"wp","href":"https:\/\/api.w.org\/{rel}","templated":true}]}}